{"id":9704,"date":"2022-03-30T19:08:41","date_gmt":"2022-03-30T17:08:41","guid":{"rendered":"https:\/\/ir.sggw.edu.pl\/?page_id=9704"},"modified":"2025-11-18T20:05:21","modified_gmt":"2025-11-18T19:05:21","slug":"employees-and-phd-students","status":"publish","type":"page","link":"https:\/\/ir.sggw.edu.pl\/en\/institute-of-agriculture\/about-the-institute\/department-of-agronomy\/employees-and-phd-students\/","title":{"rendered":"Employees and PhD students"},"content":{"rendered":"\t\t<div data-elementor-type=\"wp-page\" data-elementor-id=\"9704\" class=\"elementor elementor-9704\" data-elementor-post-type=\"page\">\n\t\t\t\t\t\t<section class=\"elementor-section elementor-top-section elementor-element elementor-element-bc7b82c elementor-section-boxed elementor-section-height-default elementor-section-height-default\" data-id=\"bc7b82c\" data-element_type=\"section\">\n\t\t\t\t\t\t<div class=\"elementor-container elementor-column-gap-default\">\n\t\t\t\t\t<div class=\"elementor-column elementor-col-100 elementor-top-column elementor-element elementor-element-8238f91\" data-id=\"8238f91\" data-element_type=\"column\">\n\t\t\t<div class=\"elementor-widget-wrap elementor-element-populated\">\n\t\t\t\t\t\t<div class=\"elementor-element elementor-element-6cedaea elementor-widget elementor-widget-wp-widget-bcn_widget\" data-id=\"6cedaea\" data-element_type=\"widget\" data-widget_type=\"wp-widget-bcn_widget.default\">\n\t\t\t\t<div class=\"elementor-widget-container\">\n\t\t\t<div class=\"mn-grid breadcrumb\">\n                                    <div class=\"breadcrumb-inner mn-grid-12\"><div class=\"breadcrumbs\" vocab=\"https:\/\/schema.org\/\" typeof=\"BreadcrumbList\"><span property=\"itemListElement\" typeof=\"ListItem\"><a property=\"item\" typeof=\"WebPage\" title=\"Go to SGGW Witryn.\" href=\"https:\/\/www.sggw.edu.pl\/\" class=\"main-home\" ><span property=\"name\">SGGW Witryn<\/span><\/a><meta property=\"position\" content=\"1\"><\/span> \/ <span property=\"itemListElement\" typeof=\"ListItem\"><a property=\"item\" typeof=\"WebPage\" title=\"Go to Instytut Rolnictwa.\" href=\"https:\/\/ir.sggw.edu.pl\/en\/\" class=\"home\" aria-current=\"page\"><span property=\"name\">Home<\/span><\/a><meta property=\"position\" content=\"2\"><\/span><\/div>    <\/div>\n                                <\/div>\t\t<\/div>\n\t\t\t\t<\/div>\n\t\t\t\t\t<\/div>\n\t\t<\/div>\n\t\t\t\t\t<\/div>\n\t\t<\/section>\n\t\t\t\t<section class=\"elementor-section elementor-top-section elementor-element elementor-element-767500e elementor-section-boxed elementor-section-height-default elementor-section-height-default\" data-id=\"767500e\" data-element_type=\"section\">\n\t\t\t\t\t\t<div class=\"elementor-container elementor-column-gap-default\">\n\t\t\t\t\t<div class=\"elementor-column elementor-col-100 elementor-top-column elementor-element elementor-element-5805d6f\" data-id=\"5805d6f\" data-element_type=\"column\">\n\t\t\t<div class=\"elementor-widget-wrap elementor-element-populated\">\n\t\t\t\t\t\t<div class=\"elementor-element elementor-element-59388d8 elementor-widget elementor-widget-w24\" data-id=\"59388d8\" data-element_type=\"widget\" data-widget_type=\"w24.default\">\n\t\t\t\t<div class=\"elementor-widget-container\">\n\t\t\t<section>\n                    <div class=\"mn-grid\">\n                        <div class=\"mn-grid-12 btn color-6\"><span class=\"txt\">Scientific profiles of employees<\/span><\/div>\n                    <\/div>\n                <\/section>\t\t<\/div>\n\t\t\t\t<\/div>\n\t\t\t\t\t<\/div>\n\t\t<\/div>\n\t\t\t\t\t<\/div>\n\t\t<\/section>\n\t\t\t\t<section class=\"elementor-section elementor-top-section elementor-element elementor-element-8e6207e elementor-section-boxed elementor-section-height-default elementor-section-height-default\" data-id=\"8e6207e\" data-element_type=\"section\">\n\t\t\t\t\t\t<div class=\"elementor-container elementor-column-gap-default\">\n\t\t\t\t\t<div class=\"elementor-column elementor-col-100 elementor-top-column elementor-element elementor-element-f07bcb6\" data-id=\"f07bcb6\" data-element_type=\"column\">\n\t\t\t<div class=\"elementor-widget-wrap elementor-element-populated\">\n\t\t\t\t\t\t<div class=\"elementor-element elementor-element-4bf447a elementor-widget elementor-widget-post-title\" data-id=\"4bf447a\" data-element_type=\"widget\" data-widget_type=\"post-title.default\">\n\t\t\t\t<div class=\"elementor-widget-container\">\n\t\t\t<section>\n                    <div class=\"mn-grid entry-header-inner section-inner medium\">\n                        <h1 class=\"mn-grid-12 entry-title\" style=\"\">\n                            Employees and PhD students\n                        <\/h1>\n                    <\/div>\n                <\/section>\t\t<\/div>\n\t\t\t\t<\/div>\n\t\t\t\t\t<\/div>\n\t\t<\/div>\n\t\t\t\t\t<\/div>\n\t\t<\/section>\n\t\t\t\t<section class=\"elementor-section elementor-top-section elementor-element elementor-element-23eb0b9 elementor-section-boxed elementor-section-height-default elementor-section-height-default\" data-id=\"23eb0b9\" data-element_type=\"section\">\n\t\t\t\t\t\t<div class=\"elementor-container elementor-column-gap-default\">\n\t\t\t\t\t<div class=\"elementor-column elementor-col-100 elementor-top-column elementor-element elementor-element-2d09f39\" data-id=\"2d09f39\" data-element_type=\"column\">\n\t\t\t<div class=\"elementor-widget-wrap elementor-element-populated\">\n\t\t\t\t\t\t<div class=\"elementor-element elementor-element-4bedc5e elementor-widget elementor-widget-w33\" data-id=\"4bedc5e\" data-element_type=\"widget\" data-widget_type=\"w33.default\">\n\t\t\t\t<div class=\"elementor-widget-container\">\n\t\t\t<section>\n            <div class=\"mn-grid\">\n                <div class=\"mn-vertical-separator-x2\">\n                    \n                <\/div>\n            <\/section>\t\t<\/div>\n\t\t\t\t<\/div>\n\t\t\t\t<div class=\"elementor-element elementor-element-567201a elementor-widget elementor-widget-w1_2_3\" data-id=\"567201a\" data-element_type=\"widget\" data-widget_type=\"w1_2_3.default\">\n\t\t\t\t<div class=\"elementor-widget-container\">\n\t\t\t<section>\n                    <div class=\"mn-grid\">\n                        <h3  class=\"mn-grid-12 mn-section-title2\">\n                            Research and teaching staff\n                        <\/h3>\n                    <\/div>\n                <\/section>\t\t<\/div>\n\t\t\t\t<\/div>\n\t\t\t\t\t<\/div>\n\t\t<\/div>\n\t\t\t\t\t<\/div>\n\t\t<\/section>\n\t\t\t\t<section class=\"elementor-section elementor-top-section elementor-element elementor-element-f37bfe9 elementor-section-boxed elementor-section-height-default elementor-section-height-default\" data-id=\"f37bfe9\" data-element_type=\"section\">\n\t\t\t\t\t\t<div class=\"elementor-container elementor-column-gap-default\">\n\t\t\t\t\t<div class=\"elementor-column elementor-col-100 elementor-top-column elementor-element elementor-element-e82fb61\" data-id=\"e82fb61\" data-element_type=\"column\">\n\t\t\t<div class=\"elementor-widget-wrap\">\n\t\t\t\t\t\t\t<\/div>\n\t\t<\/div>\n\t\t\t\t\t<\/div>\n\t\t<\/section>\n\t\t\t\t<section class=\"elementor-section elementor-top-section elementor-element elementor-element-aa043db elementor-section-boxed elementor-section-height-default elementor-section-height-default\" data-id=\"aa043db\" data-element_type=\"section\">\n\t\t\t\t\t\t<div class=\"elementor-container elementor-column-gap-default\">\n\t\t\t\t\t<div class=\"elementor-column elementor-col-100 elementor-top-column elementor-element elementor-element-8171946\" data-id=\"8171946\" data-element_type=\"column\">\n\t\t\t<div class=\"elementor-widget-wrap elementor-element-populated\">\n\t\t\t\t\t\t<div class=\"elementor-element elementor-element-ed20766 elementor-widget elementor-widget-w33\" data-id=\"ed20766\" data-element_type=\"widget\" data-widget_type=\"w33.default\">\n\t\t\t\t<div class=\"elementor-widget-container\">\n\t\t\t<section>\n            <div class=\"mn-grid\">\n                <div class=\"mn-vertical-separator-x2\">\n                    \n                <\/div>\n            <\/section>\t\t<\/div>\n\t\t\t\t<\/div>\n\t\t\t\t<div class=\"elementor-element elementor-element-9994134 elementor-widget elementor-widget-w12\" data-id=\"9994134\" data-element_type=\"widget\" data-widget_type=\"w12.default\">\n\t\t\t\t<div class=\"elementor-widget-container\">\n\t\t\t<section>\n                <div class=\"mn-grid\">\n                    <div class=\"mn-grid-12 mn-mod-text-links\">\n                        <p>\u00a0<\/p><ul><li><strong>Dr hab. in\u017c. Arkadiusz Artyszak<\/strong>, <strong>prof. SGGW,<\/strong>\u00a0tel. +48 22 59 32 702; e-mail: <a href=\"mailto:arkadiusz_artyszak@sggw.edu.pl\">arkadiusz_artyszak@sggw.edu.pl<\/a>\u00a0<\/li><li><strong>Dr hab. in\u017c. Irena Suwara, prof. SGGW<\/strong>, tel.+48 22 59 32 692, e-mail: <a href=\"mailto:irena_suwara@sggw.edu.pl\">irena_suwara@sggw.edu.pl<\/a><\/li><li><strong>Dr hab. in\u017c. Stanis\u0142aw Samborski, prof. SGGW<\/strong> tel. +48 22 59 32 699; e-mail: <a href=\"mailto:maria_janicka@sggw.edu.pl\">stanislaw_samborski@sggw.edu.pl<\/a><\/li><li><strong>Dr hab. in\u017c. Barbara Borawska-Jarmu\u0142owicz<\/strong>, tel. +48 22 59 32 708 e-mail: <a href=\"mailto:barbara_borawska_jarmulowicz@sggw.edu.pl\">barbara_borawska_jarmulowicz@sggw.edu.pl<\/a>\u00a0<\/li><li><strong>Dr hab. in\u017c. Maria Janicka<\/strong>, tel. +48 22 59 32 709; e-mail: <a href=\"mailto:maria_janicka@sggw.edu.pl\">maria_janicka@sggw.edu.pl<\/a><\/li><\/ul><ul><li><strong>Dr in\u017c. Agnieszka Ciesielska<\/strong>, tel. +48 22 59 32 685, fax +48 22 59 326 86; e-mail: <a href=\"mailto:agnieszka_ciesielska@sggw.edu.pl\">agnieszka_ciesielska@sggw.edu.pl\u00a0<\/a> \u00a0 \u00a0<\/li><li><strong>Dr Anna Chodkiewicz<\/strong>, tel. +48 22 59 32 701 e-mail: <a href=\"mailto:anna_wiercioch@sggw.edu.pl\">anna_wiercioch@sggw.edu.pl<\/a>\u00a0\u00a0<\/li><li><strong>Mgr in\u017c. Renata Leszczy\u0144ska<\/strong>, e-mail: <a href=\"mailto:renata_leszczynska@sggw.edu.pl\">renata_leszczynska@sggw.edu.pl<\/a><\/li><\/ul><ul><li><strong>Dr in\u017c. Gra\u017cyna Mastalerczuk<\/strong>, tel. +48 22 59 32 710 e-mail: <a href=\"mailto:grazyna_mastalerczuk@sggw.edu.pl\">grazyna_mastalerczuk@sggw.edu.pl\u00a0<\/a> \u00a0 \u00a0<\/li><li><strong>Dr Beata Michalska-Klimczak<\/strong>, tel.+48 22 59 32 705; e-mail: <a href=\"mailto:beata_michalska_klimczak@sggw.edu.pl\">beata_michalska_klimczak@sggw.edu.pl\u00a0<\/a> \u00a0 \u00a0<\/li><li><strong>Dr in\u017c. Krzysztof P\u0105gowski<\/strong>, tel. +48 22 59 32 687; e-mail: <a href=\"mailto:krzysztof_pagowski@sggw.edu.pl\">krzysztof_pagowski@sggw.edu.pl<\/a><\/li><li><strong>Dr in\u017c.\u00a0 Aneta Perzanowska,<\/strong> tel. +48 22 59 32 687; email: <a href=\"mailto:aneta_perzanowska@sggw.edu.pl\">aneta_perzanowska@sggw.edu.pl\u00a0\u00a0<\/a>\u00a0 \u00a0\u00a0<\/li><li><strong>Dr in\u017c. Magdalena Wijata,<\/strong> tel. +48 22 59 32 684;\u00a0 e-mail: <a href=\"mailto:magdalena_wijata@sggw.edu.pl\">magdalena_wijata@sggw.edu.pl<\/a><\/li><li><strong>Dr in\u017c. Anna Wysmu\u0142ek<\/strong>, tel. +48 22 59 32 685; e-mail: <a href=\"mailto:anna_wysmulek@sggw.edu.pl\">anna_wysmulek@sggw.edu.pl<\/a>\u00a0 \u00a0<\/li><li><strong>Prof. dr hab. Zdzis\u0142aw Wyszy\u0144ski<\/strong>, tel. +48 22 59 32 701; e-mail: <a href=\"mailto:zdzislaw_wyszynski@sggw.edu.pl\">zdzislaw_wyszynski@sggw.edu.pl<\/a><\/li><\/ul>\n                    <\/div>\n                <\/div>\n            <\/section>\t\t<\/div>\n\t\t\t\t<\/div>\n\t\t\t\t<div class=\"elementor-element elementor-element-74d8042 elementor-widget elementor-widget-w33\" data-id=\"74d8042\" data-element_type=\"widget\" data-widget_type=\"w33.default\">\n\t\t\t\t<div class=\"elementor-widget-container\">\n\t\t\t<section>\n            <div class=\"mn-grid\">\n                <div class=\"mn-vertical-separator-x2\">\n                    \n                <\/div>\n            <\/section>\t\t<\/div>\n\t\t\t\t<\/div>\n\t\t\t\t\t<\/div>\n\t\t<\/div>\n\t\t\t\t\t<\/div>\n\t\t<\/section>\n\t\t\t\t<section class=\"elementor-section elementor-top-section elementor-element elementor-element-f5b6286 elementor-section-boxed elementor-section-height-default elementor-section-height-default\" data-id=\"f5b6286\" data-element_type=\"section\">\n\t\t\t\t\t\t<div class=\"elementor-container elementor-column-gap-default\">\n\t\t\t\t\t<div class=\"elementor-column elementor-col-100 elementor-top-column elementor-element elementor-element-5616f0a\" data-id=\"5616f0a\" data-element_type=\"column\">\n\t\t\t<div class=\"elementor-widget-wrap elementor-element-populated\">\n\t\t\t\t\t\t<div class=\"elementor-element elementor-element-308dc31 elementor-widget elementor-widget-w1_2_3\" data-id=\"308dc31\" data-element_type=\"widget\" data-widget_type=\"w1_2_3.default\">\n\t\t\t\t<div class=\"elementor-widget-container\">\n\t\t\t<section>\n                    <div class=\"mn-grid\">\n                        <h3  class=\"mn-grid-12 mn-section-title2\">\n                            Technical staff\n                        <\/h3>\n                    <\/div>\n                <\/section>\t\t<\/div>\n\t\t\t\t<\/div>\n\t\t\t\t\t<\/div>\n\t\t<\/div>\n\t\t\t\t\t<\/div>\n\t\t<\/section>\n\t\t\t\t<section class=\"elementor-section elementor-top-section elementor-element elementor-element-270f7d3 elementor-section-boxed elementor-section-height-default elementor-section-height-default\" data-id=\"270f7d3\" data-element_type=\"section\">\n\t\t\t\t\t\t<div class=\"elementor-container elementor-column-gap-default\">\n\t\t\t\t\t<div class=\"elementor-column elementor-col-100 elementor-top-column elementor-element elementor-element-9f1d9f8\" data-id=\"9f1d9f8\" data-element_type=\"column\">\n\t\t\t<div class=\"elementor-widget-wrap elementor-element-populated\">\n\t\t\t\t\t\t<div class=\"elementor-element elementor-element-1a2263c elementor-widget elementor-widget-w12\" data-id=\"1a2263c\" data-element_type=\"widget\" data-widget_type=\"w12.default\">\n\t\t\t\t<div class=\"elementor-widget-container\">\n\t\t\t<section>\n                <div class=\"mn-grid\">\n                    <div class=\"mn-grid-12 mn-mod-text-links\">\n                        <p><strong>Mgr in\u017c. Wojciech Suwara<\/strong>, e-mail: <a href=\"mailto:wojciech_suwara@sggw.edu.pl\">wojciech_suwara@sggw.edu.pl<\/a><\/p><p><strong>In\u017c. Dominik Bednarczyk\u00a0<\/strong><\/p>\n                    <\/div>\n                <\/div>\n            <\/section>\t\t<\/div>\n\t\t\t\t<\/div>\n\t\t\t\t\t<\/div>\n\t\t<\/div>\n\t\t\t\t\t<\/div>\n\t\t<\/section>\n\t\t\t\t<section class=\"elementor-section elementor-top-section elementor-element elementor-element-43fdea7 elementor-section-boxed elementor-section-height-default elementor-section-height-default\" data-id=\"43fdea7\" data-element_type=\"section\">\n\t\t\t\t\t\t<div class=\"elementor-container elementor-column-gap-default\">\n\t\t\t\t\t<div class=\"elementor-column elementor-col-100 elementor-top-column elementor-element elementor-element-ca1ff1f\" data-id=\"ca1ff1f\" data-element_type=\"column\">\n\t\t\t<div class=\"elementor-widget-wrap elementor-element-populated\">\n\t\t\t\t\t\t<div class=\"elementor-element elementor-element-c88f6cc elementor-widget elementor-widget-w33\" data-id=\"c88f6cc\" data-element_type=\"widget\" data-widget_type=\"w33.default\">\n\t\t\t\t<div class=\"elementor-widget-container\">\n\t\t\t<section>\n            <div class=\"mn-grid\">\n                <div class=\"mn-vertical-separator-x2\">\n                    \n                <\/div>\n            <\/section>\t\t<\/div>\n\t\t\t\t<\/div>\n\t\t\t\t<div class=\"elementor-element elementor-element-d2f9d1f elementor-widget elementor-widget-w33\" data-id=\"d2f9d1f\" data-element_type=\"widget\" data-widget_type=\"w33.default\">\n\t\t\t\t<div class=\"elementor-widget-container\">\n\t\t\t<section>\n            <div class=\"mn-grid\">\n                <div class=\"mn-vertical-separator-x2\">\n                    \n                <\/div>\n            <\/section>\t\t<\/div>\n\t\t\t\t<\/div>\n\t\t\t\t\t<\/div>\n\t\t<\/div>\n\t\t\t\t\t<\/div>\n\t\t<\/section>\n\t\t\t\t<section class=\"elementor-section elementor-top-section elementor-element elementor-element-aa2e857 elementor-section-boxed elementor-section-height-default elementor-section-height-default\" data-id=\"aa2e857\" data-element_type=\"section\">\n\t\t\t\t\t\t<div class=\"elementor-container elementor-column-gap-default\">\n\t\t\t\t\t<div class=\"elementor-column elementor-col-100 elementor-top-column elementor-element elementor-element-c04618c\" data-id=\"c04618c\" data-element_type=\"column\">\n\t\t\t<div class=\"elementor-widget-wrap elementor-element-populated\">\n\t\t\t\t\t\t<div class=\"elementor-element elementor-element-df3a71b elementor-widget elementor-widget-w1_2_3\" data-id=\"df3a71b\" data-element_type=\"widget\" data-widget_type=\"w1_2_3.default\">\n\t\t\t\t<div class=\"elementor-widget-container\">\n\t\t\t<section>\n                    <div class=\"mn-grid\">\n                        <h3  class=\"mn-grid-12 mn-section-title2\">\n                            PhD students\n                        <\/h3>\n                    <\/div>\n                <\/section>\t\t<\/div>\n\t\t\t\t<\/div>\n\t\t\t\t\t<\/div>\n\t\t<\/div>\n\t\t\t\t\t<\/div>\n\t\t<\/section>\n\t\t\t\t<section class=\"elementor-section elementor-top-section elementor-element elementor-element-8434334 elementor-section-boxed elementor-section-height-default elementor-section-height-default\" data-id=\"8434334\" data-element_type=\"section\">\n\t\t\t\t\t\t<div class=\"elementor-container elementor-column-gap-default\">\n\t\t\t\t\t<div class=\"elementor-column elementor-col-100 elementor-top-column elementor-element elementor-element-c7519c8\" data-id=\"c7519c8\" data-element_type=\"column\">\n\t\t\t<div class=\"elementor-widget-wrap elementor-element-populated\">\n\t\t\t\t\t\t<div class=\"elementor-element elementor-element-0cf2cd7 elementor-widget elementor-widget-w12\" data-id=\"0cf2cd7\" data-element_type=\"widget\" data-widget_type=\"w12.default\">\n\t\t\t\t<div class=\"elementor-widget-container\">\n\t\t\t<section>\n                <div class=\"mn-grid\">\n                    <div class=\"mn-grid-12 mn-mod-text-links\">\n                        <ul><li>Mgr in\u017c. Szymon M\u0142ynek, e-mail:\u00a0<a href=\"mailto:szymon_mlynek@sggw.edu.pl\">szymon_mlynek@sggw.edu.pl<\/a><\/li><\/ul><ul><li>Faisal Anggi Pradita, e-mail:\u00a0<a href=\"mailto:faisal_pradita@sggw.edu.pl\">faisal_pradita@sggw.edu.pl<\/a><\/li><li>Mgr in\u017c.\u00a0 \u017baneta Tuchowska, e-mail:\u00a0<a href=\"mailto:zaneta_tuchowska@sggw.edu.pl\">zaneta_tuchowska@sggw.edu.pl<\/a><\/li><li>David Williams<\/li><\/ul>\n                    <\/div>\n                <\/div>\n            <\/section>\t\t<\/div>\n\t\t\t\t<\/div>\n\t\t\t\t\t<\/div>\n\t\t<\/div>\n\t\t\t\t\t<\/div>\n\t\t<\/section>\n\t\t\t\t<section class=\"elementor-section elementor-top-section elementor-element elementor-element-068b187 elementor-section-boxed elementor-section-height-default elementor-section-height-default\" data-id=\"068b187\" data-element_type=\"section\">\n\t\t\t\t\t\t<div class=\"elementor-container elementor-column-gap-default\">\n\t\t\t\t\t<div class=\"elementor-column elementor-col-100 elementor-top-column elementor-element elementor-element-7458a54\" data-id=\"7458a54\" data-element_type=\"column\">\n\t\t\t<div class=\"elementor-widget-wrap elementor-element-populated\">\n\t\t\t\t\t\t<div class=\"elementor-element elementor-element-af06f18 elementor-widget elementor-widget-w33\" data-id=\"af06f18\" data-element_type=\"widget\" data-widget_type=\"w33.default\">\n\t\t\t\t<div class=\"elementor-widget-container\">\n\t\t\t<section>\n            <div class=\"mn-grid\">\n                <div class=\"mn-vertical-separator-x2\">\n                    \n                <\/div>\n            <\/section>\t\t<\/div>\n\t\t\t\t<\/div>\n\t\t\t\t<div class=\"elementor-element elementor-element-0c7e6a3 elementor-widget elementor-widget-w33\" data-id=\"0c7e6a3\" data-element_type=\"widget\" data-widget_type=\"w33.default\">\n\t\t\t\t<div class=\"elementor-widget-container\">\n\t\t\t<section>\n            <div class=\"mn-grid\">\n                <div class=\"mn-vertical-separator-x2\">\n                    \n                <\/div>\n            <\/section>\t\t<\/div>\n\t\t\t\t<\/div>\n\t\t\t\t\t<\/div>\n\t\t<\/div>\n\t\t\t\t\t<\/div>\n\t\t<\/section>\n\t\t\t\t<section class=\"elementor-section elementor-top-section elementor-element elementor-element-edfe1b1 elementor-section-boxed elementor-section-height-default elementor-section-height-default\" data-id=\"edfe1b1\" data-element_type=\"section\">\n\t\t\t\t\t\t<div class=\"elementor-container elementor-column-gap-default\">\n\t\t\t\t\t<div class=\"elementor-column elementor-col-100 elementor-top-column elementor-element elementor-element-40174ed\" data-id=\"40174ed\" data-element_type=\"column\">\n\t\t\t<div class=\"elementor-widget-wrap elementor-element-populated\">\n\t\t\t\t\t\t<div class=\"elementor-element elementor-element-c373fd5 elementor-widget elementor-widget-w1_2_3\" data-id=\"c373fd5\" data-element_type=\"widget\" data-widget_type=\"w1_2_3.default\">\n\t\t\t\t<div class=\"elementor-widget-container\">\n\t\t\t<section>\n                    <div class=\"mn-grid\">\n                        <h3  class=\"mn-grid-12 mn-section-title2\">\n                            Retired employees\n                        <\/h3>\n                    <\/div>\n                <\/section>\t\t<\/div>\n\t\t\t\t<\/div>\n\t\t\t\t\t<\/div>\n\t\t<\/div>\n\t\t\t\t\t<\/div>\n\t\t<\/section>\n\t\t\t\t<section class=\"elementor-section elementor-top-section elementor-element elementor-element-9664e43 elementor-section-boxed elementor-section-height-default elementor-section-height-default\" data-id=\"9664e43\" data-element_type=\"section\">\n\t\t\t\t\t\t<div class=\"elementor-container elementor-column-gap-default\">\n\t\t\t\t\t<div class=\"elementor-column elementor-col-100 elementor-top-column elementor-element elementor-element-7fd11b8\" data-id=\"7fd11b8\" data-element_type=\"column\">\n\t\t\t<div class=\"elementor-widget-wrap elementor-element-populated\">\n\t\t\t\t\t\t<div class=\"elementor-element elementor-element-d2c1f7b elementor-widget elementor-widget-w12\" data-id=\"d2c1f7b\" data-element_type=\"widget\" data-widget_type=\"w12.default\">\n\t\t\t\t<div class=\"elementor-widget-container\">\n\t\t\t<section>\n                <div class=\"mn-grid\">\n                    <div class=\"mn-grid-12 mn-mod-text-links\">\n                        <ul><li>Prof. dr hab. Daniela Ostrowska<\/li><li>Prof. dr hab. Andrzej Radecki,\u00a0 tel.+48 22 59 32 680, +48 22 59 32 683; e-mail:\u00a0<a href=\"mailto:andrzej_radecki@sggw.edu.pl\">andrzej_radecki@sggw.edu.pl<\/a><\/li><li>Prof. dr hab. Jan Rozbicki, e-mail:\u00a0<a href=\"mailto:jan_rozbicki@sggw.edu.pl\">jan_rozbicki@sggw.edu.pl\u00a0<\/a>\u00a0\u00a0\u00a0<\/li><li>Prof. dr hab. Piotr Stypi\u0144ski, email:\u00a0<a href=\"mailto:piotr_stypinski@sggw.edu.pl\">piotr_stypinski@sggw.edu.pl\u00a0<\/a>\u00a0\u00a0<\/li><li>Dr hab. Wojciech Dmuchowski, prof. SGGW\u00a0 \u00a0 \u00a0<\/li><li>Dr hab. in\u017c. Stanis\u0142aw Lenart, prof. SGGW\u00a0 \u00a0\u00a0<\/li><li>Dr in\u017c. Anna Byszewska \u2013 Wzorek<\/li><li>Dr in\u017c. Jan Chmielnicki<\/li><li>Dr in\u017c. Katarzyna Kuci\u0144ska<\/li><li>Dr in\u017c. El\u017cbieta Lewicka<\/li><li>Dr in\u017c. Zofia \u0141\u0119gowiak<\/li><li>Dr in\u017c. Hanna Niemczyk<\/li><li>Dr in\u017c. Bo\u017cena Piskorz<\/li><\/ul>\n                    <\/div>\n                <\/div>\n            <\/section>\t\t<\/div>\n\t\t\t\t<\/div>\n\t\t\t\t\t<\/div>\n\t\t<\/div>\n\t\t\t\t\t<\/div>\n\t\t<\/section>\n\t\t\t\t<section class=\"elementor-section elementor-top-section elementor-element elementor-element-2080018 elementor-section-boxed elementor-section-height-default elementor-section-height-default\" data-id=\"2080018\" data-element_type=\"section\">\n\t\t\t\t\t\t<div class=\"elementor-container elementor-column-gap-default\">\n\t\t\t\t\t<div class=\"elementor-column elementor-col-100 elementor-top-column elementor-element elementor-element-e9afb4a\" data-id=\"e9afb4a\" data-element_type=\"column\">\n\t\t\t<div class=\"elementor-widget-wrap elementor-element-populated\">\n\t\t\t\t\t\t<div class=\"elementor-element elementor-element-141eb87 elementor-widget elementor-widget-w33\" data-id=\"141eb87\" data-element_type=\"widget\" data-widget_type=\"w33.default\">\n\t\t\t\t<div class=\"elementor-widget-container\">\n\t\t\t<section>\n            <div class=\"mn-grid\">\n                <div class=\"mn-vertical-separator-x2\">\n                    \n                <\/div>\n            <\/section>\t\t<\/div>\n\t\t\t\t<\/div>\n\t\t\t\t\t<\/div>\n\t\t<\/div>\n\t\t\t\t\t<\/div>\n\t\t<\/section>\n\t\t\t\t<\/div>\n\t\t","protected":false},"excerpt":{"rendered":"<p>Scientific profiles of employees Employees and PhD students Research and teaching staff \u00a0 Dr hab. in\u017c. Arkadiusz Artyszak, prof. SGGW,\u00a0tel. +48 22 59 32 702; e-mail: arkadiusz_artyszak@sggw.edu.pl\u00a0 Dr hab. in\u017c. Irena Suwara, prof. SGGW, tel.+48 22 59 32 692, e-mail: irena_suwara@sggw.edu.pl Dr hab. in\u017c. Stanis\u0142aw Samborski, prof. SGGW tel. +48 22 59 32 699; e-mail: [&hellip;]<\/p>\n","protected":false},"author":35434,"featured_media":0,"parent":1230,"menu_order":0,"comment_status":"closed","ping_status":"closed","template":"","meta":{"_acf_changed":false,"footnotes":""},"class_list":["post-9704","page","type-page","status-publish","hentry"],"acf":[],"_links":{"self":[{"href":"https:\/\/ir.sggw.edu.pl\/en\/wp-json\/wp\/v2\/pages\/9704","targetHints":{"allow":["GET"]}}],"collection":[{"href":"https:\/\/ir.sggw.edu.pl\/en\/wp-json\/wp\/v2\/pages"}],"about":[{"href":"https:\/\/ir.sggw.edu.pl\/en\/wp-json\/wp\/v2\/types\/page"}],"author":[{"embeddable":true,"href":"https:\/\/ir.sggw.edu.pl\/en\/wp-json\/wp\/v2\/users\/35434"}],"replies":[{"embeddable":true,"href":"https:\/\/ir.sggw.edu.pl\/en\/wp-json\/wp\/v2\/comments?post=9704"}],"version-history":[{"count":19,"href":"https:\/\/ir.sggw.edu.pl\/en\/wp-json\/wp\/v2\/pages\/9704\/revisions"}],"predecessor-version":[{"id":22016,"href":"https:\/\/ir.sggw.edu.pl\/en\/wp-json\/wp\/v2\/pages\/9704\/revisions\/22016"}],"up":[{"embeddable":true,"href":"https:\/\/ir.sggw.edu.pl\/en\/wp-json\/wp\/v2\/pages\/1230"}],"wp:attachment":[{"href":"https:\/\/ir.sggw.edu.pl\/en\/wp-json\/wp\/v2\/media?parent=9704"}],"curies":[{"name":"wp","href":"https:\/\/api.w.org\/{rel}","templated":true}]}}