{"id":9679,"date":"2022-03-30T18:54:02","date_gmt":"2022-03-30T16:54:02","guid":{"rendered":"https:\/\/ir.sggw.edu.pl\/?page_id=9679"},"modified":"2025-11-18T19:44:06","modified_gmt":"2025-11-18T18:44:06","slug":"didactics","status":"publish","type":"page","link":"https:\/\/ir.sggw.edu.pl\/en\/institute-of-agriculture\/about-the-institute\/department-of-agronomy\/didactics\/","title":{"rendered":"Didactics"},"content":{"rendered":"\t\t<div data-elementor-type=\"wp-page\" data-elementor-id=\"9679\" class=\"elementor elementor-9679\" data-elementor-post-type=\"page\">\n\t\t\t\t\t\t<section class=\"elementor-section elementor-top-section elementor-element elementor-element-032b987 elementor-section-boxed elementor-section-height-default elementor-section-height-default\" data-id=\"032b987\" data-element_type=\"section\">\n\t\t\t\t\t\t<div class=\"elementor-container elementor-column-gap-default\">\n\t\t\t\t\t<div class=\"elementor-column elementor-col-100 elementor-top-column elementor-element elementor-element-a155669\" data-id=\"a155669\" data-element_type=\"column\">\n\t\t\t<div class=\"elementor-widget-wrap elementor-element-populated\">\n\t\t\t\t\t\t<div class=\"elementor-element elementor-element-641917b elementor-widget elementor-widget-wp-widget-bcn_widget\" data-id=\"641917b\" data-element_type=\"widget\" data-widget_type=\"wp-widget-bcn_widget.default\">\n\t\t\t\t<div class=\"elementor-widget-container\">\n\t\t\t<div class=\"mn-grid breadcrumb\">\n                                    <div class=\"breadcrumb-inner mn-grid-12\"><div class=\"breadcrumbs\" vocab=\"https:\/\/schema.org\/\" typeof=\"BreadcrumbList\"><span property=\"itemListElement\" typeof=\"ListItem\"><a property=\"item\" typeof=\"WebPage\" title=\"Go to SGGW Witryn.\" href=\"https:\/\/www.sggw.edu.pl\/\" class=\"main-home\" ><span property=\"name\">SGGW Witryn<\/span><\/a><meta property=\"position\" content=\"1\"><\/span> \/ <span property=\"itemListElement\" typeof=\"ListItem\"><a property=\"item\" typeof=\"WebPage\" title=\"Go to Instytut Rolnictwa.\" href=\"https:\/\/ir.sggw.edu.pl\/en\/\" class=\"home\" aria-current=\"page\"><span property=\"name\">Home<\/span><\/a><meta property=\"position\" content=\"2\"><\/span><\/div>    <\/div>\n                                <\/div>\t\t<\/div>\n\t\t\t\t<\/div>\n\t\t\t\t\t<\/div>\n\t\t<\/div>\n\t\t\t\t\t<\/div>\n\t\t<\/section>\n\t\t\t\t<section class=\"elementor-section elementor-top-section elementor-element elementor-element-30ccbff elementor-section-boxed elementor-section-height-default elementor-section-height-default\" data-id=\"30ccbff\" data-element_type=\"section\">\n\t\t\t\t\t\t<div class=\"elementor-container elementor-column-gap-default\">\n\t\t\t\t\t<div class=\"elementor-column elementor-col-100 elementor-top-column elementor-element elementor-element-1636da6\" data-id=\"1636da6\" data-element_type=\"column\">\n\t\t\t<div class=\"elementor-widget-wrap elementor-element-populated\">\n\t\t\t\t\t\t<div class=\"elementor-element elementor-element-fc85eb9 elementor-widget elementor-widget-post-title\" data-id=\"fc85eb9\" data-element_type=\"widget\" data-widget_type=\"post-title.default\">\n\t\t\t\t<div class=\"elementor-widget-container\">\n\t\t\t<section>\n                    <div class=\"mn-grid entry-header-inner section-inner medium\">\n                        <h1 class=\"mn-grid-12 entry-title\" style=\"\">\n                            Didactics\n                        <\/h1>\n                    <\/div>\n                <\/section>\t\t<\/div>\n\t\t\t\t<\/div>\n\t\t\t\t\t<\/div>\n\t\t<\/div>\n\t\t\t\t\t<\/div>\n\t\t<\/section>\n\t\t\t\t<section class=\"elementor-section elementor-top-section elementor-element elementor-element-aa403c6 elementor-section-boxed elementor-section-height-default elementor-section-height-default\" data-id=\"aa403c6\" data-element_type=\"section\">\n\t\t\t\t\t\t<div class=\"elementor-container elementor-column-gap-default\">\n\t\t\t\t\t<div class=\"elementor-column elementor-col-100 elementor-top-column elementor-element elementor-element-7bc5d9a\" data-id=\"7bc5d9a\" data-element_type=\"column\">\n\t\t\t<div class=\"elementor-widget-wrap elementor-element-populated\">\n\t\t\t\t\t\t<div class=\"elementor-element elementor-element-97cb54e elementor-widget elementor-widget-w12\" data-id=\"97cb54e\" data-element_type=\"widget\" data-widget_type=\"w12.default\">\n\t\t\t\t<div class=\"elementor-widget-container\">\n\t\t\t<section>\n                <div class=\"mn-grid\">\n                    <div class=\"mn-grid-12 mn-mod-text-links\">\n                        <p data-start=\"68\" data-end=\"813\">The teaching activity of the Department of Agronomy is very extensive. Currently, the staff of the Department of Agronomy conduct courses in 14 degree programmes taught in Polish out of the 41 offered, as well as in 3 programmes taught in English. This activity primarily covers topics such as: characteristics of agricultural production space, agroecology and environmental protection, soil and crop management, crop production, the impact of agriculture on the environment, herbology, the role of water in crop production and the agricultural environment, grassland science and the management of meadows and pastures, farming systems, energy crops, standardisation of agricultural produce, and organic, precision, and regenerative agriculture.<\/p><p data-start=\"815\" data-end=\"1603\">In recent years, new subjects have been introduced, including ecotoxicology, water in agriculture with elements of agrometeorology, the impact of climate change on the environment, world agriculture, integrated production, integrated plant protection, as well as monitoring and forecasting of harmful organisms. Under the Erasmus programme, seven courses are offered in English (Cropping System, Introduction to Organic Agriculture, Agroecology, Organic Crops, Organic Grassland, Weeds and Weed Management in Organic Farming, and Conversion of the Farm into an Organic System), as well as the course Agronomy for the Faculty of Veterinary Medicine. In total, the Department of Agronomy offers 75 courses and diploma seminars within full-time and part-time first- and second-cycle studies.<\/p><p data-start=\"1605\" data-end=\"1720\">The staff of the Department also teach classes for secondary school students as part of open laboratory activities.<\/p><p data-start=\"1722\" data-end=\"1987\">Beginning with the 2025\/2026 academic year, the staff of the Department of Agronomy are implementing a new curriculum for the Agriculture degree programme under the project \u201cSustainable SGGW Campus \u2013 Education for Key Sectors,\u201d project no. FERS.01.05-IP.08-0067\/23.<\/p>\n                    <\/div>\n                <\/div>\n            <\/section>\t\t<\/div>\n\t\t\t\t<\/div>\n\t\t\t\t<div class=\"elementor-element elementor-element-cb44a04 elementor-widget elementor-widget-w33\" data-id=\"cb44a04\" data-element_type=\"widget\" data-widget_type=\"w33.default\">\n\t\t\t\t<div class=\"elementor-widget-container\">\n\t\t\t<section>\n            <div class=\"mn-grid\">\n                <div class=\"mn-vertical-separator-x2\">\n                    \n                <\/div>\n            <\/section>\t\t<\/div>\n\t\t\t\t<\/div>\n\t\t\t\t\t<\/div>\n\t\t<\/div>\n\t\t\t\t\t<\/div>\n\t\t<\/section>\n\t\t\t\t<section class=\"elementor-section elementor-top-section elementor-element elementor-element-673b4ef elementor-section-boxed elementor-section-height-default elementor-section-height-default\" data-id=\"673b4ef\" data-element_type=\"section\">\n\t\t\t\t\t\t<div class=\"elementor-container elementor-column-gap-default\">\n\t\t\t\t\t<div class=\"elementor-column elementor-col-100 elementor-top-column elementor-element elementor-element-1e56136\" data-id=\"1e56136\" data-element_type=\"column\">\n\t\t\t<div class=\"elementor-widget-wrap elementor-element-populated\">\n\t\t\t\t\t\t<div class=\"elementor-element elementor-element-894a907 elementor-widget elementor-widget-w1_2_3\" data-id=\"894a907\" data-element_type=\"widget\" data-widget_type=\"w1_2_3.default\">\n\t\t\t\t<div class=\"elementor-widget-container\">\n\t\t\t<section>\n                    <div class=\"mn-grid\">\n                        <h3  class=\"mn-grid-12 mn-section-title2\">\n                            Consultation for students\n                        <\/h3>\n                    <\/div>\n                <\/section>\t\t<\/div>\n\t\t\t\t<\/div>\n\t\t\t\t<div class=\"elementor-element elementor-element-e7bf3f7 elementor-widget elementor-widget-w34\" data-id=\"e7bf3f7\" data-element_type=\"widget\" data-widget_type=\"w34.default\">\n\t\t\t\t<div class=\"elementor-widget-container\">\n\t\t\t        <section id=\"w34-e7bf3f7\" class=\"mn-m5-c mn-m5-d2\">\n            <div class=\"mn-grid\">\n                <div class=\"mn-content mn-grid-12\">\n                    <div class=\"mn-content-block active\">\n                                                                <ul class=\"mn-accordion\">\n                                            <li>\n                                                <h4 class=\"mn-accordion-title\"\n                                                    role=\"button\"\n                                                    tabindex=\"0\"\n                                                    aria-expanded=\"false\"\n                                                    aria-controls=\"w34-e7bf3f7-panel-0\">Academic year 2025\/26<\/h4>\n                                                <div id=\"w34-e7bf3f7-panel-0\" style=\"display:none;\" hidden>\n                                                    <table width=\"700\">\n<tbody>\n<tr>\n<td width=\"292\">\n<p>Imi\u0119 i&nbsp;nazwisko\/Name and Surname<\/p>\n<\/td>\n<td width=\"63\">\n<p>Nr pokoju\/ Room number<\/p>\n<\/td>\n<td width=\"345\">\n<p>Konsultacje\/Consultations<\/p>\n<\/td>\n<\/tr>\n<tr>\n<td width=\"292\">\n<p>Dr hab. in\u017c. Arkadiusz Artyszak, prof. SGGW<\/p>\n<p><em>Kierownik Katedry\/Head of Department<\/em><\/p>\n<\/td>\n<td width=\"63\">\n<p>3\/79 B<\/p>\n<\/td>\n<td width=\"345\">\n<p>\u015aroda 9-10,<\/p>\n<p>Pi\u0105tek 13-14\/15-16 (w terminach zjazd\u00f3w)<\/p>\n<\/td>\n<\/tr>\n<tr>\n<td width=\"292\">\n<p>Dr hab. in\u017c. Barbara Borawska-Jarmu\u0142owicz<\/p>\n<\/td>\n<td width=\"63\">\n<p>3\/88<\/p>\n<\/td>\n<td width=\"345\">\n<p>Czwartek 8:15-9:15, 14:15-15:15\u00a0<\/p>\n<\/td>\n<\/tr>\n<tr>\n<td width=\"292\">\n<p>Dr Anna Chodkiewicz<\/p>\n<\/td>\n<td width=\"63\">\n<p>3\/101<\/p>\n<\/td>\n<td width=\"345\">\n<p>\u015aroda 10-12<\/p>\n<\/td>\n<\/tr>\n<tr>\n<td width=\"292\">\n<p>Dr in\u017c. Agnieszka Ciesielska<\/p>\n<p><em>Prodziekan ds. dydaktyki\/ Vice-Dean for didactics <\/em><\/p>\n<p><em>\u00a0<\/em><\/p>\n<\/td>\n<td width=\"63\">\n<p>3\/112<\/p>\n<\/td>\n<td width=\"345\">\n<p>Wtorek 11-12<\/p>\n<p>\u015aroda 12-13<\/p>\n<\/td>\n<\/tr>\n<tr>\n<td width=\"292\">\n<p>Dr hab. in\u017c. Maria Janicka<\/p>\n<\/td>\n<td width=\"63\">\n<p>3\/104<\/p>\n<\/td>\n<td width=\"345\">\n<p>Poniedzia\u0142ek 10:30-12:30<\/p>\n<\/td>\n<\/tr>\n<tr>\n<td width=\"292\">\n<p>Mgr in\u017c. Micha\u0142 Jochym<\/p>\n<\/td>\n<td width=\"63\">\n<p>3\/110<\/p>\n<\/td>\n<td width=\"345\">\n<p>&#8211;<\/p>\n<\/td>\n<\/tr>\n<tr>\n<td width=\"292\">\n<p>Dr in\u017c. Gra\u017cyna Mastalerczuk<\/p>\n<\/td>\n<td width=\"63\">\n<p>3\/88<\/p>\n<\/td>\n<td width=\"345\">\n<p>Czwartek 8-9, 13-14,<\/p>\n<p>St. niestacjonarne po wcze\u015bniejszym uzgodnieniu terminu<\/p>\n<\/td>\n<\/tr>\n<tr>\n<td width=\"292\">\n<p>Dr Beata Michalska-Klimczak<\/p>\n<\/td>\n<td width=\"63\">\n<p>3\/94<\/p>\n<\/td>\n<td width=\"345\">\n<p>Poniedzia\u0142ek 11-12<\/p>\n<p>Czwartek 13-14<\/p>\n<p>Niedziela 11-11:30 (w terminach zjazd\u00f3w:13.10.; 20.10.; 10.11.;<\/p>\n<p>\u00a017.11.; 1.12.; 8.12.)<\/p>\n<\/td>\n<\/tr>\n<tr>\n<td width=\"292\">\n<p>Dr in\u017c. Krzysztof P\u0105gowski<\/p>\n<\/td>\n<td width=\"63\">\n<p>3\/105<\/p>\n<\/td>\n<td width=\"345\">\n<p>\u015aroda 12-13<\/p>\n<p>Sobota 12-13 (w terminach zjazd\u00f3w: 5.10;19.10; 9.11; 23.11; 7.12; 21.12.; 11.01; 25.01;01.02)<\/p>\n<\/td>\n<\/tr>\n<tr>\n<td width=\"292\">\n<p>Dr in\u017c. Aneta Perzanowska<\/p>\n<\/td>\n<td width=\"63\">\n<p>3\/69<\/p>\n<\/td>\n<td width=\"345\">\n<p>Czwartek 10-12<\/p>\n<p>Niedziela 14-15 (w terminach zjazd\u00f3w)<\/p>\n<\/td>\n<\/tr>\n<tr>\n<td width=\"292\">\n<p>Dr hab. in\u017c. Stanis\u0142aw Samborski, prof. SGGW<\/p>\n<p><em>Zast\u0119pca Dyrektora Instytutu Rolnictwa\/<\/em><\/p>\n<p><em>Vice-Director of the Institute of Agriculture<\/em><\/p>\n<\/td>\n<td width=\"63\">\n<p>3\/85<\/p>\n<\/td>\n<td width=\"345\">\n<p>Wtorek 10-11<\/p>\n<p>Sobota 10-11<\/p>\n<\/td>\n<\/tr>\n<tr>\n<td width=\"292\">\n<p>Dr in\u017c. Dorota Sienkiewicz-Paderewska<\/p>\n<\/td>\n<td width=\"63\">\n<p>3\/114<\/p>\n<\/td>\n<td width=\"345\">\n<p>Czwartek 14-16,<\/p>\n<p>Niedziela 15:30-16:00 (w terminach zjazd\u00f3w 1 rok, 2 sem.)<\/p>\n<p>\u00a0<\/p>\n<\/td>\n<\/tr>\n<tr>\n<td width=\"292\">\n<p>Dr hab. in\u017c. Irena Suwara, prof. SGGW<\/p>\n<p><em>Dziekan Wydzia\u0142u Rolnictwa i&nbsp;Ekologii\/ <\/em><\/p>\n<p><em>Dean of Faculty of Agriculture and Ecology<\/em><\/p>\n<\/td>\n<td width=\"63\">\n<p>3\/113<\/p>\n<\/td>\n<td width=\"345\">\n<p>\u015aroda 13.00-14.00<\/p>\n<p>Sobota 11.00- 12.00 (w terminach zjazd\u00f3w: 05.10.; 12.10.; 19.10.; 26.10.; 09.11.; 16.11.; 23.11.; 14.12.2024; 18.01.2025)<\/p>\n<p>\u00a0<\/p>\n<\/td>\n<\/tr>\n<tr>\n<td width=\"292\">\n<p>Mgr in\u017c. Wojciech Suwara<\/p>\n<\/td>\n<td width=\"63\">\n<p>3\/72<\/p>\n<\/td>\n<td width=\"345\">\n<p>&#8211;<\/p>\n<\/td>\n<\/tr>\n<tr>\n<td width=\"292\">\n<p>Dr in\u017c. Magdalena Wijata<\/p>\n<\/td>\n<td width=\"63\">\n<p>3\/69<\/p>\n<\/td>\n<td width=\"345\">\n<p>\u015aroda 11-12<\/p>\n<p>Niedziela 13-14 (w terminach zjazd\u00f3w i&nbsp;MS Teams<\/p>\n<p>po wcze\u015bniejszym uzgodnieniu)<\/p>\n<\/td>\n<\/tr>\n<tr>\n<td width=\"292\">\n<p>Dr in\u017c. Anna Wysmu\u0142ek<\/p>\n<\/td>\n<td width=\"63\">\n<p>3\/68<\/p>\n<\/td>\n<td width=\"345\">\n<p>Wtorek 12.30 -14.00<\/p>\n<p>Pi\u0105tek 17.15-18.00 (w terminach: 4.10.; 18.10.; 8.11.; 22.11.; 6.12.; 20.12.2024 i&nbsp;10.01.2025)<\/p>\n<p>Sobota 10.15 -11.00 (w terminach: 12.10.; 26.10.; 16.11.; 30.11.; 14.12.2024 i&nbsp;4.01.;18.01.2025)<\/p>\n<\/td>\n<\/tr>\n<tr>\n<td width=\"292\">\n<p>prof. dr hab. dr h.b. Zdzis\u0142aw Wyszy\u0144ski<\/p>\n<\/td>\n<td width=\"63\">\n<p>3\/111<\/p>\n<\/td>\n<td width=\"345\">\n<p>Czwartek 14-16<\/p>\n<\/td>\n<\/tr>\n<tr>\n<td width=\"292\">\n<p><em>Pracownicy emerytowani:<\/em><\/p>\n<\/td>\n<td width=\"63\">\n<p>\u00a0<\/p>\n<\/td>\n<td width=\"345\">\n<p>\u00a0<\/p>\n<\/td>\n<\/tr>\n<tr>\n<td width=\"292\">\n<p>dr hab. in\u017c. Wojciech Dmuchowski, prof. SGGW<\/p>\n<\/td>\n<td width=\"63\">\n<p>3\/114<\/p>\n<\/td>\n<td width=\"345\">\n<p>\u00a0<\/p>\n<\/td>\n<\/tr>\n<tr>\n<td width=\"292\">\n<p>dr in\u017c. Katarzyna Kuci\u0144ska<\/p>\n<\/td>\n<td width=\"63\">\n<p>3\/79 B<\/p>\n<\/td>\n<td width=\"345\">\n<p>\u00a0<\/p>\n<\/td>\n<\/tr>\n<tr>\n<td width=\"292\">\n<p>dr hab. in\u017c. Stanis\u0142aw Lenart, prof. SGGW<\/p>\n<\/td>\n<td width=\"63\">\n<p>3\/69<\/p>\n<\/td>\n<td width=\"345\">\n<p>\u00a0<\/p>\n<\/td>\n<\/tr>\n<tr>\n<td width=\"292\">\n<p>prof. dr hab. Jan \u0141ab\u0119towicz<\/p>\n<\/td>\n<td width=\"63\">\n<p>3\/95<\/p>\n<\/td>\n<td width=\"345\">\n<p>\u00a0<\/p>\n<\/td>\n<\/tr>\n<tr>\n<td width=\"292\">\n<p>prof. dr hab. Andrzej Radecki<\/p>\n<\/td>\n<td width=\"63\">\n<p>3\/96<\/p>\n<\/td>\n<td width=\"345\">\n<p>\u00a0<\/p>\n<\/td>\n<\/tr>\n<tr>\n<td width=\"292\">\n<p>prof. dr hab. Jan Rozbicki<\/p>\n<\/td>\n<td width=\"63\">\n<p>3\/87<\/p>\n<\/td>\n<td width=\"345\">\n<p>\u00a0<\/p>\n<\/td>\n<\/tr>\n<tr>\n<td width=\"292\">\n<p>prof. dr hab. Piotr Stypi\u0144ski<\/p>\n<\/td>\n<td width=\"63\">\n<p>3\/100<\/p>\n<\/td>\n<td width=\"345\">\n<p>\u00a0<\/p>\n<\/td>\n<\/tr>\n<\/tbody>\n<\/table>\n                                                <\/div>\n                                            <\/li>\n                                        <\/ul>\n                                                            <\/div>\n                <\/div>\n            <\/div>\n        <\/section>\n\n        <script type=\"text\/javascript\">\n            (function(){\n                var root = document.getElementById('w34-e7bf3f7');\n                if (!root || root.dataset.w34Ready === '1') {\n                    return;\n                }\n                root.dataset.w34Ready = '1';\n\n                var titles = root.querySelectorAll('.mn-accordion-title');\n\n                function toggleItem(titleEl, event) {\n                    if (event) {\n                        event.preventDefault();\n                        event.stopPropagation();\n                        if (typeof event.stopImmediatePropagation === 'function') {\n                            event.stopImmediatePropagation();\n                        }\n                    }\n\n                    var li = titleEl.parentElement;\n                    if (!li) {\n                        return;\n                    }\n\n                    var panel = titleEl.nextElementSibling;\n                    if (!panel) {\n                        return;\n                    }\n\n                    var isOpen = li.classList.contains('show');\n\n                    if (isOpen) {\n                        li.classList.remove('show');\n                        titleEl.setAttribute('aria-expanded', 'false');\n                        panel.hidden = true;\n                        if (window.jQuery) {\n                            window.jQuery(panel).stop(true, true).slideUp(200);\n                        } else {\n                            panel.style.display = 'none';\n                        }\n                    } else {\n                        li.classList.add('show');\n                        titleEl.setAttribute('aria-expanded', 'true');\n                        panel.hidden = false;\n                        if (window.jQuery) {\n                            window.jQuery(panel).stop(true, true).slideDown(200);\n                        } else {\n                            panel.style.display = 'block';\n                        }\n                    }\n                }\n\n                titles.forEach(function(titleEl){\n                    var panel = titleEl.nextElementSibling;\n                    if (panel) {\n                        panel.hidden = true;\n                        panel.style.display = 'none';\n                    }\n\n                    titleEl.addEventListener('click', function(event){\n                        toggleItem(titleEl, event);\n                    }, true);\n\n                    titleEl.addEventListener('keydown', function(event){\n                        if (event.key === 'Enter' || event.key === ' ') {\n                            toggleItem(titleEl, event);\n                        }\n                    }, true);\n                });\n            })();\n        <\/script>\n        \t\t<\/div>\n\t\t\t\t<\/div>\n\t\t\t\t\t<\/div>\n\t\t<\/div>\n\t\t\t\t\t<\/div>\n\t\t<\/section>\n\t\t\t\t<section class=\"elementor-section elementor-top-section elementor-element elementor-element-d3b4f57 elementor-section-boxed elementor-section-height-default elementor-section-height-default\" data-id=\"d3b4f57\" data-element_type=\"section\">\n\t\t\t\t\t\t<div class=\"elementor-container elementor-column-gap-default\">\n\t\t\t\t\t<div class=\"elementor-column elementor-col-100 elementor-top-column elementor-element elementor-element-0f249a9\" data-id=\"0f249a9\" data-element_type=\"column\">\n\t\t\t<div class=\"elementor-widget-wrap elementor-element-populated\">\n\t\t\t\t\t\t<div class=\"elementor-element elementor-element-82ae8b2 elementor-widget elementor-widget-image-gallery\" data-id=\"82ae8b2\" data-element_type=\"widget\" data-widget_type=\"image-gallery.default\">\n\t\t\t\t<div class=\"elementor-widget-container\">\n\t\t\t        <div class=\"mn-gallery elementor-image-gallery\">\n            <div id='gallery-1' class='gallery galleryid-9679 gallery-columns-1 gallery-size-large'><figure class='gallery-item'>\n\t\t\t<div class='gallery-icon landscape'>\n\t\t\t\t<a data-elementor-open-lightbox=\"yes\" data-elementor-lightbox-slideshow=\"82ae8b2\" data-elementor-lightbox-title=\"seminarium z magistrantami\" data-e-action-hash=\"#elementor-action%3Aaction%3Dlightbox%26settings%3DeyJpZCI6MTEwNzksInVybCI6Imh0dHBzOlwvXC9pci5zZ2d3LmVkdS5wbFwvd3AtY29udGVudFwvdXBsb2Fkc1wvc2l0ZXNcLzRcLzIwMjJcLzA0XC81Li1TZW1pbmFyaXVtLW1hZ2lzdGVyc2tpZS16LWxha2Fyc3R3YS0xOTkwLi1Gb3QuLUFyY2hpd3VtLUthdGVkcnktQWdyb25vbWlpLmpwZyIsInNsaWRlc2hvdyI6IjgyYWU4YjIifQ%3D%3D\" href='https:\/\/ir.sggw.edu.pl\/wp-content\/uploads\/sites\/4\/2022\/04\/5.-Seminarium-magisterskie-z-lakarstwa-1990.-Fot.-Archiwum-Katedry-Agronomii.jpg'><img fetchpriority=\"high\" decoding=\"async\" width=\"580\" height=\"363\" src=\"https:\/\/ir.sggw.edu.pl\/wp-content\/uploads\/sites\/4\/2022\/04\/5.-Seminarium-magisterskie-z-lakarstwa-1990.-Fot.-Archiwum-Katedry-Agronomii-1024x640.jpg\" class=\"attachment-large size-large\" alt=\"\" srcset=\"https:\/\/ir.sggw.edu.pl\/wp-content\/uploads\/sites\/4\/2022\/04\/5.-Seminarium-magisterskie-z-lakarstwa-1990.-Fot.-Archiwum-Katedry-Agronomii-1024x640.jpg 1024w, https:\/\/ir.sggw.edu.pl\/wp-content\/uploads\/sites\/4\/2022\/04\/5.-Seminarium-magisterskie-z-lakarstwa-1990.-Fot.-Archiwum-Katedry-Agronomii-300x187.jpg 300w, https:\/\/ir.sggw.edu.pl\/wp-content\/uploads\/sites\/4\/2022\/04\/5.-Seminarium-magisterskie-z-lakarstwa-1990.-Fot.-Archiwum-Katedry-Agronomii-768x480.jpg 768w, https:\/\/ir.sggw.edu.pl\/wp-content\/uploads\/sites\/4\/2022\/04\/5.-Seminarium-magisterskie-z-lakarstwa-1990.-Fot.-Archiwum-Katedry-Agronomii-1536x960.jpg 1536w, https:\/\/ir.sggw.edu.pl\/wp-content\/uploads\/sites\/4\/2022\/04\/5.-Seminarium-magisterskie-z-lakarstwa-1990.-Fot.-Archiwum-Katedry-Agronomii-1200x750.jpg 1200w, https:\/\/ir.sggw.edu.pl\/wp-content\/uploads\/sites\/4\/2022\/04\/5.-Seminarium-magisterskie-z-lakarstwa-1990.-Fot.-Archiwum-Katedry-Agronomii.jpg 1759w\" sizes=\"(max-width: 580px) 100vw, 580px\" \/><\/a>\n\t\t\t<\/div><\/figure><figure class='gallery-item'>\n\t\t\t<div class='gallery-icon landscape'>\n\t\t\t\t<a data-elementor-open-lightbox=\"yes\" data-elementor-lightbox-slideshow=\"82ae8b2\" data-elementor-lightbox-title=\"6. Ocena siedlisk \u0142\u0105kowych, zaj\u0119cia prowadzi prof. S. Grzyb, Falenty, 1996 (fot. B. Borawska)\" data-e-action-hash=\"#elementor-action%3Aaction%3Dlightbox%26settings%3DeyJpZCI6MTEwODEsInVybCI6Imh0dHBzOlwvXC9pci5zZ2d3LmVkdS5wbFwvd3AtY29udGVudFwvdXBsb2Fkc1wvc2l0ZXNcLzRcLzIwMjJcLzA0XC82Li1PY2VuYS1zaWVkbGlzay1sYWtvd3ljaC16YWplY2lhLXByb3dhZHppLXByb2YuLVMuLUdyenliLUZhbGVudHktMTk5Ni1mb3QuLUIuLUJvcmF3c2thLXNjYWxlZC5qcGciLCJzbGlkZXNob3ciOiI4MmFlOGIyIn0%3D\" href='https:\/\/ir.sggw.edu.pl\/wp-content\/uploads\/sites\/4\/2022\/04\/6.-Ocena-siedlisk-lakowych-zajecia-prowadzi-prof.-S.-Grzyb-Falenty-1996-fot.-B.-Borawska-scaled.jpg'><img decoding=\"async\" width=\"580\" height=\"425\" src=\"https:\/\/ir.sggw.edu.pl\/wp-content\/uploads\/sites\/4\/2022\/04\/6.-Ocena-siedlisk-lakowych-zajecia-prowadzi-prof.-S.-Grzyb-Falenty-1996-fot.-B.-Borawska-1024x751.jpg\" class=\"attachment-large size-large\" alt=\"\" srcset=\"https:\/\/ir.sggw.edu.pl\/wp-content\/uploads\/sites\/4\/2022\/04\/6.-Ocena-siedlisk-lakowych-zajecia-prowadzi-prof.-S.-Grzyb-Falenty-1996-fot.-B.-Borawska-1024x751.jpg 1024w, https:\/\/ir.sggw.edu.pl\/wp-content\/uploads\/sites\/4\/2022\/04\/6.-Ocena-siedlisk-lakowych-zajecia-prowadzi-prof.-S.-Grzyb-Falenty-1996-fot.-B.-Borawska-300x220.jpg 300w, https:\/\/ir.sggw.edu.pl\/wp-content\/uploads\/sites\/4\/2022\/04\/6.-Ocena-siedlisk-lakowych-zajecia-prowadzi-prof.-S.-Grzyb-Falenty-1996-fot.-B.-Borawska-768x563.jpg 768w, https:\/\/ir.sggw.edu.pl\/wp-content\/uploads\/sites\/4\/2022\/04\/6.-Ocena-siedlisk-lakowych-zajecia-prowadzi-prof.-S.-Grzyb-Falenty-1996-fot.-B.-Borawska-1536x1126.jpg 1536w, https:\/\/ir.sggw.edu.pl\/wp-content\/uploads\/sites\/4\/2022\/04\/6.-Ocena-siedlisk-lakowych-zajecia-prowadzi-prof.-S.-Grzyb-Falenty-1996-fot.-B.-Borawska-2048x1501.jpg 2048w, https:\/\/ir.sggw.edu.pl\/wp-content\/uploads\/sites\/4\/2022\/04\/6.-Ocena-siedlisk-lakowych-zajecia-prowadzi-prof.-S.-Grzyb-Falenty-1996-fot.-B.-Borawska-1200x880.jpg 1200w, https:\/\/ir.sggw.edu.pl\/wp-content\/uploads\/sites\/4\/2022\/04\/6.-Ocena-siedlisk-lakowych-zajecia-prowadzi-prof.-S.-Grzyb-Falenty-1996-fot.-B.-Borawska-1980x1451.jpg 1980w\" sizes=\"(max-width: 580px) 100vw, 580px\" \/><\/a>\n\t\t\t<\/div><\/figure><figure class='gallery-item'>\n\t\t\t<div class='gallery-icon landscape'>\n\t\t\t\t<a data-elementor-open-lightbox=\"yes\" data-elementor-lightbox-slideshow=\"82ae8b2\" data-elementor-lightbox-title=\"7. Rozpoznawanie uprawnych ro\u015blin\" data-e-action-hash=\"#elementor-action%3Aaction%3Dlightbox%26settings%3DeyJpZCI6MTEwODMsInVybCI6Imh0dHBzOlwvXC9pci5zZ2d3LmVkdS5wbFwvd3AtY29udGVudFwvdXBsb2Fkc1wvc2l0ZXNcLzRcLzIwMjJcLzA0XC83Li1Sb3pwb3puYXdhbmllLXVwcmF3bnljaC1yb3NsaW4uanBnIiwic2xpZGVzaG93IjoiODJhZThiMiJ9\" href='https:\/\/ir.sggw.edu.pl\/wp-content\/uploads\/sites\/4\/2022\/04\/7.-Rozpoznawanie-uprawnych-roslin.jpg'><img decoding=\"async\" width=\"580\" height=\"386\" src=\"https:\/\/ir.sggw.edu.pl\/wp-content\/uploads\/sites\/4\/2022\/04\/7.-Rozpoznawanie-uprawnych-roslin-1024x681.jpg\" class=\"attachment-large size-large\" alt=\"\" srcset=\"https:\/\/ir.sggw.edu.pl\/wp-content\/uploads\/sites\/4\/2022\/04\/7.-Rozpoznawanie-uprawnych-roslin-1024x681.jpg 1024w, https:\/\/ir.sggw.edu.pl\/wp-content\/uploads\/sites\/4\/2022\/04\/7.-Rozpoznawanie-uprawnych-roslin-300x199.jpg 300w, https:\/\/ir.sggw.edu.pl\/wp-content\/uploads\/sites\/4\/2022\/04\/7.-Rozpoznawanie-uprawnych-roslin-768x511.jpg 768w, https:\/\/ir.sggw.edu.pl\/wp-content\/uploads\/sites\/4\/2022\/04\/7.-Rozpoznawanie-uprawnych-roslin.jpg 1116w\" sizes=\"(max-width: 580px) 100vw, 580px\" \/><\/a>\n\t\t\t<\/div><\/figure>\n\t\t<\/div>\n        <\/div>\n        \t\t<\/div>\n\t\t\t\t<\/div>\n\t\t\t\t\t<\/div>\n\t\t<\/div>\n\t\t\t\t\t<\/div>\n\t\t<\/section>\n\t\t\t\t<\/div>\n\t\t","protected":false},"excerpt":{"rendered":"<p>Didactics The teaching activity of the Department of Agronomy is very extensive. Currently, the staff of the Department of Agronomy conduct courses in 14 degree programmes taught in Polish out of the 41 offered, as well as in 3 programmes taught in English. This activity primarily covers topics such as: characteristics of agricultural production space, [&hellip;]<\/p>\n","protected":false},"author":35434,"featured_media":0,"parent":1230,"menu_order":0,"comment_status":"closed","ping_status":"closed","template":"","meta":{"_acf_changed":false,"footnotes":""},"class_list":["post-9679","page","type-page","status-publish","hentry"],"acf":[],"_links":{"self":[{"href":"https:\/\/ir.sggw.edu.pl\/en\/wp-json\/wp\/v2\/pages\/9679","targetHints":{"allow":["GET"]}}],"collection":[{"href":"https:\/\/ir.sggw.edu.pl\/en\/wp-json\/wp\/v2\/pages"}],"about":[{"href":"https:\/\/ir.sggw.edu.pl\/en\/wp-json\/wp\/v2\/types\/page"}],"author":[{"embeddable":true,"href":"https:\/\/ir.sggw.edu.pl\/en\/wp-json\/wp\/v2\/users\/35434"}],"replies":[{"embeddable":true,"href":"https:\/\/ir.sggw.edu.pl\/en\/wp-json\/wp\/v2\/comments?post=9679"}],"version-history":[{"count":25,"href":"https:\/\/ir.sggw.edu.pl\/en\/wp-json\/wp\/v2\/pages\/9679\/revisions"}],"predecessor-version":[{"id":22013,"href":"https:\/\/ir.sggw.edu.pl\/en\/wp-json\/wp\/v2\/pages\/9679\/revisions\/22013"}],"up":[{"embeddable":true,"href":"https:\/\/ir.sggw.edu.pl\/en\/wp-json\/wp\/v2\/pages\/1230"}],"wp:attachment":[{"href":"https:\/\/ir.sggw.edu.pl\/en\/wp-json\/wp\/v2\/media?parent=9679"}],"curies":[{"name":"wp","href":"https:\/\/api.w.org\/{rel}","templated":true}]}}