{"id":7042,"date":"2021-06-02T16:44:02","date_gmt":"2021-06-02T14:44:02","guid":{"rendered":"https:\/\/ir.sggw.edu.pl\/?page_id=7042"},"modified":"2021-06-04T12:53:51","modified_gmt":"2021-06-04T10:53:51","slug":"history","status":"publish","type":"page","link":"https:\/\/ir.sggw.edu.pl\/en\/institute-of-agriculture\/about-the-institute\/department-of-biometry\/history\/","title":{"rendered":"History"},"content":{"rendered":"\t\t<div data-elementor-type=\"wp-page\" data-elementor-id=\"7042\" class=\"elementor elementor-7042\" data-elementor-post-type=\"page\">\n\t\t\t\t\t\t<section class=\"elementor-section elementor-top-section elementor-element elementor-element-0c8a527 elementor-section-boxed elementor-section-height-default elementor-section-height-default\" data-id=\"0c8a527\" data-element_type=\"section\">\n\t\t\t\t\t\t<div class=\"elementor-container elementor-column-gap-default\">\n\t\t\t\t\t<div class=\"elementor-column elementor-col-100 elementor-top-column elementor-element elementor-element-2bf91de\" data-id=\"2bf91de\" data-element_type=\"column\">\n\t\t\t<div class=\"elementor-widget-wrap elementor-element-populated\">\n\t\t\t\t\t\t<div class=\"elementor-element elementor-element-d4a17d4 elementor-widget elementor-widget-heading\" data-id=\"d4a17d4\" data-element_type=\"widget\" data-widget_type=\"heading.default\">\n\t\t\t\t<div class=\"elementor-widget-container\">\n\t\t\t<h2 class=\"elementor-heading-title elementor-size-default\">History of the Department of Biometry <\/h2>\t\t<\/div>\n\t\t\t\t<\/div>\n\t\t\t\t<div class=\"elementor-element elementor-element-dcce17b elementor-widget elementor-widget-text-editor\" data-id=\"dcce17b\" data-element_type=\"widget\" data-widget_type=\"text-editor.default\">\n\t\t\t\t<div class=\"elementor-widget-container\">\n\t\t\t\t\t\t\t<ul><li><strong>1923-1927\u00a0\u00a0\u00a0\u00a0\u00a0\u00a0 <span lang=\"en\"><span data-language-for-alternatives=\"en\" data-language-to-translate-into=\"pl\" data-phrase-index=\"0\">First lectures on mathematical statistics at the Warsaw University of Life Sciences, Professor Jerzy Sp\u0142awa-Neyman<\/span><\/span><\/strong><\/li><li><span lang=\"en\"><span data-language-for-alternatives=\"en\" data-language-to-translate-into=\"pl\" data-phrase-index=\"0\">\u00a0<\/span><\/span><\/li><li><strong>1928-1951\u00a0\u00a0\u00a0\u00a0 Department of Mathematical Statistics (Faculty of Horticulture), Heads: Professor Jerzy Sp\u0142awa-Neyman (1928-1936), Dr. Karolina Iwaszkiewicz (1936-1938), Professor Micha\u0142 Korczewski (1938-1945), MSc Wac\u0142aw Pytkowski (1945-1950) MSc Regina Elandt (1950-1951)<\/strong><\/li><li>\u00a0<\/li><li><strong>1951-1970\u00a0\u00a0\u00a0\u00a0\u00a0\u00a0 Department of Mathematical Statistics (Faculty of Agriculture), Head: Professor Zygmunt Nawrocki<\/strong><\/li><li>\u00a0<\/li><li><strong>1970-1982\u00a0\u00a0\u00a0\u00a0\u00a0 Inter-Faculty Institute for Applied Mathematics and Statistics, Warsaw University of Life Sciences &#8211; Department of Mathematical Statistics and Biometry, Head: Docent Leokadia Borucka-Ubysz<\/strong><\/li><li>\u00a0<\/li><li><strong>1982-2004\u00a0\u00a0\u00a0\u00a0 Department of Mathematical Statistics and Experimental Design (Faculty of Agriculture), Heads: Docent Leokadia Borucka-Ubysz (1982-1989), Dr. Janusz G\u00f3rczy\u0144ski (1989-1999), Professor Zbigniew Lauda\u0144ski (2000-2004)<\/strong><\/li><li>\u00a0<\/li><li><strong>2005-2007\u00a0\u00a0\u00a0\u00a0\u00a0\u00a0 Department of Biometry (Faculty of Agriculture and Biology), Head: Professor Zbigniew Lauda\u0144ski<\/strong><\/li><li>\u00a0<\/li><li><strong>2008- 2019\u00a0\u00a0\u00a0\u00a0 Department of Experimental Design and Bioinformatics (Faculty of Agriculture and Biology), Heads: Professor Wies\u0142aw M\u0105dry (2008- 2016), Professor Krzysztof Paw\u0142owski (2016-2019)<\/strong><\/li><li>\u00a0<\/li><li><strong>from 2019\u00a0\u00a0\u00a0\u00a0\u00a0\u00a0\u00a0\u00a0 Department of Biometry (Institute of Agriculture), Head: dr hab. El\u017cbieta W\u00f3jcik-Gront (since 2019)<\/strong><\/li><\/ul>\t\t\t\t\t\t<\/div>\n\t\t\t\t<\/div>\n\t\t\t\t\t<\/div>\n\t\t<\/div>\n\t\t\t\t\t<\/div>\n\t\t<\/section>\n\t\t\t\t<\/div>\n\t\t","protected":false},"excerpt":{"rendered":"<p>History of the Department of Biometry 1923-1927\u00a0\u00a0\u00a0\u00a0\u00a0\u00a0 First lectures on mathematical statistics at the Warsaw University of Life Sciences, Professor Jerzy Sp\u0142awa-Neyman \u00a0 1928-1951\u00a0\u00a0\u00a0\u00a0 Department of Mathematical Statistics (Faculty of Horticulture), Heads: Professor Jerzy Sp\u0142awa-Neyman (1928-1936), Dr. Karolina Iwaszkiewicz (1936-1938), Professor Micha\u0142 Korczewski (1938-1945), MSc Wac\u0142aw Pytkowski (1945-1950) MSc Regina Elandt (1950-1951) \u00a0 1951-1970\u00a0\u00a0\u00a0\u00a0\u00a0\u00a0 Department [&hellip;]<\/p>\n","protected":false},"author":318,"featured_media":0,"parent":1241,"menu_order":0,"comment_status":"closed","ping_status":"closed","template":"","meta":{"_acf_changed":false,"footnotes":""},"class_list":["post-7042","page","type-page","status-publish","hentry"],"acf":[],"_links":{"self":[{"href":"https:\/\/ir.sggw.edu.pl\/en\/wp-json\/wp\/v2\/pages\/7042","targetHints":{"allow":["GET"]}}],"collection":[{"href":"https:\/\/ir.sggw.edu.pl\/en\/wp-json\/wp\/v2\/pages"}],"about":[{"href":"https:\/\/ir.sggw.edu.pl\/en\/wp-json\/wp\/v2\/types\/page"}],"author":[{"embeddable":true,"href":"https:\/\/ir.sggw.edu.pl\/en\/wp-json\/wp\/v2\/users\/318"}],"replies":[{"embeddable":true,"href":"https:\/\/ir.sggw.edu.pl\/en\/wp-json\/wp\/v2\/comments?post=7042"}],"version-history":[{"count":47,"href":"https:\/\/ir.sggw.edu.pl\/en\/wp-json\/wp\/v2\/pages\/7042\/revisions"}],"predecessor-version":[{"id":7206,"href":"https:\/\/ir.sggw.edu.pl\/en\/wp-json\/wp\/v2\/pages\/7042\/revisions\/7206"}],"up":[{"embeddable":true,"href":"https:\/\/ir.sggw.edu.pl\/en\/wp-json\/wp\/v2\/pages\/1241"}],"wp:attachment":[{"href":"https:\/\/ir.sggw.edu.pl\/en\/wp-json\/wp\/v2\/media?parent=7042"}],"curies":[{"name":"wp","href":"https:\/\/api.w.org\/{rel}","templated":true}]}}