{"id":15477,"date":"2023-06-22T15:31:17","date_gmt":"2023-06-22T13:31:17","guid":{"rendered":"https:\/\/ir.sggw.edu.pl\/?page_id=15477"},"modified":"2023-06-22T15:36:56","modified_gmt":"2023-06-22T13:36:56","slug":"project-sompacs","status":"publish","type":"page","link":"https:\/\/ir.sggw.edu.pl\/en\/institute-of-agriculture\/science-at-the-institute\/research\/project-sompacs\/","title":{"rendered":"Project SOMPACS"},"content":{"rendered":"\t\t<div data-elementor-type=\"wp-page\" data-elementor-id=\"15477\" class=\"elementor elementor-15477\" data-elementor-post-type=\"page\">\n\t\t\t\t\t\t<section class=\"elementor-section elementor-top-section elementor-element elementor-element-f1df589 elementor-section-boxed elementor-section-height-default elementor-section-height-default\" data-id=\"f1df589\" data-element_type=\"section\">\n\t\t\t\t\t\t<div class=\"elementor-container elementor-column-gap-default\">\n\t\t\t\t\t<div class=\"elementor-column elementor-col-100 elementor-top-column elementor-element elementor-element-37b1db0\" data-id=\"37b1db0\" data-element_type=\"column\">\n\t\t\t<div class=\"elementor-widget-wrap elementor-element-populated\">\n\t\t\t\t\t\t<div class=\"elementor-element elementor-element-a82f3d4 elementor-widget elementor-widget-wp-widget-bcn_widget\" data-id=\"a82f3d4\" data-element_type=\"widget\" data-widget_type=\"wp-widget-bcn_widget.default\">\n\t\t\t\t<div class=\"elementor-widget-container\">\n\t\t\t<div class=\"mn-grid breadcrumb\">\n                                    <div class=\"breadcrumb-inner mn-grid-12\"><div class=\"breadcrumbs\" vocab=\"https:\/\/schema.org\/\" typeof=\"BreadcrumbList\"><span property=\"itemListElement\" typeof=\"ListItem\"><a property=\"item\" typeof=\"WebPage\" title=\"Go to SGGW Witryn.\" href=\"https:\/\/www.sggw.edu.pl\/\" class=\"main-home\" ><span property=\"name\">SGGW Witryn<\/span><\/a><meta property=\"position\" content=\"1\"><\/span> \/ <span property=\"itemListElement\" typeof=\"ListItem\"><a property=\"item\" typeof=\"WebPage\" title=\"Go to Instytut Rolnictwa.\" href=\"https:\/\/ir.sggw.edu.pl\/en\/\" class=\"home\" aria-current=\"page\"><span property=\"name\">Home<\/span><\/a><meta property=\"position\" content=\"2\"><\/span><\/div>    <\/div>\n                                <\/div>\t\t<\/div>\n\t\t\t\t<\/div>\n\t\t\t\t\t<\/div>\n\t\t<\/div>\n\t\t\t\t\t<\/div>\n\t\t<\/section>\n\t\t\t\t<section class=\"elementor-section elementor-top-section elementor-element elementor-element-ccef3fc elementor-section-boxed elementor-section-height-default elementor-section-height-default\" data-id=\"ccef3fc\" data-element_type=\"section\">\n\t\t\t\t\t\t<div class=\"elementor-container elementor-column-gap-default\">\n\t\t\t\t\t<div class=\"elementor-column elementor-col-100 elementor-top-column elementor-element elementor-element-71f901b\" data-id=\"71f901b\" data-element_type=\"column\">\n\t\t\t<div class=\"elementor-widget-wrap elementor-element-populated\">\n\t\t\t\t\t\t<div class=\"elementor-element elementor-element-b2b83f1 elementor-widget elementor-widget-post-title\" data-id=\"b2b83f1\" data-element_type=\"widget\" data-widget_type=\"post-title.default\">\n\t\t\t\t<div class=\"elementor-widget-container\">\n\t\t\t<section>\n                    <div class=\"mn-grid entry-header-inner section-inner medium\">\n                        <h1 class=\"mn-grid-12 entry-title\" style=\"\">\n                            Project SOMPACS\n                        <\/h1>\n                    <\/div>\n                <\/section>\t\t<\/div>\n\t\t\t\t<\/div>\n\t\t\t\t\t<\/div>\n\t\t<\/div>\n\t\t\t\t\t<\/div>\n\t\t<\/section>\n\t\t\t\t<section class=\"elementor-section elementor-top-section elementor-element elementor-element-db495cb elementor-section-boxed elementor-section-height-default elementor-section-height-default\" data-id=\"db495cb\" data-element_type=\"section\">\n\t\t\t\t\t\t<div class=\"elementor-container elementor-column-gap-default\">\n\t\t\t\t\t<div class=\"elementor-column elementor-col-25 elementor-top-column elementor-element elementor-element-7b91b4b\" data-id=\"7b91b4b\" data-element_type=\"column\">\n\t\t\t<div class=\"elementor-widget-wrap elementor-element-populated\">\n\t\t\t\t\t\t<div class=\"elementor-element elementor-element-9283216 elementor-widget elementor-widget-w12\" data-id=\"9283216\" data-element_type=\"widget\" data-widget_type=\"w12.default\">\n\t\t\t\t<div class=\"elementor-widget-container\">\n\t\t\t<section>\n                <div class=\"mn-grid\">\n                    <div class=\"mn-grid-12 mn-mod-text-links\">\n                        <p><img decoding=\"async\" class=\"alignnone size-full wp-image-12910\" src=\"https:\/\/ir.sggw.edu.pl\/wp-content\/uploads\/sites\/4\/2022\/09\/SOMPACS-Logo.jpg\" alt=\"\" width=\"200\" height=\"200\" srcset=\"https:\/\/ir.sggw.edu.pl\/wp-content\/uploads\/sites\/4\/2022\/09\/SOMPACS-Logo.jpg 200w, https:\/\/ir.sggw.edu.pl\/wp-content\/uploads\/sites\/4\/2022\/09\/SOMPACS-Logo-150x150.jpg 150w\" sizes=\"(max-width: 200px) 100vw, 200px\" \/><\/p>\n                    <\/div>\n                <\/div>\n            <\/section>\t\t<\/div>\n\t\t\t\t<\/div>\n\t\t\t\t\t<\/div>\n\t\t<\/div>\n\t\t\t\t<div class=\"elementor-column elementor-col-25 elementor-top-column elementor-element elementor-element-d57cb59\" data-id=\"d57cb59\" data-element_type=\"column\">\n\t\t\t<div class=\"elementor-widget-wrap elementor-element-populated\">\n\t\t\t\t\t\t<div class=\"elementor-element elementor-element-8f39aed elementor-widget elementor-widget-w12\" data-id=\"8f39aed\" data-element_type=\"widget\" data-widget_type=\"w12.default\">\n\t\t\t\t<div class=\"elementor-widget-container\">\n\t\t\t<section>\n                <div class=\"mn-grid\">\n                    <div class=\"mn-grid-12 mn-mod-text-links\">\n                        <p><img decoding=\"async\" class=\"alignnone size-medium wp-image-12908\" src=\"https:\/\/ir.sggw.edu.pl\/wp-content\/uploads\/sites\/4\/2022\/09\/logo-EJP-soil-300x150.jpg\" alt=\"\" width=\"300\" height=\"150\" srcset=\"https:\/\/ir.sggw.edu.pl\/wp-content\/uploads\/sites\/4\/2022\/09\/logo-EJP-soil-300x150.jpg 300w, https:\/\/ir.sggw.edu.pl\/wp-content\/uploads\/sites\/4\/2022\/09\/logo-EJP-soil.jpg 600w\" sizes=\"(max-width: 300px) 100vw, 300px\" \/><\/p>\n                    <\/div>\n                <\/div>\n            <\/section>\t\t<\/div>\n\t\t\t\t<\/div>\n\t\t\t\t\t<\/div>\n\t\t<\/div>\n\t\t\t\t<div class=\"elementor-column elementor-col-25 elementor-top-column elementor-element elementor-element-0dc5849\" data-id=\"0dc5849\" data-element_type=\"column\">\n\t\t\t<div class=\"elementor-widget-wrap elementor-element-populated\">\n\t\t\t\t\t\t<div class=\"elementor-element elementor-element-429f4b5 elementor-widget elementor-widget-w12\" data-id=\"429f4b5\" data-element_type=\"widget\" data-widget_type=\"w12.default\">\n\t\t\t\t<div class=\"elementor-widget-container\">\n\t\t\t<section>\n                <div class=\"mn-grid\">\n                    <div class=\"mn-grid-12 mn-mod-text-links\">\n                        <p><img decoding=\"async\" class=\"alignnone size-full wp-image-15449\" src=\"https:\/\/ir.sggw.edu.pl\/wp-content\/uploads\/sites\/4\/2023\/06\/NCBR_logo_PL-4-1.jpg\" alt=\"\" width=\"284\" height=\"144\" \/><\/p>\n                    <\/div>\n                <\/div>\n            <\/section>\t\t<\/div>\n\t\t\t\t<\/div>\n\t\t\t\t\t<\/div>\n\t\t<\/div>\n\t\t\t\t<div class=\"elementor-column elementor-col-25 elementor-top-column elementor-element elementor-element-ae0e99d\" data-id=\"ae0e99d\" data-element_type=\"column\">\n\t\t\t<div class=\"elementor-widget-wrap elementor-element-populated\">\n\t\t\t\t\t\t<div class=\"elementor-element elementor-element-0a18650 elementor-widget elementor-widget-w12\" data-id=\"0a18650\" data-element_type=\"widget\" data-widget_type=\"w12.default\">\n\t\t\t\t<div class=\"elementor-widget-container\">\n\t\t\t<section>\n                <div class=\"mn-grid\">\n                    <div class=\"mn-grid-12 mn-mod-text-links\">\n                        <p><img loading=\"lazy\" decoding=\"async\" class=\"alignnone size-medium wp-image-15451\" src=\"https:\/\/ir.sggw.edu.pl\/wp-content\/uploads\/sites\/4\/2023\/06\/znak_barw_rp_poziom_bez_ramki_rgb-300x100.jpg\" alt=\"\" width=\"300\" height=\"100\" srcset=\"https:\/\/ir.sggw.edu.pl\/wp-content\/uploads\/sites\/4\/2023\/06\/znak_barw_rp_poziom_bez_ramki_rgb-300x100.jpg 300w, https:\/\/ir.sggw.edu.pl\/wp-content\/uploads\/sites\/4\/2023\/06\/znak_barw_rp_poziom_bez_ramki_rgb-1024x341.jpg 1024w, https:\/\/ir.sggw.edu.pl\/wp-content\/uploads\/sites\/4\/2023\/06\/znak_barw_rp_poziom_bez_ramki_rgb-768x256.jpg 768w, https:\/\/ir.sggw.edu.pl\/wp-content\/uploads\/sites\/4\/2023\/06\/znak_barw_rp_poziom_bez_ramki_rgb-1536x512.jpg 1536w, https:\/\/ir.sggw.edu.pl\/wp-content\/uploads\/sites\/4\/2023\/06\/znak_barw_rp_poziom_bez_ramki_rgb-2048x683.jpg 2048w, https:\/\/ir.sggw.edu.pl\/wp-content\/uploads\/sites\/4\/2023\/06\/znak_barw_rp_poziom_bez_ramki_rgb-1200x400.jpg 1200w, https:\/\/ir.sggw.edu.pl\/wp-content\/uploads\/sites\/4\/2023\/06\/znak_barw_rp_poziom_bez_ramki_rgb-1980x660.jpg 1980w\" sizes=\"(max-width: 300px) 100vw, 300px\" \/><\/p>\n                    <\/div>\n                <\/div>\n            <\/section>\t\t<\/div>\n\t\t\t\t<\/div>\n\t\t\t\t\t<\/div>\n\t\t<\/div>\n\t\t\t\t\t<\/div>\n\t\t<\/section>\n\t\t\t\t<section class=\"elementor-section elementor-top-section elementor-element elementor-element-1485775 elementor-section-boxed elementor-section-height-default elementor-section-height-default\" data-id=\"1485775\" data-element_type=\"section\">\n\t\t\t\t\t\t<div class=\"elementor-container elementor-column-gap-default\">\n\t\t\t\t\t<div class=\"elementor-column elementor-col-100 elementor-top-column elementor-element elementor-element-d221463\" data-id=\"d221463\" data-element_type=\"column\">\n\t\t\t<div class=\"elementor-widget-wrap elementor-element-populated\">\n\t\t\t\t\t\t<div class=\"elementor-element elementor-element-a1e3c13 elementor-widget elementor-widget-w12\" data-id=\"a1e3c13\" data-element_type=\"widget\" data-widget_type=\"w12.default\">\n\t\t\t\t<div class=\"elementor-widget-container\">\n\t\t\t<section>\n                <div class=\"mn-grid\">\n                    <div class=\"mn-grid-12 mn-mod-text-links\">\n                        <p>Eleven projects among 80 submitted projects have been selected for financing during the contest of the European joint programme \u2018EJP SOIL \u2013 Towards climate-smart sustainable management of agricultural soils\u2019. Project SOMPACS \u2013 soil management effects on Soil Organic Matter Properties and Carbon Sequestration\u2019 has received the best reviews. Prof. Jerzy Weber from the Institute of Soil Sciences and Environmental Protection of the Wroc\u0142aw University of Environmental and Life Sciences is a leader of this project. The Warsaw University of Life Sciences is represented by the Water Centre, the Institute of Environmental Engineering and the Institute of Agriculture. The scientific team consists of dr hab. Edyta Hewelke (project manager), dr in\u017c. Aneta Perzanowska (task package manager), dr hab. \u0141ukasz Uzarowicz, prof. SGGW, dr hab. Dariusz Gozdowski, prof. SGGW, dr in\u017c. Ewa Papierowska.<\/p><p>A consortium of 12 partners has been created to implement the project. This consortium is also co-created by the University of Limerick in Ireland, the University of Rostock in Germany, the University of Wyoming in the USA, the University of Naples in Italy, Vytautas Magnus University and Vytautas Magnus University Agriculture Academy in Kaunas in Lithuania, Rothamsted Research in Harpeden in the United Kingdom, the Institute of Agrophysics of the Polish Academy of Sciences in Lublin in Poland, the West Pomeranian University of Technology in Szczecin in Poland, the University of Wroc\u0142aw in Poland, the group of agricultural producers Terra from Prusic near Z\u0142otoryja in Poland.<\/p><p>The aim of the project is to identify management practices and systems enriching soils with the organic matter pools that are stable and and the most resistant to microbial decomposition for various soil and climatic conditions in Europe and the USA while ensuring high yields. Planned studies include i. a. optimization of the balance of organic carbon in the soil using agrotechnical methods and the stability of soil organic matter depending on the soil use system in various climatic conditions.<\/p><p>Soil samples from eight long-term field experiments with different soil management and cultivation systems will be investigated. Field experiments will include long-term investigations: 178 year experiments in Rothamsted Research in Broadbalk, 100 year experiments in Skierniewice, 50 year experiments in Chylice (part of the prof. Marian G\u00f3rski Experimental Station of the Institute of Agriculture). Experiments will also be conducted in productive fields, where additives will be applied to stimulate root growth.<\/p><p>Specific studies on soil organic matter resistant to decomposition (humins) will be carried out using the unique equipment in national and foreign institutes. The basic soil properties will be supplemented by specialised tests of microbiological properties, soil water retention, soil hydrophobicity and stability of its structure, analysis of enzymatic activity, as well as the mineralogical composition of the clay fraction of soils.<\/p><p>Identifying opportunities to increase stable topsoil organic carbon fractions will provide more information on soil organic matter sequestration, soil biodiversity and sustainable approach to improve soil resilience, health and productivity.<\/p><p>The project of the Polish units is financed by the National Centre for Research and Development <span lang=\"pl\">(EJPSOIL\/I\/78\/SOMPACS\/2022).<\/span><\/p><p>Recommended links:<\/p><p><a href=\"https:\/\/ejpsoil.eu\/\"><span lang=\"pl\">https:\/\/ejpsoil.eu\/<\/span><\/a><\/p><p><a href=\"https:\/\/ejpsoil.eu\/soil-research\"><span lang=\"pl\">https:\/\/ejpsoil.eu\/soil-research<\/span><\/a><\/p><p><span lang=\"pl\"><a href=\"https:\/\/ejpsoil.eu\/soil-carbon-sequestration-climate-change-mitigation\">https:\/\/ejpsoil.eu\/soil-carbon-sequestration-climate-change-mitigation<\/a> <\/span><\/p><p><span lang=\"pl\"><a href=\"https:\/\/ejpsoil.eu\/soil-research\/first-external-call-projects-selected\/sompacs\" target=\"_blank\" rel=\"noopener noreferrer\" data-auth=\"NotApplicable\" data-linkindex=\"1\">https:\/\/ejpsoil.eu\/soil-research\/first-external-call-projects-selected\/sompacs<\/a><\/span><\/p><p><a href=\"https:\/\/upwr.edu.pl\/wspolpraca\/projekty\/sompacs\"><span lang=\"pl\">https:\/\/upwr.edu.pl\/wspolpraca\/projekty\/sompacs<\/span><\/a><\/p>\n                    <\/div>\n                <\/div>\n            <\/section>\t\t<\/div>\n\t\t\t\t<\/div>\n\t\t\t\t\t<\/div>\n\t\t<\/div>\n\t\t\t\t\t<\/div>\n\t\t<\/section>\n\t\t\t\t<\/div>\n\t\t","protected":false},"excerpt":{"rendered":"<p>Project SOMPACS Eleven projects among 80 submitted projects have been selected for financing during the contest of the European joint programme \u2018EJP SOIL \u2013 Towards climate-smart sustainable management of agricultural soils\u2019. Project SOMPACS \u2013 soil management effects on Soil Organic Matter Properties and Carbon Sequestration\u2019 has received the best reviews. Prof. Jerzy Weber from the [&hellip;]<\/p>\n","protected":false},"author":35434,"featured_media":0,"parent":15475,"menu_order":0,"comment_status":"closed","ping_status":"closed","template":"","meta":{"_acf_changed":false,"footnotes":""},"class_list":["post-15477","page","type-page","status-publish","hentry"],"acf":[],"_links":{"self":[{"href":"https:\/\/ir.sggw.edu.pl\/en\/wp-json\/wp\/v2\/pages\/15477","targetHints":{"allow":["GET"]}}],"collection":[{"href":"https:\/\/ir.sggw.edu.pl\/en\/wp-json\/wp\/v2\/pages"}],"about":[{"href":"https:\/\/ir.sggw.edu.pl\/en\/wp-json\/wp\/v2\/types\/page"}],"author":[{"embeddable":true,"href":"https:\/\/ir.sggw.edu.pl\/en\/wp-json\/wp\/v2\/users\/35434"}],"replies":[{"embeddable":true,"href":"https:\/\/ir.sggw.edu.pl\/en\/wp-json\/wp\/v2\/comments?post=15477"}],"version-history":[{"count":4,"href":"https:\/\/ir.sggw.edu.pl\/en\/wp-json\/wp\/v2\/pages\/15477\/revisions"}],"predecessor-version":[{"id":15483,"href":"https:\/\/ir.sggw.edu.pl\/en\/wp-json\/wp\/v2\/pages\/15477\/revisions\/15483"}],"up":[{"embeddable":true,"href":"https:\/\/ir.sggw.edu.pl\/en\/wp-json\/wp\/v2\/pages\/15475"}],"wp:attachment":[{"href":"https:\/\/ir.sggw.edu.pl\/en\/wp-json\/wp\/v2\/media?parent=15477"}],"curies":[{"name":"wp","href":"https:\/\/api.w.org\/{rel}","templated":true}]}}