{"id":14192,"date":"2023-01-31T18:48:53","date_gmt":"2023-01-31T17:48:53","guid":{"rendered":"https:\/\/ir.sggw.edu.pl\/?page_id=14192"},"modified":"2023-04-12T10:30:56","modified_gmt":"2023-04-12T08:30:56","slug":"biofoodonmars","status":"publish","type":"page","link":"https:\/\/ir.sggw.edu.pl\/en\/biofoodonmars\/","title":{"rendered":"BioFoodOnMars"},"content":{"rendered":"\t\t<div data-elementor-type=\"wp-page\" data-elementor-id=\"14192\" class=\"elementor elementor-14192\" data-elementor-post-type=\"page\">\n\t\t\t\t\t\t<section class=\"elementor-section elementor-top-section elementor-element elementor-element-6611065 elementor-section-boxed elementor-section-height-default elementor-section-height-default\" data-id=\"6611065\" data-element_type=\"section\">\n\t\t\t\t\t\t<div class=\"elementor-container elementor-column-gap-default\">\n\t\t\t\t\t<div class=\"elementor-column elementor-col-100 elementor-top-column elementor-element elementor-element-ae09647\" data-id=\"ae09647\" data-element_type=\"column\">\n\t\t\t<div class=\"elementor-widget-wrap elementor-element-populated\">\n\t\t\t\t\t\t<div class=\"elementor-element elementor-element-0953f1e elementor-widget elementor-widget-wp-widget-bcn_widget\" data-id=\"0953f1e\" data-element_type=\"widget\" data-widget_type=\"wp-widget-bcn_widget.default\">\n\t\t\t\t<div class=\"elementor-widget-container\">\n\t\t\t<div class=\"mn-grid breadcrumb\">\n                                    <div class=\"breadcrumb-inner mn-grid-12\"><div class=\"breadcrumbs\" vocab=\"https:\/\/schema.org\/\" typeof=\"BreadcrumbList\"><span property=\"itemListElement\" typeof=\"ListItem\"><a property=\"item\" typeof=\"WebPage\" title=\"Go to SGGW Witryn.\" href=\"https:\/\/www.sggw.edu.pl\/\" class=\"main-home\" ><span property=\"name\">SGGW Witryn<\/span><\/a><meta property=\"position\" content=\"1\"><\/span> \/ <span property=\"itemListElement\" typeof=\"ListItem\"><a property=\"item\" typeof=\"WebPage\" title=\"Go to Instytut Rolnictwa.\" href=\"https:\/\/ir.sggw.edu.pl\/en\/\" class=\"home\" aria-current=\"page\"><span property=\"name\">Home<\/span><\/a><meta property=\"position\" content=\"2\"><\/span><\/div>    <\/div>\n                                <\/div>\t\t<\/div>\n\t\t\t\t<\/div>\n\t\t\t\t\t<\/div>\n\t\t<\/div>\n\t\t\t\t\t<\/div>\n\t\t<\/section>\n\t\t\t\t<section class=\"elementor-section elementor-top-section elementor-element elementor-element-117c81e elementor-section-boxed elementor-section-height-default elementor-section-height-default\" data-id=\"117c81e\" data-element_type=\"section\">\n\t\t\t\t\t\t<div class=\"elementor-container elementor-column-gap-default\">\n\t\t\t\t\t<div class=\"elementor-column elementor-col-100 elementor-top-column elementor-element elementor-element-df06fc4\" data-id=\"df06fc4\" data-element_type=\"column\">\n\t\t\t<div class=\"elementor-widget-wrap elementor-element-populated\">\n\t\t\t\t\t\t<div class=\"elementor-element elementor-element-809c661 elementor-widget elementor-widget-post-title\" data-id=\"809c661\" data-element_type=\"widget\" data-widget_type=\"post-title.default\">\n\t\t\t\t<div class=\"elementor-widget-container\">\n\t\t\t<section>\n                    <div class=\"mn-grid entry-header-inner section-inner medium\">\n                        <h1 class=\"mn-grid-12 entry-title\" style=\"\">\n                            BioFoodOnMars\n                        <\/h1>\n                    <\/div>\n                <\/section>\t\t<\/div>\n\t\t\t\t<\/div>\n\t\t\t\t\t<\/div>\n\t\t<\/div>\n\t\t\t\t\t<\/div>\n\t\t<\/section>\n\t\t\t\t<section class=\"elementor-section elementor-top-section elementor-element elementor-element-0ede299 elementor-section-boxed elementor-section-height-default elementor-section-height-default\" data-id=\"0ede299\" data-element_type=\"section\">\n\t\t\t\t\t\t<div class=\"elementor-container elementor-column-gap-default\">\n\t\t\t\t\t<div class=\"elementor-column elementor-col-100 elementor-top-column elementor-element elementor-element-9dd69b9\" data-id=\"9dd69b9\" data-element_type=\"column\">\n\t\t\t<div class=\"elementor-widget-wrap elementor-element-populated\">\n\t\t\t\t\t\t<div class=\"elementor-element elementor-element-70a26e3 elementor-widget elementor-widget-image\" data-id=\"70a26e3\" data-element_type=\"widget\" data-widget_type=\"image.default\">\n\t\t\t\t<div class=\"elementor-widget-container\">\n\t\t\t\t\t\t\t\t\t\t\t\t\t<img fetchpriority=\"high\" decoding=\"async\" width=\"1055\" height=\"355\" src=\"https:\/\/ir.sggw.edu.pl\/wp-content\/uploads\/sites\/4\/2023\/01\/logo_BioFoodOnMars.jpg\" class=\"attachment-full size-full wp-image-14105\" alt=\"\" srcset=\"https:\/\/ir.sggw.edu.pl\/wp-content\/uploads\/sites\/4\/2023\/01\/logo_BioFoodOnMars.jpg 1055w, https:\/\/ir.sggw.edu.pl\/wp-content\/uploads\/sites\/4\/2023\/01\/logo_BioFoodOnMars-300x101.jpg 300w, https:\/\/ir.sggw.edu.pl\/wp-content\/uploads\/sites\/4\/2023\/01\/logo_BioFoodOnMars-1024x345.jpg 1024w, https:\/\/ir.sggw.edu.pl\/wp-content\/uploads\/sites\/4\/2023\/01\/logo_BioFoodOnMars-768x258.jpg 768w\" sizes=\"(max-width: 1055px) 100vw, 1055px\" \/>\t\t\t\t\t\t\t\t\t\t\t\t\t<\/div>\n\t\t\t\t<\/div>\n\t\t\t\t\t<\/div>\n\t\t<\/div>\n\t\t\t\t\t<\/div>\n\t\t<\/section>\n\t\t\t\t<section class=\"elementor-section elementor-top-section elementor-element elementor-element-f8f8295 elementor-section-boxed elementor-section-height-default elementor-section-height-default\" data-id=\"f8f8295\" data-element_type=\"section\">\n\t\t\t\t\t\t<div class=\"elementor-container elementor-column-gap-default\">\n\t\t\t\t\t<div class=\"elementor-column elementor-col-100 elementor-top-column elementor-element elementor-element-0a542e9\" data-id=\"0a542e9\" data-element_type=\"column\">\n\t\t\t<div class=\"elementor-widget-wrap elementor-element-populated\">\n\t\t\t\t\t\t<div class=\"elementor-element elementor-element-810588e elementor-tabs-view-horizontal elementor-widget elementor-widget-tabs\" data-id=\"810588e\" data-element_type=\"widget\" data-widget_type=\"tabs.default\">\n\t\t\t\t<div class=\"elementor-widget-container\">\n\t\t\t\t\t<div class=\"elementor-tabs\">\n\t\t\t<div class=\"elementor-tabs-wrapper\" role=\"tablist\" >\n\t\t\t\t\t\t\t\t\t<div id=\"elementor-tab-title-1351\" class=\"elementor-tab-title elementor-tab-desktop-title\" aria-selected=\"true\" data-tab=\"1\" role=\"tab\" tabindex=\"0\" aria-controls=\"elementor-tab-content-1351\" aria-expanded=\"false\">Informacje o projekcie<\/div>\n\t\t\t\t\t\t\t\t\t<div id=\"elementor-tab-title-1352\" class=\"elementor-tab-title elementor-tab-desktop-title\" aria-selected=\"false\" data-tab=\"2\" role=\"tab\" tabindex=\"-1\" aria-controls=\"elementor-tab-content-1352\" aria-expanded=\"false\">Cel projektu<\/div>\n\t\t\t\t\t\t\t\t\t<div id=\"elementor-tab-title-1353\" class=\"elementor-tab-title elementor-tab-desktop-title\" aria-selected=\"false\" data-tab=\"3\" role=\"tab\" tabindex=\"-1\" aria-controls=\"elementor-tab-content-1353\" aria-expanded=\"false\">Streszczenie projektu<\/div>\n\t\t\t\t\t\t\t\t\t<div id=\"elementor-tab-title-1354\" class=\"elementor-tab-title elementor-tab-desktop-title\" aria-selected=\"false\" data-tab=\"4\" role=\"tab\" tabindex=\"-1\" aria-controls=\"elementor-tab-content-1354\" aria-expanded=\"false\">Wydarzenia<\/div>\n\t\t\t\t\t\t\t\t\t<div id=\"elementor-tab-title-1355\" class=\"elementor-tab-title elementor-tab-desktop-title\" aria-selected=\"false\" data-tab=\"5\" role=\"tab\" tabindex=\"-1\" aria-controls=\"elementor-tab-content-1355\" aria-expanded=\"false\">Kontakt<\/div>\n\t\t\t\t\t\t\t<\/div>\n\t\t\t<div class=\"elementor-tabs-content-wrapper\" role=\"tablist\" aria-orientation=\"vertical\">\n\t\t\t\t\t\t\t\t\t<div class=\"elementor-tab-title elementor-tab-mobile-title\" aria-selected=\"true\" data-tab=\"1\" role=\"tab\" tabindex=\"0\" aria-controls=\"elementor-tab-content-1351\" aria-expanded=\"false\">Informacje o projekcie<\/div>\n\t\t\t\t\t<div id=\"elementor-tab-content-1351\" class=\"elementor-tab-content elementor-clearfix\" data-tab=\"1\" role=\"tabpanel\" aria-labelledby=\"elementor-tab-title-1351\" tabindex=\"0\" hidden=\"false\"><blockquote><p><strong>Tytu\u0142 projektu w j\u0119zyku polskim:<\/strong> Biofortyfikacja ro\u015blin przeznaczonych do spo\u017cycia i na cele pastewne uprawianych na glebach marginalnych w warunkach zmieniaj\u0105cego si\u0119 klimatu<\/p><p><strong>Tytu\u0142 projektu w j\u0119zyku angielskim:<\/strong> Biofortified and climate-resilient food and fodder production on marginal soils<\/p><p><strong>Akronim projektu:<\/strong> BioFoodOnMars<\/p><p><strong>Czas realizacji projektu:<\/strong> 1 maj 2020 \u2013 30 kwiecie\u0144 2022<\/p><\/blockquote><h4>Cz\u0142onkowie konsorcjum<\/h4><ol><li style=\"list-style-type: none\"><ol><li>Evelin Loit (lider projektu) &#8211; Estonian University of Life Sciences<\/li><li>Wies\u0142aw Szulc Warsaw University of Life Sciences<\/li><li>Michel Mench Institut National de la Recherche Agronomique (INRA) University of Bordeaux,<\/li><li>Francois Rineau UHasselt Martelarenlaan 42,<\/li><li>Peter Schr\u00f6der Helmholtz Zentrum Muenchen GmbH<\/li><li>Virmantas Povilaitis Lithuanian Research Centre for Agriculture and Forestry Instituto<\/li><\/ol><\/li><\/ol><p>\u00a0<\/p><blockquote><p><a href=\"https:\/\/ir.sggw.edu.pl\/wp-content\/uploads\/sites\/4\/2023\/04\/BioFoodOnMars_podsumowanie1.pdf\"><strong>Podsumowanie projektu<\/strong><\/a><\/p><\/blockquote><\/div>\n\t\t\t\t\t\t\t\t\t<div class=\"elementor-tab-title elementor-tab-mobile-title\" aria-selected=\"false\" data-tab=\"2\" role=\"tab\" tabindex=\"-1\" aria-controls=\"elementor-tab-content-1352\" aria-expanded=\"false\">Cel projektu<\/div>\n\t\t\t\t\t<div id=\"elementor-tab-content-1352\" class=\"elementor-tab-content elementor-clearfix\" data-tab=\"2\" role=\"tabpanel\" aria-labelledby=\"elementor-tab-title-1352\" tabindex=\"0\" hidden=\"hidden\"><p>Celem bada\u0144 jest mapowanie potencjalnych plon\u00f3w i mo\u017cliwo\u015bci waloryzacji gleb marginalnych w r\u00f3\u017cnych regionalnych warunkach w Europie i pr\u00f3ba zoptymalizowania produkcji biomasy za pomoc\u0105 bionawoz\u00f3w lub dodatk\u00f3w do gleby, takich jak krzem, lub zmian w zarz\u0105dzaniu, takich jak teledetekcja i digitalizacja. Wyniki pos\u0142u\u017c\u0105 do opracowania zalece\u0144 dla rolnik\u00f3w i decydent\u00f3w.<\/p><p>\u00a0<\/p><p>W zwi\u0105zku ze zmniejszaj\u0105c\u0105 si\u0119 powierzchni\u0105 gleb uprawnych i post\u0119puj\u0105cymi zmianami klimatu opracujemy nowe rozwi\u0105zania, kt\u00f3re w spos\u00f3b zr\u00f3wnowa\u017cony pozwol\u0105 zwi\u0119kszy\u0107 zar\u00f3wno plon jak i jako\u015b\u0107 ro\u015blin uprawnych oraz zwi\u0119kszy\u0107 odporno\u015b\u0107 agroekosystem\u00f3w w UE na zmiany klimatu. W projekcie planuje si\u0119 aktywowa\u0107 w\u0142\u0105czanie nieu\u017cytk\u00f3w i gleb marginalnych pod uprawy ro\u015blin przeznaczonych na cele konsumpcyjne i paszowe. Du\u017ce ilo\u015bci biomasy o wysokiej jako\u015bci mo\u017cna wytwarza\u0107 na glebach marginalnych, poprzez popraw\u0119 ich w\u0142a\u015bciwo\u015bci fizykochemicznych wykorzystuj\u0105c mi\u0119dzy innymi odpadow\u0105 biomas\u0119 powstaj\u0105c\u0105 w rolnictwie i biofortyfikacj\u0119 ro\u015blin uprawnych (np. Se).<\/p><p>\u00a0<\/p><p>W projekcie przewiduje si\u0119 nawo\u017cenie krzemem, kt\u00f3re ma zwi\u0119kszy\u0107 odporno\u015b\u0107 upraw na stresy biotyczne\/abiotyczne i odporno\u015b\u0107 ro\u015blin na zmiany klimatu. Poprawa efektywno\u015bci wykorzystania wody przez ro\u015bliny, zwi\u0119kszenie ich odporno\u015bci na choroby i szkodniki oraz poprawa r\u00f3\u017cnorodno\u015bci biologicznej zmniejsz\u0105 wykorzystanie pestycyd\u00f3w w produkcji ro\u015blinnej. Projekt obejmuje zarz\u0105dzanie produktami ubocznymi powstaj\u0105cymi w rolnictwie np. poprzez przekszta\u0142cenie na biogaz i odzyskiwanie energii lub na \u015brodki poprawiaj\u0105ce w\u0142a\u015bciwo\u015bci gleb, co przyczyni si\u0119 to do zmniejszenia emisji CO<sub>2<\/sub> do atmosfery i jednocze\u015bnie ograniczy \u015blad w\u0119glowy.<\/p><p><img decoding=\"async\" class=\"size-full wp-image-14122 aligncenter\" src=\"https:\/\/ir.sggw.edu.pl\/wp-content\/uploads\/sites\/4\/2023\/01\/BioFoodOnMars_Cel_PL.jpg\" alt=\"\" width=\"573\" height=\"435\" srcset=\"https:\/\/ir.sggw.edu.pl\/wp-content\/uploads\/sites\/4\/2023\/01\/BioFoodOnMars_Cel_PL.jpg 573w, https:\/\/ir.sggw.edu.pl\/wp-content\/uploads\/sites\/4\/2023\/01\/BioFoodOnMars_Cel_PL-300x228.jpg 300w\" sizes=\"(max-width: 573px) 100vw, 573px\" \/><\/p><p>Zostan\u0105 opracowane zalecenia dotycz\u0105ce mo\u017cliwo\u015bci prowadzenia zr\u00f3wnowa\u017conej produkcji rolniczej przy jednoczesnym zwi\u0119kszeniu bior\u00f3\u017cnorodno\u015bci i odporno\u015bci agrosystem\u00f3w w obliczu rosn\u0105cego stresu zwi\u0105zanego ze zmianami klimatu, nowymi szkodnikami i chorobami oraz innymi zagro\u017ceniami dla \u015brodowiska.<\/p><p>\u00a0<\/p><hr \/><h4>\u00a0<\/h4><h4>Project objectives<\/h4><p>In line with the decreasing surface of arable soils and progressive climate changes, we will develop new options to sustainably increase both yield and quality of food and feed crops and climate change-resilience of agroecosystems in EU. We plan to activate idle and marginal land for food and non-food crops. High amounts of quality biomass can be produced on marginal soils by improving their physico-chemical properties using amendments made from agricultural by-products and biofortification of food\/fodder crops (e.g. Se). In addition, silicon fertilization will increase the resistance of crops to biotic\/abiotic stresses and plant resilience to climate change.<\/p><p>\u00a0<\/p><p>Improving plant water use efficiency, resilience to disease and pests, and biodiversity will reduce agrochemical use in crop production. The project includes the management of agricultural by-products, e.g. by transformation into biogas and energy recovery, and producing organic amendments usable to improve marginal soil properties. This will contribute to reduce atmospheric CO2 emissions, promoting lower C footprints.<\/p><p><img decoding=\"async\" class=\" wp-image-14120 aligncenter\" src=\"https:\/\/ir.sggw.edu.pl\/wp-content\/uploads\/sites\/4\/2023\/01\/BioFoodOnMars_Cel_EN.jpg\" alt=\"\" width=\"443\" height=\"428\" srcset=\"https:\/\/ir.sggw.edu.pl\/wp-content\/uploads\/sites\/4\/2023\/01\/BioFoodOnMars_Cel_EN.jpg 725w, https:\/\/ir.sggw.edu.pl\/wp-content\/uploads\/sites\/4\/2023\/01\/BioFoodOnMars_Cel_EN-300x290.jpg 300w\" sizes=\"(max-width: 443px) 100vw, 443px\" \/><\/p><p>A toolbox addressing resilient agrosystems allowing sustainable intensification of agriculture under increasing stress of climate change, new pests and disease outbreaks and other environmental pressures and preserving biodiversity and ecosystem services will be the end-product translated to national languages and distributed to farmers and stakeholders.<\/p><\/div>\n\t\t\t\t\t\t\t\t\t<div class=\"elementor-tab-title elementor-tab-mobile-title\" aria-selected=\"false\" data-tab=\"3\" role=\"tab\" tabindex=\"-1\" aria-controls=\"elementor-tab-content-1353\" aria-expanded=\"false\">Streszczenie projektu<\/div>\n\t\t\t\t\t<div id=\"elementor-tab-content-1353\" class=\"elementor-tab-content elementor-clearfix\" data-tab=\"3\" role=\"tabpanel\" aria-labelledby=\"elementor-tab-title-1353\" tabindex=\"0\" hidden=\"hidden\"><p>Liczba ludno\u015bci na \u015bwiecie do 2050 r. przekroczy 9 miliard\u00f3w, co wymaga zwi\u0119kszenia produkcji \u017cywno\u015bci o 70\u201385% (Dhankher i Foyer 2018), przy jednoczesnym zapewnieniu bezpiecze\u0144stwa \u017cywno\u015bciowego. Aby zwalczy\u0107 malej\u0105c\u0105 produktywno\u015b\u0107 gleb uprawnych i post\u0119puj\u0105ce zmiany klimatu, w ramach projektu opracowane zostan\u0105 nowe mo\u017cliwo\u015bci zwi\u0119kszenia ilo\u015bci i jako\u015bci plonu ro\u015blin przeznaczonych na cele konsumpcyjne i paszowe w Europie przy u\u017cyciu nowych strategii zr\u00f3wnowa\u017conego wzrostu produkcji ro\u015blin i zwi\u0119kszenia odporno\u015bci agroekosystem\u00f3w na zmiany klimatu. Celem bada\u0144 jest mapowanie potencjalnych plon\u00f3w i mo\u017cliwo\u015bci waloryzacji gleb marginalnych w r\u00f3\u017cnych regionalnych warunkach w Europie i pr\u00f3ba zoptymalizowania produkcji biomasy za pomoc\u0105 bionawoz\u00f3w lub dodatk\u00f3w do gleby, takich jak krzem, lub zmian w zarz\u0105dzaniu, takich jak teledetekcja i digitalizacja. Wyniki pos\u0142u\u017c\u0105 do opracowania zalece\u0144 dla rolnik\u00f3w i decydent\u00f3w.<\/p><p><strong>S\u0142owa kluczowe:<\/strong> gleby marginalne, biofortyfikacja, zmiany klimatu, rolnictwo<\/p><p>\u00a0<\/p><p>By 2050 the world&#8217;s population will exceed 9 billion requiring the increase of food production by 70-85% (Dhankher &amp; Foyer 2018), while ensuring food security and safety. To combat the decreasing productivity of arable soils and progressive climate changes, the project will develop new opportunities to increase the amount and quality of food and feed crops in Europe using new strategies for sustainable growth of plant production and increasing climate change resilience of agroecosystems. Our aim is to map potential crop yields and the valorization opportunities on marginal soils under various regional conditions in Europe and try to optimize the biomass production and valorization with biofertilizers or soil additives, like silicon, or management changes like remote sensing and digitalization. The results will be aligned to design toolboxes for farmers and policy makers<\/p><p><strong>Keywords:<\/strong> marginal soils, biofortification, climate change, agriculture<\/p><\/div>\n\t\t\t\t\t\t\t\t\t<div class=\"elementor-tab-title elementor-tab-mobile-title\" aria-selected=\"false\" data-tab=\"4\" role=\"tab\" tabindex=\"-1\" aria-controls=\"elementor-tab-content-1354\" aria-expanded=\"false\">Wydarzenia<\/div>\n\t\t\t\t\t<div id=\"elementor-tab-content-1354\" class=\"elementor-tab-content elementor-clearfix\" data-tab=\"4\" role=\"tabpanel\" aria-labelledby=\"elementor-tab-title-1354\" tabindex=\"0\" hidden=\"hidden\"><blockquote><p><span style=\"color: #008000\"><a style=\"color: #008000\" href=\"https:\/\/ir.sggw.edu.pl\/wp-content\/uploads\/sites\/4\/2023\/01\/BioFoodOnMars-Poster-13.08.2020.pdf\">BioFoodOnMars-Poster-13.08.2020<\/a><\/span><\/p><\/blockquote><blockquote><p><span style=\"color: #008000\"><a style=\"color: #008000\" href=\"https:\/\/ir.sggw.edu.pl\/wp-content\/uploads\/sites\/4\/2023\/01\/Agenda.pdf\">Agenda Status Seminar, Valorisation Workshop, HEU Info Event Meeting of Funders<\/a><\/span><\/p><p><span style=\"color: #008000\"><a style=\"color: #008000\" href=\"https:\/\/ir.sggw.edu.pl\/wp-content\/uploads\/sites\/4\/2023\/01\/Polish-experiments-2021.pdf\">Polish experiments &#8211; 2021<br \/><\/a><\/span><a style=\"color: #008000\" href=\"https:\/\/ir.sggw.edu.pl\/wp-content\/uploads\/sites\/4\/2023\/01\/SURPLUS-3-MTM-ppt-BioFoodOnMars.pdf\">SURPLUS-3 MTM BioFoodOnMars &#8211; 2021<\/a><\/p><\/blockquote><h4>\u00a0<\/h4><h4>Estonia meeting 2023<\/h4><blockquote><p><span style=\"color: #008000\"><a style=\"color: #008000\" href=\"https:\/\/ir.sggw.edu.pl\/wp-content\/uploads\/sites\/4\/2023\/02\/BioFoodOnMars-annual-meeting-agenda-26-27.01.2023.pdf\">BioFoodOnMars annual meeting agenda 26-27.01.2023<\/a><\/span><\/p><p><span style=\"color: #008000\"><a style=\"color: #008000\" href=\"https:\/\/ir.sggw.edu.pl\/wp-content\/uploads\/sites\/4\/2023\/01\/Polish-experiments.pdf\">Polish experiments &#8211; 2022<\/a><\/span><\/p><p><span style=\"color: #008000\"><a style=\"color: #008000\" href=\"https:\/\/ir.sggw.edu.pl\/wp-content\/uploads\/sites\/4\/2023\/01\/Relaunch-cropping-on-marginal-soils.pdf\">Relaunch cropping on marginal soils [&#8230;] &#8211; publication<\/a><\/span><\/p><\/blockquote><\/div>\n\t\t\t\t\t\t\t\t\t<div class=\"elementor-tab-title elementor-tab-mobile-title\" aria-selected=\"false\" data-tab=\"5\" role=\"tab\" tabindex=\"-1\" aria-controls=\"elementor-tab-content-1355\" aria-expanded=\"false\">Kontakt<\/div>\n\t\t\t\t\t<div id=\"elementor-tab-content-1355\" class=\"elementor-tab-content elementor-clearfix\" data-tab=\"5\" role=\"tabpanel\" aria-labelledby=\"elementor-tab-title-1355\" tabindex=\"0\" hidden=\"hidden\"><blockquote><div><span style=\"color: #008000\"><strong>prof. dr hab. Wies\u0142aw Szulc<\/strong><\/span><\/div><div><span style=\"text-decoration: underline;color: #0000ff\"><a style=\"color: #0000ff;text-decoration: underline\" href=\"mailto:wieslaw_szulc@sggw.edu.pl\">wieslaw_szulc@sggw.edu.pl<\/a><\/span><\/div><div><span style=\"color: #008000\">+48 225932628<\/span><\/div><div><span style=\"text-decoration: underline;color: #0000ff\"><a id=\"LPlnkOWALinkPreview\" style=\"color: #0000ff;text-decoration: underline\" href=\"https:\/\/ir.sggw.edu.pl\/biofoodonmars\/\" target=\"_blank\" rel=\"noopener noreferrer\" data-auth=\"NotApplicable\" data-safelink=\"true\" data-linkindex=\"0\">https:\/\/ir.sggw.edu.pl\/biofoodonmars\/<\/a><\/span><\/div><\/blockquote><\/div>\n\t\t\t\t\t\t\t<\/div>\n\t\t<\/div>\n\t\t\t\t<\/div>\n\t\t\t\t<\/div>\n\t\t\t\t\t<\/div>\n\t\t<\/div>\n\t\t\t\t\t<\/div>\n\t\t<\/section>\n\t\t\t\t<section class=\"elementor-section elementor-top-section elementor-element elementor-element-027bc13 elementor-section-boxed elementor-section-height-default elementor-section-height-default\" data-id=\"027bc13\" data-element_type=\"section\">\n\t\t\t\t\t\t<div class=\"elementor-container elementor-column-gap-default\">\n\t\t\t\t\t<div class=\"elementor-column elementor-col-100 elementor-top-column elementor-element elementor-element-c875c61\" data-id=\"c875c61\" data-element_type=\"column\">\n\t\t\t<div class=\"elementor-widget-wrap elementor-element-populated\">\n\t\t\t\t\t\t<div class=\"elementor-element elementor-element-6e7ffd3 elementor-widget elementor-widget-w24\" data-id=\"6e7ffd3\" data-element_type=\"widget\" data-widget_type=\"w24.default\">\n\t\t\t\t<div class=\"elementor-widget-container\">\n\t\t\t<section>\n                    <div class=\"mn-grid\">\n                        <a href=\"https:\/\/ir.sggw.edu.pl\/en\/biofoodonmars\" class=\"mn-grid-12 btn color-6\"><span class=\"txt\"> page in english<\/span><\/a>\n                    <\/div>\n                <\/section>\t\t<\/div>\n\t\t\t\t<\/div>\n\t\t\t\t\t<\/div>\n\t\t<\/div>\n\t\t\t\t\t<\/div>\n\t\t<\/section>\n\t\t\t\t<\/div>\n\t\t","protected":false},"excerpt":{"rendered":"<p>BioFoodOnMars Informacje o projekcie Cel projektu Streszczenie projektu Wydarzenia Kontakt Informacje o projekcie Tytu\u0142 projektu w j\u0119zyku polskim: Biofortyfikacja ro\u015blin przeznaczonych do spo\u017cycia i na cele pastewne uprawianych na glebach marginalnych w warunkach zmieniaj\u0105cego si\u0119 klimatu Tytu\u0142 projektu w j\u0119zyku angielskim: Biofortified and climate-resilient food and fodder production on marginal soils Akronim projektu: BioFoodOnMars Czas [&hellip;]<\/p>\n","protected":false},"author":49,"featured_media":0,"parent":0,"menu_order":0,"comment_status":"closed","ping_status":"closed","template":"","meta":{"_acf_changed":false,"footnotes":""},"class_list":["post-14192","page","type-page","status-publish","hentry"],"acf":[],"_links":{"self":[{"href":"https:\/\/ir.sggw.edu.pl\/en\/wp-json\/wp\/v2\/pages\/14192","targetHints":{"allow":["GET"]}}],"collection":[{"href":"https:\/\/ir.sggw.edu.pl\/en\/wp-json\/wp\/v2\/pages"}],"about":[{"href":"https:\/\/ir.sggw.edu.pl\/en\/wp-json\/wp\/v2\/types\/page"}],"author":[{"embeddable":true,"href":"https:\/\/ir.sggw.edu.pl\/en\/wp-json\/wp\/v2\/users\/49"}],"replies":[{"embeddable":true,"href":"https:\/\/ir.sggw.edu.pl\/en\/wp-json\/wp\/v2\/comments?post=14192"}],"version-history":[{"count":23,"href":"https:\/\/ir.sggw.edu.pl\/en\/wp-json\/wp\/v2\/pages\/14192\/revisions"}],"predecessor-version":[{"id":15277,"href":"https:\/\/ir.sggw.edu.pl\/en\/wp-json\/wp\/v2\/pages\/14192\/revisions\/15277"}],"wp:attachment":[{"href":"https:\/\/ir.sggw.edu.pl\/en\/wp-json\/wp\/v2\/media?parent=14192"}],"curies":[{"name":"wp","href":"https:\/\/api.w.org\/{rel}","templated":true}]}}