{"id":13221,"date":"2022-10-30T19:48:53","date_gmt":"2022-10-30T18:48:53","guid":{"rendered":"https:\/\/ir.sggw.edu.pl\/?page_id=13221"},"modified":"2024-07-02T14:27:09","modified_gmt":"2024-07-02T12:27:09","slug":"history","status":"publish","type":"page","link":"https:\/\/ir.sggw.edu.pl\/en\/institute-of-agriculture\/about-the-institute\/experimental-station-in-skierniewice\/history\/","title":{"rendered":"History"},"content":{"rendered":"\t\t<div data-elementor-type=\"wp-page\" data-elementor-id=\"13221\" class=\"elementor elementor-13221\" data-elementor-post-type=\"page\">\n\t\t\t\t\t\t<section class=\"elementor-section elementor-top-section elementor-element elementor-element-7e125f1 elementor-section-boxed elementor-section-height-default elementor-section-height-default\" data-id=\"7e125f1\" data-element_type=\"section\">\n\t\t\t\t\t\t<div class=\"elementor-container elementor-column-gap-default\">\n\t\t\t\t\t<div class=\"elementor-column elementor-col-100 elementor-top-column elementor-element elementor-element-dd641a4\" data-id=\"dd641a4\" data-element_type=\"column\">\n\t\t\t<div class=\"elementor-widget-wrap elementor-element-populated\">\n\t\t\t\t\t\t<div class=\"elementor-element elementor-element-1b04c1f elementor-widget elementor-widget-wp-widget-bcn_widget\" data-id=\"1b04c1f\" data-element_type=\"widget\" data-widget_type=\"wp-widget-bcn_widget.default\">\n\t\t\t\t<div class=\"elementor-widget-container\">\n\t\t\t<div class=\"mn-grid breadcrumb\">\n                                    <div class=\"breadcrumb-inner mn-grid-12\"><div class=\"breadcrumbs\" vocab=\"https:\/\/schema.org\/\" typeof=\"BreadcrumbList\"><span property=\"itemListElement\" typeof=\"ListItem\"><a property=\"item\" typeof=\"WebPage\" title=\"Go to SGGW Witryn.\" href=\"https:\/\/www.sggw.edu.pl\/\" class=\"main-home\" ><span property=\"name\">SGGW Witryn<\/span><\/a><meta property=\"position\" content=\"1\"><\/span> \/ <span property=\"itemListElement\" typeof=\"ListItem\"><a property=\"item\" typeof=\"WebPage\" title=\"Go to Instytut Rolnictwa.\" href=\"https:\/\/ir.sggw.edu.pl\/en\/\" class=\"home\" aria-current=\"page\"><span property=\"name\">Home<\/span><\/a><meta property=\"position\" content=\"2\"><\/span><\/div>    <\/div>\n                                <\/div>\t\t<\/div>\n\t\t\t\t<\/div>\n\t\t\t\t\t<\/div>\n\t\t<\/div>\n\t\t\t\t\t<\/div>\n\t\t<\/section>\n\t\t\t\t<section class=\"elementor-section elementor-top-section elementor-element elementor-element-4415819 elementor-section-boxed elementor-section-height-default elementor-section-height-default\" data-id=\"4415819\" data-element_type=\"section\">\n\t\t\t\t\t\t<div class=\"elementor-container elementor-column-gap-default\">\n\t\t\t\t\t<div class=\"elementor-column elementor-col-100 elementor-top-column elementor-element elementor-element-279ecff\" data-id=\"279ecff\" data-element_type=\"column\">\n\t\t\t<div class=\"elementor-widget-wrap elementor-element-populated\">\n\t\t\t\t\t\t<div class=\"elementor-element elementor-element-1606ba7 elementor-widget elementor-widget-post-title\" data-id=\"1606ba7\" data-element_type=\"widget\" data-widget_type=\"post-title.default\">\n\t\t\t\t<div class=\"elementor-widget-container\">\n\t\t\t<section>\n                    <div class=\"mn-grid entry-header-inner section-inner medium\">\n                        <h1 class=\"mn-grid-12 entry-title\" style=\"\">\n                            History\n                        <\/h1>\n                    <\/div>\n                <\/section>\t\t<\/div>\n\t\t\t\t<\/div>\n\t\t\t\t\t<\/div>\n\t\t<\/div>\n\t\t\t\t\t<\/div>\n\t\t<\/section>\n\t\t\t\t<section class=\"elementor-section elementor-top-section elementor-element elementor-element-392e577 elementor-section-boxed elementor-section-height-default elementor-section-height-default\" data-id=\"392e577\" data-element_type=\"section\">\n\t\t\t\t\t\t<div class=\"elementor-container elementor-column-gap-default\">\n\t\t\t\t\t<div class=\"elementor-column elementor-col-100 elementor-top-column elementor-element elementor-element-050e556\" data-id=\"050e556\" data-element_type=\"column\">\n\t\t\t<div class=\"elementor-widget-wrap elementor-element-populated\">\n\t\t\t\t\t\t<div class=\"elementor-element elementor-element-b4b17a9 elementor-widget elementor-widget-w12\" data-id=\"b4b17a9\" data-element_type=\"widget\" data-widget_type=\"w12.default\">\n\t\t\t\t<div class=\"elementor-widget-container\">\n\t\t\t<section>\n                <div class=\"mn-grid\">\n                    <div class=\"mn-grid-12 mn-mod-text-links\">\n                        \n                    <\/div>\n                <\/div>\n            <\/section>\t\t<\/div>\n\t\t\t\t<\/div>\n\t\t\t\t\t<\/div>\n\t\t<\/div>\n\t\t\t\t\t<\/div>\n\t\t<\/section>\n\t\t\t\t<section class=\"elementor-section elementor-top-section elementor-element elementor-element-28c862e elementor-section-boxed elementor-section-height-default elementor-section-height-default\" data-id=\"28c862e\" data-element_type=\"section\">\n\t\t\t\t\t\t<div class=\"elementor-container elementor-column-gap-default\">\n\t\t\t\t\t<div class=\"elementor-column elementor-col-100 elementor-top-column elementor-element elementor-element-dfb34fc\" data-id=\"dfb34fc\" data-element_type=\"column\">\n\t\t\t<div class=\"elementor-widget-wrap elementor-element-populated\">\n\t\t\t\t\t\t<div class=\"elementor-element elementor-element-93c947b elementor-widget elementor-widget-text-editor\" data-id=\"93c947b\" data-element_type=\"widget\" data-widget_type=\"text-editor.default\">\n\t\t\t\t<div class=\"elementor-widget-container\">\n\t\t\t\t\t\t\t<p><strong>Calendar<\/strong><\/p><ul><li><pre id=\"tw-target-text\" class=\"tw-data-text tw-text-large tw-ta\" dir=\"ltr\" data-placeholder=\"T\u0142umaczenie\" aria-label=\"Przet\u0142umaczony tekst\" data-ved=\"2ahUKEwj6o_OnqoiHAxVFQvEDHdZCC5oQ3ewLegQIBRAU\"><span class=\"Y2IQFc\" lang=\"en\">1919 Pursuant to the Regulation of the Minister of Agriculture dated On May 28, 1919, SGGW received a farm for experimental purposes\n1921 By decision of prof. J\u00f3zef Miku\u0142owski-Pomorski, the first field experiments are carried out\n1923 The Experimental Field is incorporated into the structure of the Department of Soil Cultivation and Fertilization, headed by Prof. Marian G\u00f3rski\n1939\u20131945 Field experiments continue under German supervision\n2002 Resolution of the SGGW Senate of On March 25, 2002, the Faculty Experimental Station was established in Skierniewice\n2004\u20132009 Expansion and renovation of the Faculty Experimental Station in Skierniewice\n2019 The Experimental Station of the Institute of Agriculture is established. Prof. Marian G\u00f3rski in Skierniewice on October 1, 2019<\/span><\/pre>\u2014\u2014\u2014\u2014\u2014\u2014\u2014\u2014\u2014\u2014\u2014\u2014\u2014\u2014\u2014\u2014\u2014\u2014\u2014\u2014\u2014\u2014\u2014\u2014\u2014\u2014\u2014\u2014\u2014\u2014\u2014\u2014\u2014\u2014\u2014\u2014\u2014\u2014\u2014\u2014\u2014\u2014\u2014\u2014\u2014\u2014\u2014\u2014\u2014\u2014\u2014\u2014\u2014\u2014\u2014\u2014\u2014\u2014\u2014\u2014\u2014\u2014\u2014\u2014\u2014\u2014\u2014\u2014\u2014\u2014\u2014\u2014\u2014\u2014\u2014\u2014-<\/li><\/ul><p style=\"text-align: center\">Starania prof. J\u00f3zefa Miku\u0142owskiego-Pomorskiego dotycz\u0105ce otrzymania grunt\u00f3w pod do\u015bwiadczenia zosta\u0142y uwie\u0144czone sukcesem w czasie, gdy przez 2 lata by\u0142 rektorem SGGW. Na mocy Rozporz\u0105dzenia Ministerstwa Rolnictwa z dn. 28 maja 1919 r. SGGW otrzyma\u0142o folwark w Skierniewicach na cele do\u015bwiadczalne wraz z gruntami (269 ha), parkiem i pa\u0142acem. Grunty te do ko\u0144ca XVIII w. nale\u017ca\u0142y do arcybiskup\u00f3w gnie\u017anie\u0144skich, na siedzib\u0119 kt\u00f3rych wybrano w Skierniewicach pa\u0142ac (nazywany obecnie Pa\u0142acem Prymasowskim) wraz z otaczaj\u0105cymi zabudowaniami i folwarkiem. Znamiennymi datami dla Skierniewic w XIX w. by\u0142 rok 1845, w kt\u00f3rym uruchomiono pierwsz\u0105 w Polsce kolej \u201eWarszawsko-Wiede\u0144sk\u0105\u201d oraz rok 1885, w kt\u00f3rym w Pa\u0142acu Prymasowskim odby\u0142o si\u0119 spotkanie trzech zaborc\u00f3w Polski: Aleksandra III \u2014 cara Rosji, Franciszka J\u00f3zefa I \u2014 cesarza Austro-W\u0119gier oraz Wilhelma I \u2014 cesarza Niemiec. Dopiero po wyzwoleniu Polski w 1919 r. ca\u0142y folwark skierniewicki wraz z osad\u0105 pa\u0142acow\u0105 i pa\u0142acem (obecnie siedziba Instytutu Warzywnictwa) zosta\u0142 upa\u0144stwowiony i przekazany dla SGGW. W tym czasie Skierniewice sta\u0142y si\u0119 wa\u017cnym\u00a0 o\u015brodkiem pracy naukowej w dziedzinie produkcji rolniczej i ogrodniczej.<\/p><p style=\"text-align: center\">Na terenie przekazanego SGGW folwarku wydzielono 36 ha grunt\u00f3w na Pole Do\u015bwiadczalne. Stanowi\u0142o ono oddzieln\u0105 jednostk\u0119 organizacyjn\u0105 po\u0142\u0105czon\u0105 pocz\u0105tkowo z pracowni\u0105 chemiczno-rolnicz\u0105 Zak\u0142adu Chemii Rolniczej SGGW w Warszawie. Do 1924 r. opiekunem naukowym tego Pola by\u0142 prof. Witold Staniszkis, a kierownikami \u2014 K. Wr\u00f3blewski, a nast\u0119pnie M. Komar. W 1924 r. Pole Do\u015bwiadczalne sta\u0142o si\u0119 cz\u0119\u015bci\u0105 organizacyjn\u0105 Zak\u0142adu Uprawy i Nawo\u017cenia Roli, kt\u00f3ry zosta\u0142 utworzony na Wydziale Ogrodniczym SGGW. Od pocz\u0105tku istnienia kierownikiem Zak\u0142adu by\u0142 prof. Marian G\u00f3rski, z upowa\u017cnienia kt\u00f3rego opiek\u0119 naukow\u0105 nad do\u015bwiadczeniami rolniczymi sprawowali adiunkci: dr Zygmunt Bronis\u0142aw Golonka (1923\u201329) oraz dr Janina Krotowicz-Krzysztofowicz (1929\u201338).<\/p><p style=\"text-align: center\">W czasie II wojny \u015bwiatowej wszystkie do\u015bwiadczenia wieloletnie zak\u0142adane w latach 1922\u20131924 by\u0142y kontynuowane pod nadzorem niemieckim. Od strony naukowej do\u015bwiadczeniami opiekowali si\u0119 mieszkaj\u0105cy tam w tym czasie prof. Marian G\u00f3rski i dr Mieczys\u0142aw Koter, natomiast od strony organizacyjnej \u2014 Szczepan Maciejewski. Na prze\u0142omie lat 1940\/41 na terenie Skierniewic Zwi\u0105zek Walki Zbrojnej (p\u00f3\u017aniej AK) zorganizowa\u0142 oddzia\u0142 specjalny (dywersyjny) do walki zbrojnej z okupantem. Od pocz\u0105tku g\u0142\u00f3wn\u0105 siedzib\u0105 oddzia\u0142u AK by\u0142y budynki SGGW, w kt\u00f3rych ukrywano bro\u0144 i amunicj\u0119. Cz\u0119\u015b\u0107 tych zapas\u00f3w zosta\u0142a odnaleziona w trakcie remontu i rozbudowy Pola Do\u015bwiadczalnego w 2004 r. W czasie okupacji na terenie Pola mieszka\u0142o kilku cz\u0142onk\u00f3w tego oddzia\u0142u, a dw\u00f3ch z nich \u2014 ppor. Wojciech Motyl (pseudonim Puk) i in\u017c. Tadeusz Ba\u0144cerek (pseudonim Wyrwa) by\u0142o pracownikami Pola.<\/p><p style=\"text-align: center\">Od zako\u0144czenia wojny a\u017c do 2005 r. Pole Do\u015bwiadczalne administracyjnie by\u0142o jednostk\u0105 organizacyjn\u0105 nale\u017c\u0105c\u0105 do Katedry Chemii Rolniczej Wydzia\u0142u Rolniczego SGGW. Z tego powodu zwierzchnikami nad dzia\u0142alno\u015bci\u0105 Pola Do\u015bwiadczalnego byli kolejni kierownicy Katedr lub Zak\u0142ad\u00f3w Chemii Rolniczej: prof. Marian G\u00f3rski, prof. J\u00f3zef Goralski, prof. Leszek Kuszelewski, prof. Stanis\u0142aw Moskal, prof. Tadeusz Barszczak, prof. Stanis\u0142aw Mercik i prof. Jan \u0141ab\u0119towicz. Z upowa\u017cnienia kolejnych kierownik\u00f3w Katedr w okresie powojennym opiek\u0119 nad do\u015bwiadczeniami prowadzonymi na Polu Do\u015bwiadczalnym sprawowali Alfred Klawencki (do 1953 r.), Jan Hryniuk (1953\u20131958), Stanis\u0142aw Mercik (1958\u20131984) i Wojciech St\u0119pie\u0144 (od 1985 r.).<\/p><p style=\"text-align: center\">W latach 60. i 70. Pole Do\u015bwiadczalne w Skierniewicach prze\u017cywa\u0142o trudne chwile. Pod koniec lat 60. zosta\u0142y podj\u0119te pr\u00f3by przej\u0119cia Pola przez Instytut Warzywnictwa. Powo\u0142ana w\u00f3wczas specjalna komisja mi\u0119dzyministerialna (Ministerstwa Nauki i Szkolnictwa Wy\u017cszego oraz Ministerstwa Rolnictwa) przeanalizowa\u0142a na miejscu warto\u015b\u0107 do\u015bwiadcze\u0144 wieloletnich i wskaza\u0142a, \u017ce tylko 7,5 ha bez szkody mo\u017ce zosta\u0107 przekazana na rzecz Instytutu Warzywnictwa. Decyzja ta zosta\u0142a zrealizowana w 1969 r. wbrew uchwale Rady Wydzia\u0142u Rolniczego SGGW. Pozosta\u0142\u0105 cz\u0119\u015b\u0107 Pola Do\u015bwiadczalnego uznano za bezcenn\u0105, niepodzieln\u0105 ca\u0142o\u015b\u0107 i pozostawiono przy SGGW. W 1979 r. po raz drugi poczyniono starania o odebranie cz\u0119\u015bci Pola Do\u015bwiadczalnego na rzecz miasta. W tym czasie wojewoda skierniewicki wyst\u0105pi\u0142 do Rektora SGGW prof. Henryka Jesiorowskiego o przekazanie pod budow\u0119 Zespo\u0142u Szk\u00f3\u0142 Ogrodniczych przesz\u0142o po\u0142owy area\u0142u Pola. Ostatecznie w\u0142adze SGGW, w porozumieniu z Ministerstwem Szkolnictwa Wy\u017cszego, nie wyrazi\u0142y zgody na przekazanie grunt\u00f3w Pola Do\u015bwiadczalnego dla Technikum Ogrodniczego.<\/p><p style=\"text-align: center\">Niezale\u017cnie od tego w latach 1985\u20131986 w Skierniewicach mia\u0142o miejsce kilka po\u017car\u00f3w. W pierwszym po\u017carze jesieni\u0105 1985 r. sp\u0142on\u0119\u0142a specjalna suszarnia do suszenia tytoniu lub siana, a tydzie\u0144 p\u00f3\u017aniej \u2014 du\u017ca stodo\u0142a ze specjalnymi boksami do gromadzenia zb\u00f3\u017c z poletek. W trzecim po\u017carze, latem 1986 r. sp\u0142on\u0119\u0142a obora i stajnia. Z du\u017cym prawdopodobie\u0144stwem mo\u017cna wnioskowa\u0107, \u017ce by\u0142y to podpalenia, ale nie uda\u0142o si\u0119 zidentyfikowa\u0107 sprawc\u00f3w tych czyn\u00f3w.<\/p><p style=\"text-align: center\">W latach 2004-2009 mia\u0142a miejsce rozbudowa oraz remont \u00f3wczesnej Wydzia\u0142owej Stacji Do\u015bwiadczalnej w Skierniewicach. Zosta\u0142y wybudowane 2 budynki i wyremontowane 3 stare. Decyzj\u0105 Rektora dokupiono 31ha grunt\u00f3w, po\u0142o\u017conych na terenie wsi Miedniewice, ok. 2km od siedziby Stacji Do\u015bwiadczalnej. Na tych gruntach w 2011r. z inicjatywy Prof. Stanis\u0142awa Lenarta, Prof. Zdzis\u0142awa Wyszy\u0144skiego, Prof. Wies\u0142awa M\u0105drego wydzielono 11ha na potrzeby bada\u0144 Katedry Agronomii. Kierownikiem Wydzia\u0142owej Stacji Do\u015bwiadczalnej\u00a0 w Skierniewicach zosta\u0142 dr Wojciech St\u0119pie\u0144.<\/p><p style=\"text-align: center\">01.10.2019r. Wydzia\u0142owa Stacja Do\u015bwiadczalna zosta\u0142a przemianowana na Stacj\u0119 Do\u015bwadczaln\u0105 im. Prof. Mariana G\u00f3rskiego w Skierniewicach, a Kierownikiem zosta\u0142 mgr in\u017c. Pawe\u0142 Szacki. Do 2020r. z inicjatywy Prof. dr hab. Wojciecha St\u0119pnia wykonano prace ogrodnicze nad zagospodarowaniem otoczenia oraz dokonano nowych nasadze\u0144. W 2020r. r\u00f3wnie\u017c dokonano remontu elewacji wszystkich budynk\u00f3w Stacji Do\u015bwiadczalnej.<\/p>\t\t\t\t\t\t<\/div>\n\t\t\t\t<\/div>\n\t\t\t\t\t<\/div>\n\t\t<\/div>\n\t\t\t\t\t<\/div>\n\t\t<\/section>\n\t\t\t\t<\/div>\n\t\t","protected":false},"excerpt":{"rendered":"<p>History Calendar 1919 Pursuant to the Regulation of the Minister of Agriculture dated On May 28, 1919, SGGW received a farm for experimental purposes 1921 By decision of prof. J\u00f3zef Miku\u0142owski-Pomorski, the first field experiments are carried out 1923 The Experimental Field is incorporated into the structure of the Department of Soil Cultivation and Fertilization, [&hellip;]<\/p>\n","protected":false},"author":35434,"featured_media":0,"parent":1249,"menu_order":0,"comment_status":"closed","ping_status":"closed","template":"","meta":{"_acf_changed":false,"footnotes":""},"class_list":["post-13221","page","type-page","status-publish","hentry"],"acf":[],"_links":{"self":[{"href":"https:\/\/ir.sggw.edu.pl\/en\/wp-json\/wp\/v2\/pages\/13221","targetHints":{"allow":["GET"]}}],"collection":[{"href":"https:\/\/ir.sggw.edu.pl\/en\/wp-json\/wp\/v2\/pages"}],"about":[{"href":"https:\/\/ir.sggw.edu.pl\/en\/wp-json\/wp\/v2\/types\/page"}],"author":[{"embeddable":true,"href":"https:\/\/ir.sggw.edu.pl\/en\/wp-json\/wp\/v2\/users\/35434"}],"replies":[{"embeddable":true,"href":"https:\/\/ir.sggw.edu.pl\/en\/wp-json\/wp\/v2\/comments?post=13221"}],"version-history":[{"count":25,"href":"https:\/\/ir.sggw.edu.pl\/en\/wp-json\/wp\/v2\/pages\/13221\/revisions"}],"predecessor-version":[{"id":17784,"href":"https:\/\/ir.sggw.edu.pl\/en\/wp-json\/wp\/v2\/pages\/13221\/revisions\/17784"}],"up":[{"embeddable":true,"href":"https:\/\/ir.sggw.edu.pl\/en\/wp-json\/wp\/v2\/pages\/1249"}],"wp:attachment":[{"href":"https:\/\/ir.sggw.edu.pl\/en\/wp-json\/wp\/v2\/media?parent=13221"}],"curies":[{"name":"wp","href":"https:\/\/api.w.org\/{rel}","templated":true}]}}