{"id":1229,"date":"2021-04-02T11:45:07","date_gmt":"2021-04-02T09:45:07","guid":{"rendered":"http:\/\/ir.portal-tst.sggw.edu.pl\/institute-of-agriculture\/contact\/"},"modified":"2022-03-29T12:08:50","modified_gmt":"2022-03-29T10:08:50","slug":"contact","status":"publish","type":"page","link":"https:\/\/ir.sggw.edu.pl\/en\/institute-of-agriculture\/contact\/","title":{"rendered":"Contact"},"content":{"rendered":"\t\t<div data-elementor-type=\"wp-page\" data-elementor-id=\"1229\" class=\"elementor elementor-1229\" data-elementor-post-type=\"page\">\n\t\t\t\t\t\t<section class=\"elementor-section elementor-top-section elementor-element elementor-element-34ec36ed elementor-section-boxed elementor-section-height-default elementor-section-height-default\" data-id=\"34ec36ed\" data-element_type=\"section\">\n\t\t\t\t\t\t<div class=\"elementor-container elementor-column-gap-default\">\n\t\t\t\t\t<div class=\"elementor-column elementor-col-100 elementor-top-column elementor-element elementor-element-5137ef3d\" data-id=\"5137ef3d\" data-element_type=\"column\">\n\t\t\t<div class=\"elementor-widget-wrap elementor-element-populated\">\n\t\t\t\t\t\t<div class=\"elementor-element elementor-element-54fb6af8 elementor-widget elementor-widget-wp-widget-bcn_widget\" data-id=\"54fb6af8\" data-element_type=\"widget\" data-widget_type=\"wp-widget-bcn_widget.default\">\n\t\t\t\t<div class=\"elementor-widget-container\">\n\t\t\t<div class=\"mn-grid breadcrumb\">\n                                    <div class=\"breadcrumb-inner mn-grid-12\"><div class=\"breadcrumbs\" vocab=\"https:\/\/schema.org\/\" typeof=\"BreadcrumbList\"><span property=\"itemListElement\" typeof=\"ListItem\"><a property=\"item\" typeof=\"WebPage\" title=\"Go to SGGW Witryn.\" href=\"https:\/\/www.sggw.edu.pl\/\" class=\"main-home\" ><span property=\"name\">SGGW Witryn<\/span><\/a><meta property=\"position\" content=\"1\"><\/span> \/ <span property=\"itemListElement\" typeof=\"ListItem\"><a property=\"item\" typeof=\"WebPage\" title=\"Go to Instytut Rolnictwa.\" href=\"https:\/\/ir.sggw.edu.pl\/en\/\" class=\"home\" aria-current=\"page\"><span property=\"name\">Home<\/span><\/a><meta property=\"position\" content=\"2\"><\/span><\/div>    <\/div>\n                                <\/div>\t\t<\/div>\n\t\t\t\t<\/div>\n\t\t\t\t<div class=\"elementor-element elementor-element-63b1a22d elementor-widget elementor-widget-post-title\" data-id=\"63b1a22d\" data-element_type=\"widget\" data-widget_type=\"post-title.default\">\n\t\t\t\t<div class=\"elementor-widget-container\">\n\t\t\t<section>\n                    <div class=\"mn-grid entry-header-inner section-inner medium\">\n                        <h1 class=\"mn-grid-12 entry-title\" style=\"\">\n                            Contact\n                        <\/h1>\n                    <\/div>\n                <\/section>\t\t<\/div>\n\t\t\t\t<\/div>\n\t\t\t\t\t<\/div>\n\t\t<\/div>\n\t\t\t\t\t<\/div>\n\t\t<\/section>\n\t\t\t\t<section class=\"elementor-section elementor-top-section elementor-element elementor-element-d4c8c0a elementor-section-boxed elementor-section-height-default elementor-section-height-default\" data-id=\"d4c8c0a\" data-element_type=\"section\">\n\t\t\t\t\t\t<div class=\"elementor-container elementor-column-gap-default\">\n\t\t\t\t\t<div class=\"elementor-column elementor-col-100 elementor-top-column elementor-element elementor-element-91e1042\" data-id=\"91e1042\" data-element_type=\"column\">\n\t\t\t<div class=\"elementor-widget-wrap elementor-element-populated\">\n\t\t\t\t\t\t<div class=\"elementor-element elementor-element-91c65a6 elementor-widget elementor-widget-w33\" data-id=\"91c65a6\" data-element_type=\"widget\" data-widget_type=\"w33.default\">\n\t\t\t\t<div class=\"elementor-widget-container\">\n\t\t\t<section>\n            <div class=\"mn-grid\">\n                <div class=\"mn-vertical-separator-x2\">\n                    \n                <\/div>\n            <\/section>\t\t<\/div>\n\t\t\t\t<\/div>\n\t\t\t\t\t<\/div>\n\t\t<\/div>\n\t\t\t\t\t<\/div>\n\t\t<\/section>\n\t\t\t\t<section class=\"elementor-section elementor-top-section elementor-element elementor-element-e789087 elementor-section-boxed elementor-section-height-default elementor-section-height-default\" data-id=\"e789087\" data-element_type=\"section\">\n\t\t\t\t\t\t<div class=\"elementor-container elementor-column-gap-default\">\n\t\t\t\t\t<div class=\"elementor-column elementor-col-100 elementor-top-column elementor-element elementor-element-1097d61\" data-id=\"1097d61\" data-element_type=\"column\">\n\t\t\t<div class=\"elementor-widget-wrap elementor-element-populated\">\n\t\t\t\t\t\t<div class=\"elementor-element elementor-element-6ab4798 elementor-widget elementor-widget-w12\" data-id=\"6ab4798\" data-element_type=\"widget\" data-widget_type=\"w12.default\">\n\t\t\t\t<div class=\"elementor-widget-container\">\n\t\t\t<section>\n                <div class=\"mn-grid\">\n                    <div class=\"mn-grid-12 mn-mod-text-links\">\n                        <h3>Institute of Agriculture<br \/><span class=\"VIiyi\" lang=\"en\"><span class=\"JLqJ4b ChMk0b\" data-language-for-alternatives=\"en\" data-language-to-translate-into=\"pl\" data-phrase-index=\"2\" data-number-of-phrases=\"3\">Warsaw University of Life Sciences<\/span><\/span> <\/h3><p>Ul. Nowoursynowska 159, p. 1\/6, building. 37<br \/>02-787 Warsaw, Poland<\/p><p>Tel. 22 59 32601 or 22 59 326 45<br \/><a href=\"http:\/\/e-mail:%20ir@sggw.pl\" data-wplink-url-error=\"true\">e-mail: ir@sggw.pl<\/a><\/p>\n                    <\/div>\n                <\/div>\n            <\/section>\t\t<\/div>\n\t\t\t\t<\/div>\n\t\t\t\t\t<\/div>\n\t\t<\/div>\n\t\t\t\t\t<\/div>\n\t\t<\/section>\n\t\t\t\t<section class=\"elementor-section elementor-top-section elementor-element elementor-element-ab6a3cb elementor-section-boxed elementor-section-height-default elementor-section-height-default\" data-id=\"ab6a3cb\" data-element_type=\"section\">\n\t\t\t\t\t\t<div class=\"elementor-container elementor-column-gap-default\">\n\t\t\t\t\t<div class=\"elementor-column elementor-col-100 elementor-top-column elementor-element elementor-element-06466bc\" data-id=\"06466bc\" data-element_type=\"column\">\n\t\t\t<div class=\"elementor-widget-wrap elementor-element-populated\">\n\t\t\t\t\t\t<div class=\"elementor-element elementor-element-2bf9053 elementor-widget elementor-widget-w33\" data-id=\"2bf9053\" data-element_type=\"widget\" data-widget_type=\"w33.default\">\n\t\t\t\t<div class=\"elementor-widget-container\">\n\t\t\t<section>\n            <div class=\"mn-grid\">\n                <div class=\"mn-vertical-separator-x2\">\n                    \n                <\/div>\n            <\/section>\t\t<\/div>\n\t\t\t\t<\/div>\n\t\t\t\t<section class=\"elementor-section elementor-inner-section elementor-element elementor-element-b951e17 elementor-section-boxed elementor-section-height-default elementor-section-height-default\" data-id=\"b951e17\" data-element_type=\"section\">\n\t\t\t\t\t\t<div class=\"elementor-container elementor-column-gap-default\">\n\t\t\t\t\t<div class=\"elementor-column elementor-col-50 elementor-inner-column elementor-element elementor-element-5282cfd\" data-id=\"5282cfd\" data-element_type=\"column\">\n\t\t\t<div class=\"elementor-widget-wrap elementor-element-populated\">\n\t\t\t\t\t\t<div class=\"elementor-element elementor-element-35a1123 elementor-widget elementor-widget-Google Maps\" data-id=\"35a1123\" data-element_type=\"widget\" data-widget_type=\"Google Maps.default\">\n\t\t\t\t<div class=\"elementor-widget-container\">\n\t\t\t<div class=\"elementor-custom-embed\"><iframe frameborder=\"0\" scrolling=\"no\" marginheight=\"0\" marginwidth=\"0\" src=\"https:\/\/maps.google.com\/maps?q=Szko%C5%82a%20G%C5%82%C3%B3wna%20Gospodarstwa%20Wiejskiego%20w%20Warszawie&amp;t=m&amp;z=10&amp;output=embed&amp;iwloc=near\" title=\"Szko\u0142a G\u0142\u00f3wna Gospodarstwa Wiejskiego w Warszawie\" aria-label=\"Szko\u0142a G\u0142\u00f3wna Gospodarstwa Wiejskiego w Warszawie\"><\/iframe><\/div>\t\t<\/div>\n\t\t\t\t<\/div>\n\t\t\t\t\t<\/div>\n\t\t<\/div>\n\t\t\t\t<div class=\"elementor-column elementor-col-50 elementor-inner-column elementor-element elementor-element-5a4006d\" data-id=\"5a4006d\" data-element_type=\"column\">\n\t\t\t<div class=\"elementor-widget-wrap elementor-element-populated\">\n\t\t\t\t\t\t<div class=\"elementor-element elementor-element-da0cf4d elementor-widget elementor-widget-w25\" data-id=\"da0cf4d\" data-element_type=\"widget\" data-widget_type=\"w25.default\">\n\t\t\t\t<div class=\"elementor-widget-container\">\n\t\t\t<section>\n                <div class=\"mn-grid\">\n                    <div class=\"mn-grid-12 mn-mod-img-full-width\">\n                        <img fetchpriority=\"high\" decoding=\"async\" width=\"654\" height=\"564\" src=\"https:\/\/ir.sggw.edu.pl\/wp-content\/uploads\/sites\/4\/2021\/05\/23270341_523031888064375_1203811035948406922_o.jpg\" class=\"attachment-961x564 size-961x564\" alt=\"\" srcset=\"https:\/\/ir.sggw.edu.pl\/wp-content\/uploads\/sites\/4\/2021\/05\/23270341_523031888064375_1203811035948406922_o.jpg 2048w, https:\/\/ir.sggw.edu.pl\/wp-content\/uploads\/sites\/4\/2021\/05\/23270341_523031888064375_1203811035948406922_o-300x259.jpg 300w, https:\/\/ir.sggw.edu.pl\/wp-content\/uploads\/sites\/4\/2021\/05\/23270341_523031888064375_1203811035948406922_o-1024x883.jpg 1024w, https:\/\/ir.sggw.edu.pl\/wp-content\/uploads\/sites\/4\/2021\/05\/23270341_523031888064375_1203811035948406922_o-768x662.jpg 768w, https:\/\/ir.sggw.edu.pl\/wp-content\/uploads\/sites\/4\/2021\/05\/23270341_523031888064375_1203811035948406922_o-1536x1324.jpg 1536w, https:\/\/ir.sggw.edu.pl\/wp-content\/uploads\/sites\/4\/2021\/05\/23270341_523031888064375_1203811035948406922_o-1200x1034.jpg 1200w, https:\/\/ir.sggw.edu.pl\/wp-content\/uploads\/sites\/4\/2021\/05\/23270341_523031888064375_1203811035948406922_o-1980x1706.jpg 1980w\" sizes=\"(max-width: 654px) 100vw, 654px\" \/>  <\/div>\n                <\/div>\n                <\/section>\t\t<\/div>\n\t\t\t\t<\/div>\n\t\t\t\t\t<\/div>\n\t\t<\/div>\n\t\t\t\t\t<\/div>\n\t\t<\/section>\n\t\t\t\t\t<\/div>\n\t\t<\/div>\n\t\t\t\t\t<\/div>\n\t\t<\/section>\n\t\t\t\t<\/div>\n\t\t","protected":false},"excerpt":{"rendered":"<p>Contact Institute of AgricultureWarsaw University of Life Sciences Ul. Nowoursynowska 159, p. 1\/6, building. 3702-787 Warsaw, Poland Tel. 22 59 32601 or 22 59 326 45e-mail: ir@sggw.pl<\/p>\n","protected":false},"author":1,"featured_media":0,"parent":1212,"menu_order":0,"comment_status":"closed","ping_status":"closed","template":"","meta":{"_acf_changed":false,"footnotes":""},"class_list":["post-1229","page","type-page","status-publish","hentry"],"acf":[],"_links":{"self":[{"href":"https:\/\/ir.sggw.edu.pl\/en\/wp-json\/wp\/v2\/pages\/1229","targetHints":{"allow":["GET"]}}],"collection":[{"href":"https:\/\/ir.sggw.edu.pl\/en\/wp-json\/wp\/v2\/pages"}],"about":[{"href":"https:\/\/ir.sggw.edu.pl\/en\/wp-json\/wp\/v2\/types\/page"}],"author":[{"embeddable":true,"href":"https:\/\/ir.sggw.edu.pl\/en\/wp-json\/wp\/v2\/users\/1"}],"replies":[{"embeddable":true,"href":"https:\/\/ir.sggw.edu.pl\/en\/wp-json\/wp\/v2\/comments?post=1229"}],"version-history":[{"count":10,"href":"https:\/\/ir.sggw.edu.pl\/en\/wp-json\/wp\/v2\/pages\/1229\/revisions"}],"predecessor-version":[{"id":9540,"href":"https:\/\/ir.sggw.edu.pl\/en\/wp-json\/wp\/v2\/pages\/1229\/revisions\/9540"}],"up":[{"embeddable":true,"href":"https:\/\/ir.sggw.edu.pl\/en\/wp-json\/wp\/v2\/pages\/1212"}],"wp:attachment":[{"href":"https:\/\/ir.sggw.edu.pl\/en\/wp-json\/wp\/v2\/media?parent=1229"}],"curies":[{"name":"wp","href":"https:\/\/api.w.org\/{rel}","templated":true}]}}