{"id":12265,"date":"2022-05-25T11:40:23","date_gmt":"2022-05-25T09:40:23","guid":{"rendered":"https:\/\/ir.sggw.edu.pl\/?page_id=12265"},"modified":"2022-05-25T11:52:05","modified_gmt":"2022-05-25T09:52:05","slug":"history","status":"publish","type":"page","link":"https:\/\/ir.sggw.edu.pl\/en\/institute-of-agriculture\/about-the-institute\/independent-department-of-agricultural-chemistry\/history\/","title":{"rendered":"History"},"content":{"rendered":"\t\t<div data-elementor-type=\"wp-page\" data-elementor-id=\"12265\" class=\"elementor elementor-12265\" data-elementor-post-type=\"page\">\n\t\t\t\t\t\t<section class=\"elementor-section elementor-top-section elementor-element elementor-element-56b260f elementor-section-boxed elementor-section-height-default elementor-section-height-default\" data-id=\"56b260f\" data-element_type=\"section\">\n\t\t\t\t\t\t<div class=\"elementor-container elementor-column-gap-default\">\n\t\t\t\t\t<div class=\"elementor-column elementor-col-100 elementor-top-column elementor-element elementor-element-68b8fcb\" data-id=\"68b8fcb\" data-element_type=\"column\">\n\t\t\t<div class=\"elementor-widget-wrap elementor-element-populated\">\n\t\t\t\t\t\t<div class=\"elementor-element elementor-element-92e7848 elementor-widget elementor-widget-wp-widget-bcn_widget\" data-id=\"92e7848\" data-element_type=\"widget\" data-widget_type=\"wp-widget-bcn_widget.default\">\n\t\t\t\t<div class=\"elementor-widget-container\">\n\t\t\t<div class=\"mn-grid breadcrumb\">\n                                    <div class=\"breadcrumb-inner mn-grid-12\"><div class=\"breadcrumbs\" vocab=\"https:\/\/schema.org\/\" typeof=\"BreadcrumbList\"><span property=\"itemListElement\" typeof=\"ListItem\"><a property=\"item\" typeof=\"WebPage\" title=\"Go to SGGW Witryn.\" href=\"https:\/\/www.sggw.edu.pl\/\" class=\"main-home\" ><span property=\"name\">SGGW Witryn<\/span><\/a><meta property=\"position\" content=\"1\"><\/span> \/ <span property=\"itemListElement\" typeof=\"ListItem\"><a property=\"item\" typeof=\"WebPage\" title=\"Go to Instytut Rolnictwa.\" href=\"https:\/\/ir.sggw.edu.pl\/en\/\" class=\"home\" aria-current=\"page\"><span property=\"name\">Home<\/span><\/a><meta property=\"position\" content=\"2\"><\/span><\/div>    <\/div>\n                                <\/div>\t\t<\/div>\n\t\t\t\t<\/div>\n\t\t\t\t\t<\/div>\n\t\t<\/div>\n\t\t\t\t\t<\/div>\n\t\t<\/section>\n\t\t\t\t<section class=\"elementor-section elementor-top-section elementor-element elementor-element-f33d329 elementor-section-boxed elementor-section-height-default elementor-section-height-default\" data-id=\"f33d329\" data-element_type=\"section\">\n\t\t\t\t\t\t<div class=\"elementor-container elementor-column-gap-default\">\n\t\t\t\t\t<div class=\"elementor-column elementor-col-100 elementor-top-column elementor-element elementor-element-235d1ed\" data-id=\"235d1ed\" data-element_type=\"column\">\n\t\t\t<div class=\"elementor-widget-wrap elementor-element-populated\">\n\t\t\t\t\t\t<div class=\"elementor-element elementor-element-a7b4afd elementor-widget elementor-widget-post-title\" data-id=\"a7b4afd\" data-element_type=\"widget\" data-widget_type=\"post-title.default\">\n\t\t\t\t<div class=\"elementor-widget-container\">\n\t\t\t<section>\n                    <div class=\"mn-grid entry-header-inner section-inner medium\">\n                        <h1 class=\"mn-grid-12 entry-title\" style=\"\">\n                            History\n                        <\/h1>\n                    <\/div>\n                <\/section>\t\t<\/div>\n\t\t\t\t<\/div>\n\t\t\t\t\t<\/div>\n\t\t<\/div>\n\t\t\t\t\t<\/div>\n\t\t<\/section>\n\t\t\t\t<section class=\"elementor-section elementor-top-section elementor-element elementor-element-5415af8 elementor-section-boxed elementor-section-height-default elementor-section-height-default\" data-id=\"5415af8\" data-element_type=\"section\">\n\t\t\t\t\t\t<div class=\"elementor-container elementor-column-gap-default\">\n\t\t\t\t\t<div class=\"elementor-column elementor-col-100 elementor-top-column elementor-element elementor-element-73d274e\" data-id=\"73d274e\" data-element_type=\"column\">\n\t\t\t<div class=\"elementor-widget-wrap elementor-element-populated\">\n\t\t\t\t\t\t<div class=\"elementor-element elementor-element-fb42f0b elementor-widget elementor-widget-w1_2_3\" data-id=\"fb42f0b\" data-element_type=\"widget\" data-widget_type=\"w1_2_3.default\">\n\t\t\t\t<div class=\"elementor-widget-container\">\n\t\t\t<section>\n                    <div class=\"mn-grid\">\n                        <h3  class=\"mn-grid-12 mn-section-title2\">\n                            Heads of Department of Agricultural Chemistry \n                        <\/h3>\n                    <\/div>\n                <\/section>\t\t<\/div>\n\t\t\t\t<\/div>\n\t\t\t\t\t<\/div>\n\t\t<\/div>\n\t\t\t\t\t<\/div>\n\t\t<\/section>\n\t\t\t\t<section class=\"elementor-section elementor-top-section elementor-element elementor-element-b929a30 elementor-section-boxed elementor-section-height-default elementor-section-height-default\" data-id=\"b929a30\" data-element_type=\"section\">\n\t\t\t\t\t\t<div class=\"elementor-container elementor-column-gap-default\">\n\t\t\t\t\t<div class=\"elementor-column elementor-col-100 elementor-top-column elementor-element elementor-element-2080f97\" data-id=\"2080f97\" data-element_type=\"column\">\n\t\t\t<div class=\"elementor-widget-wrap elementor-element-populated\">\n\t\t\t\t\t\t<div class=\"elementor-element elementor-element-20f7ce1 elementor-widget elementor-widget-w34\" data-id=\"20f7ce1\" data-element_type=\"widget\" data-widget_type=\"w34.default\">\n\t\t\t\t<div class=\"elementor-widget-container\">\n\t\t\t        <section id=\"w34-20f7ce1\" class=\"mn-m5-c mn-m5-d2\">\n            <div class=\"mn-grid\">\n                <div class=\"mn-content mn-grid-12\">\n                    <div class=\"mn-content-block active\">\n                                                                <ul class=\"mn-accordion\">\n                                            <li>\n                                                <h4 class=\"mn-accordion-title\"\n                                                    role=\"button\"\n                                                    tabindex=\"0\"\n                                                    aria-expanded=\"false\"\n                                                    aria-controls=\"w34-20f7ce1-panel-0\">Profesor J\u00f3zef Miku\u0142owski - Pomorski 1911 - 1935<\/h4>\n                                                <div id=\"w34-20f7ce1-panel-0\" style=\"display:none;\" hidden>\n                                                    <p><img decoding=\"async\" class=\"size-full wp-image-5216\" src=\"https:\/\/ir.sggw.edu.pl\/wp-content\/uploads\/sites\/4\/2021\/05\/Mikulowski-Pomorski.jpg\" alt=\"aaa\" width=\"96\" height=\"125\" \/><\/p>\n                                                <\/div>\n                                            <\/li>\n                                        <\/ul>\n                                                                                <ul class=\"mn-accordion\">\n                                            <li>\n                                                <h4 class=\"mn-accordion-title\"\n                                                    role=\"button\"\n                                                    tabindex=\"0\"\n                                                    aria-expanded=\"false\"\n                                                    aria-controls=\"w34-20f7ce1-panel-1\">Profesor Marian G\u00f3rski 1935 - 1960<\/h4>\n                                                <div id=\"w34-20f7ce1-panel-1\" style=\"display:none;\" hidden>\n                                                    <p><img fetchpriority=\"high\" fetchpriority=\"high\" decoding=\"async\" class=\"alignnone size-medium wp-image-5236\" src=\"https:\/\/ir.sggw.edu.pl\/wp-content\/uploads\/sites\/4\/2021\/05\/Marian-Gorski-219x300.jpg\" alt=\"\" width=\"219\" height=\"300\" srcset=\"https:\/\/ir.sggw.edu.pl\/wp-content\/uploads\/sites\/4\/2021\/05\/Marian-Gorski-219x300.jpg 219w, https:\/\/ir.sggw.edu.pl\/wp-content\/uploads\/sites\/4\/2021\/05\/Marian-Gorski.jpg 298w\" sizes=\"(max-width: 219px) 100vw, 219px\" \/><\/p>\n                                                <\/div>\n                                            <\/li>\n                                        <\/ul>\n                                                                                <ul class=\"mn-accordion\">\n                                            <li>\n                                                <h4 class=\"mn-accordion-title\"\n                                                    role=\"button\"\n                                                    tabindex=\"0\"\n                                                    aria-expanded=\"false\"\n                                                    aria-controls=\"w34-20f7ce1-panel-2\">Profesor J\u00f3zef Goralski 1960 - 1970<\/h4>\n                                                <div id=\"w34-20f7ce1-panel-2\" style=\"display:none;\" hidden>\n                                                    <p><img decoding=\"async\" class=\"alignnone size-medium wp-image-5272\" src=\"https:\/\/ir.sggw.edu.pl\/wp-content\/uploads\/sites\/4\/2021\/05\/Jozef-Goralski-220x300.jpg\" alt=\"\" width=\"220\" height=\"300\" srcset=\"https:\/\/ir.sggw.edu.pl\/wp-content\/uploads\/sites\/4\/2021\/05\/Jozef-Goralski-220x300.jpg 220w, https:\/\/ir.sggw.edu.pl\/wp-content\/uploads\/sites\/4\/2021\/05\/Jozef-Goralski.jpg 251w\" sizes=\"(max-width: 220px) 100vw, 220px\" \/><\/p>\n                                                <\/div>\n                                            <\/li>\n                                        <\/ul>\n                                                                                <ul class=\"mn-accordion\">\n                                            <li>\n                                                <h4 class=\"mn-accordion-title\"\n                                                    role=\"button\"\n                                                    tabindex=\"0\"\n                                                    aria-expanded=\"false\"\n                                                    aria-controls=\"w34-20f7ce1-panel-3\">Profesor Leszek Kuszelewski 1970 - 1982<\/h4>\n                                                <div id=\"w34-20f7ce1-panel-3\" style=\"display:none;\" hidden>\n                                                    <p><img loading=\"lazy\" loading=\"lazy\" decoding=\"async\" class=\"alignnone size-medium wp-image-5286\" src=\"https:\/\/ir.sggw.edu.pl\/wp-content\/uploads\/sites\/4\/2021\/05\/Leszek-Kuszelewski-236x300.png\" alt=\"\" width=\"236\" height=\"300\" srcset=\"https:\/\/ir.sggw.edu.pl\/wp-content\/uploads\/sites\/4\/2021\/05\/Leszek-Kuszelewski-236x300.png 236w, https:\/\/ir.sggw.edu.pl\/wp-content\/uploads\/sites\/4\/2021\/05\/Leszek-Kuszelewski.png 281w\" sizes=\"auto, (max-width: 236px) 100vw, 236px\" \/><\/p>\n                                                <\/div>\n                                            <\/li>\n                                        <\/ul>\n                                                                                <ul class=\"mn-accordion\">\n                                            <li>\n                                                <h4 class=\"mn-accordion-title\"\n                                                    role=\"button\"\n                                                    tabindex=\"0\"\n                                                    aria-expanded=\"false\"\n                                                    aria-controls=\"w34-20f7ce1-panel-4\">Profesor Stanis\u0142aw Moskal 1982 - 1986<\/h4>\n                                                <div id=\"w34-20f7ce1-panel-4\" style=\"display:none;\" hidden>\n                                                    <p><img loading=\"lazy\" loading=\"lazy\" decoding=\"async\" class=\"alignnone size-full wp-image-5292\" src=\"https:\/\/ir.sggw.edu.pl\/wp-content\/uploads\/sites\/4\/2021\/05\/Stanislaw-Moskal.jpg\" alt=\"\" width=\"214\" height=\"258\" \/><\/p>\n                                                <\/div>\n                                            <\/li>\n                                        <\/ul>\n                                                                                <ul class=\"mn-accordion\">\n                                            <li>\n                                                <h4 class=\"mn-accordion-title\"\n                                                    role=\"button\"\n                                                    tabindex=\"0\"\n                                                    aria-expanded=\"false\"\n                                                    aria-controls=\"w34-20f7ce1-panel-5\">Profesor Tadeusz Barszczak 1986 - 1990<\/h4>\n                                                <div id=\"w34-20f7ce1-panel-5\" style=\"display:none;\" hidden>\n                                                    <p><img loading=\"lazy\" loading=\"lazy\" decoding=\"async\" class=\"alignnone size-full wp-image-5297\" src=\"https:\/\/ir.sggw.edu.pl\/wp-content\/uploads\/sites\/4\/2021\/05\/Tadeusz-Barszczak.jpg\" alt=\"\" width=\"216\" height=\"290\" \/><\/p>\n                                                <\/div>\n                                            <\/li>\n                                        <\/ul>\n                                                                                <ul class=\"mn-accordion\">\n                                            <li>\n                                                <h4 class=\"mn-accordion-title\"\n                                                    role=\"button\"\n                                                    tabindex=\"0\"\n                                                    aria-expanded=\"false\"\n                                                    aria-controls=\"w34-20f7ce1-panel-6\">Profesor Stanis\u0142aw Mercik 1990 - 1999<\/h4>\n                                                <div id=\"w34-20f7ce1-panel-6\" style=\"display:none;\" hidden>\n                                                    <p><img loading=\"lazy\" loading=\"lazy\" decoding=\"async\" class=\"alignnone size-medium wp-image-5302\" src=\"https:\/\/ir.sggw.edu.pl\/wp-content\/uploads\/sites\/4\/2021\/05\/Stanislaw-Marcik-205x300.jpg\" alt=\"\" width=\"205\" height=\"300\" srcset=\"https:\/\/ir.sggw.edu.pl\/wp-content\/uploads\/sites\/4\/2021\/05\/Stanislaw-Marcik-205x300.jpg 205w, https:\/\/ir.sggw.edu.pl\/wp-content\/uploads\/sites\/4\/2021\/05\/Stanislaw-Marcik.jpg 211w\" sizes=\"auto, (max-width: 205px) 100vw, 205px\" \/><\/p>\n                                                <\/div>\n                                            <\/li>\n                                        <\/ul>\n                                                                                <ul class=\"mn-accordion\">\n                                            <li>\n                                                <h4 class=\"mn-accordion-title\"\n                                                    role=\"button\"\n                                                    tabindex=\"0\"\n                                                    aria-expanded=\"false\"\n                                                    aria-controls=\"w34-20f7ce1-panel-7\">Profesor Jan \u0141ab\u0119towicz 2000 - 2012<\/h4>\n                                                <div id=\"w34-20f7ce1-panel-7\" style=\"display:none;\" hidden>\n                                                    <p><img loading=\"lazy\" loading=\"lazy\" decoding=\"async\" class=\"alignnone size-medium wp-image-5310\" src=\"https:\/\/ir.sggw.edu.pl\/wp-content\/uploads\/sites\/4\/2021\/05\/Jan-Labetowicz-210x300.jpg\" alt=\"\" width=\"210\" height=\"300\" srcset=\"https:\/\/ir.sggw.edu.pl\/wp-content\/uploads\/sites\/4\/2021\/05\/Jan-Labetowicz-210x300.jpg 210w, https:\/\/ir.sggw.edu.pl\/wp-content\/uploads\/sites\/4\/2021\/05\/Jan-Labetowicz.jpg 253w\" sizes=\"auto, (max-width: 210px) 100vw, 210px\" \/><\/p>\n                                                <\/div>\n                                            <\/li>\n                                        <\/ul>\n                                                                                <ul class=\"mn-accordion\">\n                                            <li>\n                                                <h4 class=\"mn-accordion-title\"\n                                                    role=\"button\"\n                                                    tabindex=\"0\"\n                                                    aria-expanded=\"false\"\n                                                    aria-controls=\"w34-20f7ce1-panel-8\">Profesor Wojciech St\u0119pie\u0144 2013 - 2020<\/h4>\n                                                <div id=\"w34-20f7ce1-panel-8\" style=\"display:none;\" hidden>\n                                                    <p><img loading=\"lazy\" loading=\"lazy\" decoding=\"async\" class=\"alignnone size-medium wp-image-5315\" src=\"https:\/\/ir.sggw.edu.pl\/wp-content\/uploads\/sites\/4\/2021\/05\/Wojciech-Stepien-235x300.jpg\" alt=\"\" width=\"235\" height=\"300\" srcset=\"https:\/\/ir.sggw.edu.pl\/wp-content\/uploads\/sites\/4\/2021\/05\/Wojciech-Stepien-235x300.jpg 235w, https:\/\/ir.sggw.edu.pl\/wp-content\/uploads\/sites\/4\/2021\/05\/Wojciech-Stepien.jpg 244w\" sizes=\"auto, (max-width: 235px) 100vw, 235px\" \/><\/p>\n                                                <\/div>\n                                            <\/li>\n                                        <\/ul>\n                                                                                <ul class=\"mn-accordion\">\n                                            <li>\n                                                <h4 class=\"mn-accordion-title\"\n                                                    role=\"button\"\n                                                    tabindex=\"0\"\n                                                    aria-expanded=\"false\"\n                                                    aria-controls=\"w34-20f7ce1-panel-9\">Dr hab. Tomasz Sosulski 2021 -<\/h4>\n                                                <div id=\"w34-20f7ce1-panel-9\" style=\"display:none;\" hidden>\n                                                    <p><img loading=\"lazy\" loading=\"lazy\" decoding=\"async\" class=\"alignnone size-medium wp-image-5320\" src=\"https:\/\/ir.sggw.edu.pl\/wp-content\/uploads\/sites\/4\/2021\/05\/Tomasz-Sosulski-158x300.jpg\" alt=\"\" width=\"158\" height=\"300\" srcset=\"https:\/\/ir.sggw.edu.pl\/wp-content\/uploads\/sites\/4\/2021\/05\/Tomasz-Sosulski-158x300.jpg 158w, https:\/\/ir.sggw.edu.pl\/wp-content\/uploads\/sites\/4\/2021\/05\/Tomasz-Sosulski.jpg 165w\" sizes=\"auto, (max-width: 158px) 100vw, 158px\" \/><\/p>\n                                                <\/div>\n                                            <\/li>\n                                        <\/ul>\n                                                            <\/div>\n                <\/div>\n            <\/div>\n        <\/section>\n\n        <script type=\"text\/javascript\">\n            (function(){\n                var root = document.getElementById('w34-20f7ce1');\n                if (!root || root.dataset.w34Ready === '1') {\n                    return;\n                }\n                root.dataset.w34Ready = '1';\n\n                var titles = root.querySelectorAll('.mn-accordion-title');\n\n                function toggleItem(titleEl, event) {\n                    if (event) {\n                        event.preventDefault();\n                        event.stopPropagation();\n                        if (typeof event.stopImmediatePropagation === 'function') {\n                            event.stopImmediatePropagation();\n                        }\n                    }\n\n                    var li = titleEl.parentElement;\n                    if (!li) {\n                        return;\n                    }\n\n                    var panel = titleEl.nextElementSibling;\n                    if (!panel) {\n                        return;\n                    }\n\n                    var isOpen = li.classList.contains('show');\n\n                    if (isOpen) {\n                        li.classList.remove('show');\n                        titleEl.setAttribute('aria-expanded', 'false');\n                        panel.hidden = true;\n                        if (window.jQuery) {\n                            window.jQuery(panel).stop(true, true).slideUp(200);\n                        } else {\n                            panel.style.display = 'none';\n                        }\n                    } else {\n                        li.classList.add('show');\n                        titleEl.setAttribute('aria-expanded', 'true');\n                        panel.hidden = false;\n                        if (window.jQuery) {\n                            window.jQuery(panel).stop(true, true).slideDown(200);\n                        } else {\n                            panel.style.display = 'block';\n                        }\n                    }\n                }\n\n                titles.forEach(function(titleEl){\n                    var panel = titleEl.nextElementSibling;\n                    if (panel) {\n                        panel.hidden = true;\n                        panel.style.display = 'none';\n                    }\n\n                    titleEl.addEventListener('click', function(event){\n                        toggleItem(titleEl, event);\n                    }, true);\n\n                    titleEl.addEventListener('keydown', function(event){\n                        if (event.key === 'Enter' || event.key === ' ') {\n                            toggleItem(titleEl, event);\n                        }\n                    }, true);\n                });\n            })();\n        <\/script>\n        \t\t<\/div>\n\t\t\t\t<\/div>\n\t\t\t\t\t<\/div>\n\t\t<\/div>\n\t\t\t\t\t<\/div>\n\t\t<\/section>\n\t\t\t\t<\/div>\n\t\t","protected":false},"excerpt":{"rendered":"<p>History Heads of Department of Agricultural Chemistry Profesor J\u00f3zef Miku\u0142owski &#8211; Pomorski 1911 &#8211; 1935 Profesor Marian G\u00f3rski 1935 &#8211; 1960 Profesor J\u00f3zef Goralski 1960 &#8211; 1970 Profesor Leszek Kuszelewski 1970 &#8211; 1982 Profesor Stanis\u0142aw Moskal 1982 &#8211; 1986 Profesor Tadeusz Barszczak 1986 &#8211; 1990 Profesor Stanis\u0142aw Mercik 1990 &#8211; 1999 Profesor Jan \u0141ab\u0119towicz 2000 [&hellip;]<\/p>\n","protected":false},"author":35434,"featured_media":0,"parent":1245,"menu_order":0,"comment_status":"closed","ping_status":"closed","template":"","meta":{"_acf_changed":false,"footnotes":""},"class_list":["post-12265","page","type-page","status-publish","hentry"],"acf":[],"_links":{"self":[{"href":"https:\/\/ir.sggw.edu.pl\/en\/wp-json\/wp\/v2\/pages\/12265","targetHints":{"allow":["GET"]}}],"collection":[{"href":"https:\/\/ir.sggw.edu.pl\/en\/wp-json\/wp\/v2\/pages"}],"about":[{"href":"https:\/\/ir.sggw.edu.pl\/en\/wp-json\/wp\/v2\/types\/page"}],"author":[{"embeddable":true,"href":"https:\/\/ir.sggw.edu.pl\/en\/wp-json\/wp\/v2\/users\/35434"}],"replies":[{"embeddable":true,"href":"https:\/\/ir.sggw.edu.pl\/en\/wp-json\/wp\/v2\/comments?post=12265"}],"version-history":[{"count":22,"href":"https:\/\/ir.sggw.edu.pl\/en\/wp-json\/wp\/v2\/pages\/12265\/revisions"}],"predecessor-version":[{"id":12288,"href":"https:\/\/ir.sggw.edu.pl\/en\/wp-json\/wp\/v2\/pages\/12265\/revisions\/12288"}],"up":[{"embeddable":true,"href":"https:\/\/ir.sggw.edu.pl\/en\/wp-json\/wp\/v2\/pages\/1245"}],"wp:attachment":[{"href":"https:\/\/ir.sggw.edu.pl\/en\/wp-json\/wp\/v2\/media?parent=12265"}],"curies":[{"name":"wp","href":"https:\/\/api.w.org\/{rel}","templated":true}]}}