{"id":12193,"date":"2022-05-24T15:28:12","date_gmt":"2022-05-24T13:28:12","guid":{"rendered":"https:\/\/ir.sggw.edu.pl\/?page_id=12193"},"modified":"2022-05-24T15:35:42","modified_gmt":"2022-05-24T13:35:42","slug":"employees-and-phd-students","status":"publish","type":"page","link":"https:\/\/ir.sggw.edu.pl\/en\/institute-of-agriculture\/about-the-institute\/independent-department-of-agricultural-chemistry\/employees-and-phd-students\/","title":{"rendered":"Employees and PhD students"},"content":{"rendered":"\t\t<div data-elementor-type=\"wp-page\" data-elementor-id=\"12193\" class=\"elementor elementor-12193\" data-elementor-post-type=\"page\">\n\t\t\t\t\t\t<section class=\"elementor-section elementor-top-section elementor-element elementor-element-70e1584 elementor-section-boxed elementor-section-height-default elementor-section-height-default\" data-id=\"70e1584\" data-element_type=\"section\">\n\t\t\t\t\t\t<div class=\"elementor-container elementor-column-gap-default\">\n\t\t\t\t\t<div class=\"elementor-column elementor-col-100 elementor-top-column elementor-element elementor-element-6545ee8\" data-id=\"6545ee8\" data-element_type=\"column\">\n\t\t\t<div class=\"elementor-widget-wrap elementor-element-populated\">\n\t\t\t\t\t\t<div class=\"elementor-element elementor-element-14455cd elementor-widget elementor-widget-wp-widget-bcn_widget\" data-id=\"14455cd\" data-element_type=\"widget\" data-widget_type=\"wp-widget-bcn_widget.default\">\n\t\t\t\t<div class=\"elementor-widget-container\">\n\t\t\t<div class=\"mn-grid breadcrumb\">\n                                    <div class=\"breadcrumb-inner mn-grid-12\"><div class=\"breadcrumbs\" vocab=\"https:\/\/schema.org\/\" typeof=\"BreadcrumbList\"><span property=\"itemListElement\" typeof=\"ListItem\"><a property=\"item\" typeof=\"WebPage\" title=\"Go to SGGW Witryn.\" href=\"https:\/\/www.sggw.edu.pl\/\" class=\"main-home\" ><span property=\"name\">SGGW Witryn<\/span><\/a><meta property=\"position\" content=\"1\"><\/span> \/ <span property=\"itemListElement\" typeof=\"ListItem\"><a property=\"item\" typeof=\"WebPage\" title=\"Go to Instytut Rolnictwa.\" href=\"https:\/\/ir.sggw.edu.pl\/en\/\" class=\"home\" aria-current=\"page\"><span property=\"name\">Home<\/span><\/a><meta property=\"position\" content=\"2\"><\/span><\/div>    <\/div>\n                                <\/div>\t\t<\/div>\n\t\t\t\t<\/div>\n\t\t\t\t\t<\/div>\n\t\t<\/div>\n\t\t\t\t\t<\/div>\n\t\t<\/section>\n\t\t\t\t<section class=\"elementor-section elementor-top-section elementor-element elementor-element-70f7241 elementor-section-boxed elementor-section-height-default elementor-section-height-default\" data-id=\"70f7241\" data-element_type=\"section\">\n\t\t\t\t\t\t<div class=\"elementor-container elementor-column-gap-default\">\n\t\t\t\t\t<div class=\"elementor-column elementor-col-100 elementor-top-column elementor-element elementor-element-d3331c0\" data-id=\"d3331c0\" data-element_type=\"column\">\n\t\t\t<div class=\"elementor-widget-wrap elementor-element-populated\">\n\t\t\t\t\t\t<div class=\"elementor-element elementor-element-74e34e5 elementor-widget elementor-widget-w24\" data-id=\"74e34e5\" data-element_type=\"widget\" data-widget_type=\"w24.default\">\n\t\t\t\t<div class=\"elementor-widget-container\">\n\t\t\t<section>\n                    <div class=\"mn-grid\">\n                        <a href=\"https:\/\/bw.sggw.edu.pl\/search\/author?ps=20&amp;t=globalSearch&amp;showRel=false&amp;lang=en&amp;cid=27744\" class=\"mn-grid-12 btn color-6\"><span class=\"txt\">Scientific profiles of employees<\/span><\/a>\n                    <\/div>\n                <\/section>\t\t<\/div>\n\t\t\t\t<\/div>\n\t\t\t\t\t<\/div>\n\t\t<\/div>\n\t\t\t\t\t<\/div>\n\t\t<\/section>\n\t\t\t\t<section class=\"elementor-section elementor-top-section elementor-element elementor-element-dce7deb elementor-section-boxed elementor-section-height-default elementor-section-height-default\" data-id=\"dce7deb\" data-element_type=\"section\">\n\t\t\t\t\t\t<div class=\"elementor-container elementor-column-gap-default\">\n\t\t\t\t\t<div class=\"elementor-column elementor-col-100 elementor-top-column elementor-element elementor-element-2be04c2\" data-id=\"2be04c2\" data-element_type=\"column\">\n\t\t\t<div class=\"elementor-widget-wrap elementor-element-populated\">\n\t\t\t\t\t\t<div class=\"elementor-element elementor-element-f72e4b0 elementor-widget elementor-widget-post-title\" data-id=\"f72e4b0\" data-element_type=\"widget\" data-widget_type=\"post-title.default\">\n\t\t\t\t<div class=\"elementor-widget-container\">\n\t\t\t<section>\n                    <div class=\"mn-grid entry-header-inner section-inner medium\">\n                        <h1 class=\"mn-grid-12 entry-title\" style=\"\">\n                            Employees and PhD students\n                        <\/h1>\n                    <\/div>\n                <\/section>\t\t<\/div>\n\t\t\t\t<\/div>\n\t\t\t\t\t<\/div>\n\t\t<\/div>\n\t\t\t\t\t<\/div>\n\t\t<\/section>\n\t\t\t\t<section class=\"elementor-section elementor-top-section elementor-element elementor-element-2195a1e elementor-section-boxed elementor-section-height-default elementor-section-height-default\" data-id=\"2195a1e\" data-element_type=\"section\">\n\t\t\t\t\t\t<div class=\"elementor-container elementor-column-gap-default\">\n\t\t\t\t\t<div class=\"elementor-column elementor-col-100 elementor-top-column elementor-element elementor-element-1d5b1f4\" data-id=\"1d5b1f4\" data-element_type=\"column\">\n\t\t\t<div class=\"elementor-widget-wrap elementor-element-populated\">\n\t\t\t\t\t\t<div class=\"elementor-element elementor-element-cf44786 elementor-widget elementor-widget-w1_2_3\" data-id=\"cf44786\" data-element_type=\"widget\" data-widget_type=\"w1_2_3.default\">\n\t\t\t\t<div class=\"elementor-widget-container\">\n\t\t\t<section>\n                    <div class=\"mn-grid\">\n                        <h3  class=\"mn-grid-12 mn-section-title2\">\n                            Research and teaching staff \n                        <\/h3>\n                    <\/div>\n                <\/section>\t\t<\/div>\n\t\t\t\t<\/div>\n\t\t\t\t\t<\/div>\n\t\t<\/div>\n\t\t\t\t\t<\/div>\n\t\t<\/section>\n\t\t\t\t<section class=\"elementor-section elementor-top-section elementor-element elementor-element-cbdde88 elementor-section-boxed elementor-section-height-default elementor-section-height-default\" data-id=\"cbdde88\" data-element_type=\"section\">\n\t\t\t\t\t\t<div class=\"elementor-container elementor-column-gap-default\">\n\t\t\t\t\t<div class=\"elementor-column elementor-col-100 elementor-top-column elementor-element elementor-element-a52459e\" data-id=\"a52459e\" data-element_type=\"column\">\n\t\t\t<div class=\"elementor-widget-wrap elementor-element-populated\">\n\t\t\t\t\t\t<div class=\"elementor-element elementor-element-1a3c2a2 elementor-widget elementor-widget-w12\" data-id=\"1a3c2a2\" data-element_type=\"widget\" data-widget_type=\"w12.default\">\n\t\t\t\t<div class=\"elementor-widget-container\">\n\t\t\t<section>\n                <div class=\"mn-grid\">\n                    <div class=\"mn-grid-12 mn-mod-text-links\">\n                        <ul><li>Dr hab. Tomasz Sosulski, prof. SGGW &#8211; Kierownik Samodzielnego Zak\u0142adu Chemii Rolniczej i \u015arodowiskowej \u2192 \u00a0<strong>tomasz_sosulski@sggw.edu.pl<\/strong><\/li><li>Prof. dr hab. Beata Rutkowska <a href=\"mailto:beata_rutkowska@sggw.edu.pl\">beata_rutkowska@sggw.edu.pl<\/a><\/li><li>Prof. dr hab. Wojciech St\u0119pie\u0144 <a href=\"mailto:Wojciech_stepien@sggw.edu.pl\">wojciech_stepien@sggw.edu.pl<\/a><\/li><li>Prof. dr hab. Wies\u0142aw Szulc <a href=\"mailto:wieslaw_szulc@sggw.edu.pl\">wieslaw_szulc@sggw.edu.pl<\/a><\/li><li>Dr hab. Magdalena Szyma\u0144ska, prof. SGGW <a href=\"mailto:magdalena_szymanska@sggw.edu.pl\">magdalena_szymanska@sggw.edu.pl<\/a><\/li><li>Dr hab. Ewa Szara <a href=\"mailto:ewa_szara@sggw.edu.pl\">ewa_szara@sggw.edu.pl<\/a><\/li><li>Dr in\u017c. Tomasz Niedzi\u0144ski <a href=\"mailto:tomasz_niedzinski@sggw.edu.pl\">tomasz_niedzinski@sggw.edu.pl<\/a><\/li><\/ul>\n                    <\/div>\n                <\/div>\n            <\/section>\t\t<\/div>\n\t\t\t\t<\/div>\n\t\t\t\t<div class=\"elementor-element elementor-element-1ca048d elementor-widget elementor-widget-w33\" data-id=\"1ca048d\" data-element_type=\"widget\" data-widget_type=\"w33.default\">\n\t\t\t\t<div class=\"elementor-widget-container\">\n\t\t\t<section>\n            <div class=\"mn-grid\">\n                <div class=\"mn-vertical-separator-x2\">\n                    \n                <\/div>\n            <\/section>\t\t<\/div>\n\t\t\t\t<\/div>\n\t\t\t\t\t<\/div>\n\t\t<\/div>\n\t\t\t\t\t<\/div>\n\t\t<\/section>\n\t\t\t\t<section class=\"elementor-section elementor-top-section elementor-element elementor-element-4666d42 elementor-section-boxed elementor-section-height-default elementor-section-height-default\" data-id=\"4666d42\" data-element_type=\"section\">\n\t\t\t\t\t\t<div class=\"elementor-container elementor-column-gap-default\">\n\t\t\t\t\t<div class=\"elementor-column elementor-col-100 elementor-top-column elementor-element elementor-element-18e27ab\" data-id=\"18e27ab\" data-element_type=\"column\">\n\t\t\t<div class=\"elementor-widget-wrap elementor-element-populated\">\n\t\t\t\t\t\t<div class=\"elementor-element elementor-element-e0e8676 elementor-widget elementor-widget-w1_2_3\" data-id=\"e0e8676\" data-element_type=\"widget\" data-widget_type=\"w1_2_3.default\">\n\t\t\t\t<div class=\"elementor-widget-container\">\n\t\t\t<section>\n                    <div class=\"mn-grid\">\n                        <h3  class=\"mn-grid-12 mn-section-title2\">\n                            Technical staff\n                        <\/h3>\n                    <\/div>\n                <\/section>\t\t<\/div>\n\t\t\t\t<\/div>\n\t\t\t\t\t<\/div>\n\t\t<\/div>\n\t\t\t\t\t<\/div>\n\t\t<\/section>\n\t\t\t\t<section class=\"elementor-section elementor-top-section elementor-element elementor-element-30e77e8 elementor-section-boxed elementor-section-height-default elementor-section-height-default\" data-id=\"30e77e8\" data-element_type=\"section\">\n\t\t\t\t\t\t<div class=\"elementor-container elementor-column-gap-default\">\n\t\t\t\t\t<div class=\"elementor-column elementor-col-100 elementor-top-column elementor-element elementor-element-fc33031\" data-id=\"fc33031\" data-element_type=\"column\">\n\t\t\t<div class=\"elementor-widget-wrap elementor-element-populated\">\n\t\t\t\t\t\t<div class=\"elementor-element elementor-element-8fdc6ea elementor-widget elementor-widget-w12\" data-id=\"8fdc6ea\" data-element_type=\"widget\" data-widget_type=\"w12.default\">\n\t\t\t\t<div class=\"elementor-widget-container\">\n\t\t\t<section>\n                <div class=\"mn-grid\">\n                    <div class=\"mn-grid-12 mn-mod-text-links\">\n                        <ul><li>In\u017c. Hanna Majchej\u00a0 <a href=\"mailto:hanna_majcher@sggw.edu.pl\">hanna_majcher@sggw.edu.pl<\/a><\/li><li>Mgr in\u017c. Marian Korc\u00a0 <a href=\"mailto:marian_korc@sggw.edu.pl\">marian_korc@sggw.edu.pl<\/a><\/li><\/ul>\n                    <\/div>\n                <\/div>\n            <\/section>\t\t<\/div>\n\t\t\t\t<\/div>\n\t\t\t\t\t<\/div>\n\t\t<\/div>\n\t\t\t\t\t<\/div>\n\t\t<\/section>\n\t\t\t\t<section class=\"elementor-section elementor-top-section elementor-element elementor-element-3c230d8 elementor-section-boxed elementor-section-height-default elementor-section-height-default\" data-id=\"3c230d8\" data-element_type=\"section\">\n\t\t\t\t\t\t<div class=\"elementor-container elementor-column-gap-default\">\n\t\t\t\t\t<div class=\"elementor-column elementor-col-100 elementor-top-column elementor-element elementor-element-34669a4\" data-id=\"34669a4\" data-element_type=\"column\">\n\t\t\t<div class=\"elementor-widget-wrap elementor-element-populated\">\n\t\t\t\t\t\t<div class=\"elementor-element elementor-element-bacf3fa elementor-widget elementor-widget-w12\" data-id=\"bacf3fa\" data-element_type=\"widget\" data-widget_type=\"w12.default\">\n\t\t\t\t<div class=\"elementor-widget-container\">\n\t\t\t<section>\n                <div class=\"mn-grid\">\n                    <div class=\"mn-grid-12 mn-mod-text-links\">\n                        <p><img fetchpriority=\"high\" decoding=\"async\" class=\"alignnone wp-image-6301 size-large\" src=\"https:\/\/ir.sggw.edu.pl\/wp-content\/uploads\/sites\/4\/2021\/05\/Zdjecie-ogolne-Zakladu-1024x683.jpg\" alt=\"\" width=\"580\" height=\"387\" srcset=\"https:\/\/ir.sggw.edu.pl\/wp-content\/uploads\/sites\/4\/2021\/05\/Zdjecie-ogolne-Zakladu-1024x683.jpg 1024w, https:\/\/ir.sggw.edu.pl\/wp-content\/uploads\/sites\/4\/2021\/05\/Zdjecie-ogolne-Zakladu-300x200.jpg 300w, https:\/\/ir.sggw.edu.pl\/wp-content\/uploads\/sites\/4\/2021\/05\/Zdjecie-ogolne-Zakladu-768x512.jpg 768w, https:\/\/ir.sggw.edu.pl\/wp-content\/uploads\/sites\/4\/2021\/05\/Zdjecie-ogolne-Zakladu-1536x1024.jpg 1536w, https:\/\/ir.sggw.edu.pl\/wp-content\/uploads\/sites\/4\/2021\/05\/Zdjecie-ogolne-Zakladu-2048x1365.jpg 2048w, https:\/\/ir.sggw.edu.pl\/wp-content\/uploads\/sites\/4\/2021\/05\/Zdjecie-ogolne-Zakladu-1200x800.jpg 1200w, https:\/\/ir.sggw.edu.pl\/wp-content\/uploads\/sites\/4\/2021\/05\/Zdjecie-ogolne-Zakladu-1980x1320.jpg 1980w\" sizes=\"(max-width: 580px) 100vw, 580px\" \/><\/p>\n                    <\/div>\n                <\/div>\n            <\/section>\t\t<\/div>\n\t\t\t\t<\/div>\n\t\t\t\t<div class=\"elementor-element elementor-element-c5473b1 elementor-widget elementor-widget-w12\" data-id=\"c5473b1\" data-element_type=\"widget\" data-widget_type=\"w12.default\">\n\t\t\t\t<div class=\"elementor-widget-container\">\n\t\t\t<section>\n                <div class=\"mn-grid\">\n                    <div class=\"mn-grid-12 mn-mod-text-links\">\n                        <ol><li><p>dr E. Ku\u015bmirek, A. Czopowicz, dr hab. E. Szara<\/p><\/li><li><p>J. Wodnicki, dr T. Niedzi\u0144ski, prof. W. Szulc, prof. M. Szyma\u0144ska, T. \u0141y\u015b, mgr M. Korc, in\u017c. H. Majcher, prof. T. Sosulski<\/p><\/li><li><p>prof. J. \u0141ab\u0119towicz, prof. B. Rutkowska, prof. S. Mercik, prof. W. St\u0119pie\u0144<\/p><\/li><\/ol>\n                    <\/div>\n                <\/div>\n            <\/section>\t\t<\/div>\n\t\t\t\t<\/div>\n\t\t\t\t\t<\/div>\n\t\t<\/div>\n\t\t\t\t\t<\/div>\n\t\t<\/section>\n\t\t\t\t<section class=\"elementor-section elementor-top-section elementor-element elementor-element-2ae3a60 elementor-section-boxed elementor-section-height-default elementor-section-height-default\" data-id=\"2ae3a60\" data-element_type=\"section\">\n\t\t\t\t\t\t<div class=\"elementor-container elementor-column-gap-default\">\n\t\t\t\t\t<div class=\"elementor-column elementor-col-100 elementor-top-column elementor-element elementor-element-e9843ce\" data-id=\"e9843ce\" data-element_type=\"column\">\n\t\t\t<div class=\"elementor-widget-wrap elementor-element-populated\">\n\t\t\t\t\t\t<div class=\"elementor-element elementor-element-5d873c0 elementor-widget elementor-widget-w33\" data-id=\"5d873c0\" data-element_type=\"widget\" data-widget_type=\"w33.default\">\n\t\t\t\t<div class=\"elementor-widget-container\">\n\t\t\t<section>\n            <div class=\"mn-grid\">\n                <div class=\"mn-vertical-separator-x2\">\n                    \n                <\/div>\n            <\/section>\t\t<\/div>\n\t\t\t\t<\/div>\n\t\t\t\t<div class=\"elementor-element elementor-element-bcf4d0c elementor-widget elementor-widget-w1_2_3\" data-id=\"bcf4d0c\" data-element_type=\"widget\" data-widget_type=\"w1_2_3.default\">\n\t\t\t\t<div class=\"elementor-widget-container\">\n\t\t\t<section>\n                    <div class=\"mn-grid\">\n                        <h3  class=\"mn-grid-12 mn-section-title2\">\n                            Retired employees \n                        <\/h3>\n                    <\/div>\n                <\/section>\t\t<\/div>\n\t\t\t\t<\/div>\n\t\t\t\t\t<\/div>\n\t\t<\/div>\n\t\t\t\t\t<\/div>\n\t\t<\/section>\n\t\t\t\t<section class=\"elementor-section elementor-top-section elementor-element elementor-element-74fdddb elementor-section-boxed elementor-section-height-default elementor-section-height-default\" data-id=\"74fdddb\" data-element_type=\"section\">\n\t\t\t\t\t\t<div class=\"elementor-container elementor-column-gap-default\">\n\t\t\t\t\t<div class=\"elementor-column elementor-col-100 elementor-top-column elementor-element elementor-element-195a223\" data-id=\"195a223\" data-element_type=\"column\">\n\t\t\t<div class=\"elementor-widget-wrap elementor-element-populated\">\n\t\t\t\t\t\t<div class=\"elementor-element elementor-element-7cabda7 elementor-widget elementor-widget-w12\" data-id=\"7cabda7\" data-element_type=\"widget\" data-widget_type=\"w12.default\">\n\t\t\t\t<div class=\"elementor-widget-container\">\n\t\t\t<section>\n                <div class=\"mn-grid\">\n                    <div class=\"mn-grid-12 mn-mod-text-links\">\n                        <ul><li>Prof. dr hab. Stanis\u0142aw Mercik<img decoding=\"async\" class=\"alignnone size-medium wp-image-5301\" src=\"https:\/\/ir.sggw.edu.pl\/wp-content\/uploads\/sites\/4\/2021\/05\/Stanislaw-Marcik-205x300.jpg\" alt=\"\" width=\"205\" height=\"300\" srcset=\"https:\/\/ir.sggw.edu.pl\/wp-content\/uploads\/sites\/4\/2021\/05\/Stanislaw-Marcik-205x300.jpg 205w, https:\/\/ir.sggw.edu.pl\/wp-content\/uploads\/sites\/4\/2021\/05\/Stanislaw-Marcik.jpg 211w\" sizes=\"(max-width: 205px) 100vw, 205px\" \/><\/li><li><p>Prof. dr hab. Jan \u0141ab\u0119towicz\u00a0 \u00a0<a href=\"mailto:jan_labetowicz@sggw.edu.pl\">jan_labetowicz@sggw.edu.pl<img decoding=\"async\" class=\"alignnone size-medium wp-image-5309\" src=\"https:\/\/ir.sggw.edu.pl\/wp-content\/uploads\/sites\/4\/2021\/05\/Jan-Labetowicz-210x300.jpg\" alt=\"\" width=\"210\" height=\"300\" srcset=\"https:\/\/ir.sggw.edu.pl\/wp-content\/uploads\/sites\/4\/2021\/05\/Jan-Labetowicz-210x300.jpg 210w, https:\/\/ir.sggw.edu.pl\/wp-content\/uploads\/sites\/4\/2021\/05\/Jan-Labetowicz.jpg 253w\" sizes=\"(max-width: 210px) 100vw, 210px\" \/><\/a><\/p><\/li><\/ul>\n                    <\/div>\n                <\/div>\n            <\/section>\t\t<\/div>\n\t\t\t\t<\/div>\n\t\t\t\t\t<\/div>\n\t\t<\/div>\n\t\t\t\t\t<\/div>\n\t\t<\/section>\n\t\t\t\t<\/div>\n\t\t","protected":false},"excerpt":{"rendered":"<p>Scientific profiles of employees Employees and PhD students Research and teaching staff Dr hab. Tomasz Sosulski, prof. SGGW &#8211; Kierownik Samodzielnego Zak\u0142adu Chemii Rolniczej i \u015arodowiskowej \u2192 \u00a0tomasz_sosulski@sggw.edu.pl Prof. dr hab. Beata Rutkowska beata_rutkowska@sggw.edu.pl Prof. dr hab. Wojciech St\u0119pie\u0144 wojciech_stepien@sggw.edu.pl Prof. dr hab. Wies\u0142aw Szulc wieslaw_szulc@sggw.edu.pl Dr hab. Magdalena Szyma\u0144ska, prof. SGGW magdalena_szymanska@sggw.edu.pl Dr hab. [&hellip;]<\/p>\n","protected":false},"author":35434,"featured_media":0,"parent":1245,"menu_order":0,"comment_status":"closed","ping_status":"closed","template":"","meta":{"_acf_changed":false,"footnotes":""},"class_list":["post-12193","page","type-page","status-publish","hentry"],"acf":[],"_links":{"self":[{"href":"https:\/\/ir.sggw.edu.pl\/en\/wp-json\/wp\/v2\/pages\/12193","targetHints":{"allow":["GET"]}}],"collection":[{"href":"https:\/\/ir.sggw.edu.pl\/en\/wp-json\/wp\/v2\/pages"}],"about":[{"href":"https:\/\/ir.sggw.edu.pl\/en\/wp-json\/wp\/v2\/types\/page"}],"author":[{"embeddable":true,"href":"https:\/\/ir.sggw.edu.pl\/en\/wp-json\/wp\/v2\/users\/35434"}],"replies":[{"embeddable":true,"href":"https:\/\/ir.sggw.edu.pl\/en\/wp-json\/wp\/v2\/comments?post=12193"}],"version-history":[{"count":16,"href":"https:\/\/ir.sggw.edu.pl\/en\/wp-json\/wp\/v2\/pages\/12193\/revisions"}],"predecessor-version":[{"id":12214,"href":"https:\/\/ir.sggw.edu.pl\/en\/wp-json\/wp\/v2\/pages\/12193\/revisions\/12214"}],"up":[{"embeddable":true,"href":"https:\/\/ir.sggw.edu.pl\/en\/wp-json\/wp\/v2\/pages\/1245"}],"wp:attachment":[{"href":"https:\/\/ir.sggw.edu.pl\/en\/wp-json\/wp\/v2\/media?parent=12193"}],"curies":[{"name":"wp","href":"https:\/\/api.w.org\/{rel}","templated":true}]}}