{"id":11349,"date":"2022-04-07T15:23:09","date_gmt":"2022-04-07T13:23:09","guid":{"rendered":"https:\/\/ir.sggw.edu.pl\/?page_id=11349"},"modified":"2022-04-07T15:36:40","modified_gmt":"2022-04-07T13:36:40","slug":"employees-and-phd-students","status":"publish","type":"page","link":"https:\/\/ir.sggw.edu.pl\/en\/institute-of-agriculture\/about-the-institute\/department-of-soil-science\/employees-and-phd-students\/","title":{"rendered":"Employees and PhD students"},"content":{"rendered":"\t\t<div data-elementor-type=\"wp-page\" data-elementor-id=\"11349\" class=\"elementor elementor-11349\" data-elementor-post-type=\"page\">\n\t\t\t\t\t\t<section class=\"elementor-section elementor-top-section elementor-element elementor-element-99a3e4d elementor-section-boxed elementor-section-height-default elementor-section-height-default\" data-id=\"99a3e4d\" data-element_type=\"section\">\n\t\t\t\t\t\t<div class=\"elementor-container elementor-column-gap-default\">\n\t\t\t\t\t<div class=\"elementor-column elementor-col-100 elementor-top-column elementor-element elementor-element-3982a2e\" data-id=\"3982a2e\" data-element_type=\"column\">\n\t\t\t<div class=\"elementor-widget-wrap elementor-element-populated\">\n\t\t\t\t\t\t<div class=\"elementor-element elementor-element-a960fdd elementor-widget elementor-widget-wp-widget-bcn_widget\" data-id=\"a960fdd\" data-element_type=\"widget\" data-widget_type=\"wp-widget-bcn_widget.default\">\n\t\t\t\t<div class=\"elementor-widget-container\">\n\t\t\t<div class=\"mn-grid breadcrumb\">\n                                    <div class=\"breadcrumb-inner mn-grid-12\"><div class=\"breadcrumbs\" vocab=\"https:\/\/schema.org\/\" typeof=\"BreadcrumbList\"><span property=\"itemListElement\" typeof=\"ListItem\"><a property=\"item\" typeof=\"WebPage\" title=\"Go to SGGW Witryn.\" href=\"https:\/\/www.sggw.edu.pl\/\" class=\"main-home\" ><span property=\"name\">SGGW Witryn<\/span><\/a><meta property=\"position\" content=\"1\"><\/span> \/ <span property=\"itemListElement\" typeof=\"ListItem\"><a property=\"item\" typeof=\"WebPage\" title=\"Go to Instytut Rolnictwa.\" href=\"https:\/\/ir.sggw.edu.pl\/en\/\" class=\"home\" aria-current=\"page\"><span property=\"name\">Home<\/span><\/a><meta property=\"position\" content=\"2\"><\/span><\/div>    <\/div>\n                                <\/div>\t\t<\/div>\n\t\t\t\t<\/div>\n\t\t\t\t\t<\/div>\n\t\t<\/div>\n\t\t\t\t\t<\/div>\n\t\t<\/section>\n\t\t\t\t<section class=\"elementor-section elementor-top-section elementor-element elementor-element-9e9610d elementor-section-boxed elementor-section-height-default elementor-section-height-default\" data-id=\"9e9610d\" data-element_type=\"section\">\n\t\t\t\t\t\t<div class=\"elementor-container elementor-column-gap-default\">\n\t\t\t\t\t<div class=\"elementor-column elementor-col-100 elementor-top-column elementor-element elementor-element-cea1e8e\" data-id=\"cea1e8e\" data-element_type=\"column\">\n\t\t\t<div class=\"elementor-widget-wrap elementor-element-populated\">\n\t\t\t\t\t\t<div class=\"elementor-element elementor-element-a47cec0 elementor-widget elementor-widget-w24\" data-id=\"a47cec0\" data-element_type=\"widget\" data-widget_type=\"w24.default\">\n\t\t\t\t<div class=\"elementor-widget-container\">\n\t\t\t<section>\n                    <div class=\"mn-grid\">\n                        <a href=\"https:\/\/bw.sggw.edu.pl\/search\/author?ps=20&amp;t=globalSearch&amp;showRel=false&amp;lang=en&amp;cid=1418793\" class=\"mn-grid-12 btn color-6\"><span class=\"txt\">Scientific profiles of employees<\/span><\/a>\n                    <\/div>\n                <\/section>\t\t<\/div>\n\t\t\t\t<\/div>\n\t\t\t\t\t<\/div>\n\t\t<\/div>\n\t\t\t\t\t<\/div>\n\t\t<\/section>\n\t\t\t\t<section class=\"elementor-section elementor-top-section elementor-element elementor-element-8aed494 elementor-section-boxed elementor-section-height-default elementor-section-height-default\" data-id=\"8aed494\" data-element_type=\"section\">\n\t\t\t\t\t\t<div class=\"elementor-container elementor-column-gap-default\">\n\t\t\t\t\t<div class=\"elementor-column elementor-col-100 elementor-top-column elementor-element elementor-element-ddb3b1f\" data-id=\"ddb3b1f\" data-element_type=\"column\">\n\t\t\t<div class=\"elementor-widget-wrap elementor-element-populated\">\n\t\t\t\t\t\t<div class=\"elementor-element elementor-element-e8cf07d elementor-widget elementor-widget-post-title\" data-id=\"e8cf07d\" data-element_type=\"widget\" data-widget_type=\"post-title.default\">\n\t\t\t\t<div class=\"elementor-widget-container\">\n\t\t\t<section>\n                    <div class=\"mn-grid entry-header-inner section-inner medium\">\n                        <h1 class=\"mn-grid-12 entry-title\" style=\"\">\n                            Employees and PhD students\n                        <\/h1>\n                    <\/div>\n                <\/section>\t\t<\/div>\n\t\t\t\t<\/div>\n\t\t\t\t\t<\/div>\n\t\t<\/div>\n\t\t\t\t\t<\/div>\n\t\t<\/section>\n\t\t\t\t<section class=\"elementor-section elementor-top-section elementor-element elementor-element-0bfbe20 elementor-section-boxed elementor-section-height-default elementor-section-height-default\" data-id=\"0bfbe20\" data-element_type=\"section\">\n\t\t\t\t\t\t<div class=\"elementor-container elementor-column-gap-default\">\n\t\t\t\t\t<div class=\"elementor-column elementor-col-100 elementor-top-column elementor-element elementor-element-138786b\" data-id=\"138786b\" data-element_type=\"column\">\n\t\t\t<div class=\"elementor-widget-wrap elementor-element-populated\">\n\t\t\t\t\t\t<div class=\"elementor-element elementor-element-00a04af elementor-widget elementor-widget-w33\" data-id=\"00a04af\" data-element_type=\"widget\" data-widget_type=\"w33.default\">\n\t\t\t\t<div class=\"elementor-widget-container\">\n\t\t\t<section>\n            <div class=\"mn-grid\">\n                <div class=\"mn-vertical-separator-x2\">\n                    \n                <\/div>\n            <\/section>\t\t<\/div>\n\t\t\t\t<\/div>\n\t\t\t\t\t<\/div>\n\t\t<\/div>\n\t\t\t\t\t<\/div>\n\t\t<\/section>\n\t\t\t\t<section class=\"elementor-section elementor-top-section elementor-element elementor-element-91d3767 elementor-section-boxed elementor-section-height-default elementor-section-height-default\" data-id=\"91d3767\" data-element_type=\"section\">\n\t\t\t\t\t\t<div class=\"elementor-container elementor-column-gap-default\">\n\t\t\t\t\t<div class=\"elementor-column elementor-col-100 elementor-top-column elementor-element elementor-element-eede0e3\" data-id=\"eede0e3\" data-element_type=\"column\">\n\t\t\t<div class=\"elementor-widget-wrap elementor-element-populated\">\n\t\t\t\t\t\t<div class=\"elementor-element elementor-element-3ffd55c elementor-widget elementor-widget-w1_2_3\" data-id=\"3ffd55c\" data-element_type=\"widget\" data-widget_type=\"w1_2_3.default\">\n\t\t\t\t<div class=\"elementor-widget-container\">\n\t\t\t<section>\n                    <div class=\"mn-grid\">\n                        <h3  class=\"mn-grid-12 mn-section-title2\">\n                            Employees\n                        <\/h3>\n                    <\/div>\n                <\/section>\t\t<\/div>\n\t\t\t\t<\/div>\n\t\t\t\t\t<\/div>\n\t\t<\/div>\n\t\t\t\t\t<\/div>\n\t\t<\/section>\n\t\t\t\t<section class=\"elementor-section elementor-top-section elementor-element elementor-element-6ec3ead elementor-section-boxed elementor-section-height-default elementor-section-height-default\" data-id=\"6ec3ead\" data-element_type=\"section\">\n\t\t\t\t\t\t<div class=\"elementor-container elementor-column-gap-default\">\n\t\t\t\t\t<div class=\"elementor-column elementor-col-100 elementor-top-column elementor-element elementor-element-502e6ff\" data-id=\"502e6ff\" data-element_type=\"column\">\n\t\t\t<div class=\"elementor-widget-wrap elementor-element-populated\">\n\t\t\t\t\t\t<div class=\"elementor-element elementor-element-1476123 elementor-widget elementor-widget-w12\" data-id=\"1476123\" data-element_type=\"widget\" data-widget_type=\"w12.default\">\n\t\t\t\t<div class=\"elementor-widget-container\">\n\t\t\t<section>\n                <div class=\"mn-grid\">\n                    <div class=\"mn-grid-12 mn-mod-text-links\">\n                        <ul><li>dr hab. Jerzy Jonczak <a href=\"mailto:jerzy_jonczak@sggw.edu.pl\">jerzy_jonczak@sggw.edu.pl<\/a><\/li><li>prof. dr hab. J\u00f3zef Chojnicki <a href=\"mailto:jozef_chojnicki@sggw.edu.pl\">jozef_chojnicki@sggw.edu.pl<\/a><\/li><li>dr hab. \u0141ukasz Uzarowicz <a href=\"mailto:lukasz_uzarowicz@sggw.edu.pl\">lukasz_uzarowicz@sggw.edu.pl\u00a0<\/a>\u2013 dyrektor Instytutu Rolnictwa<\/li><li>dr hab. Zbigniew Zag\u00f3rski<a href=\"mailto:zbigniew_zagorski@sggw.edu.pl\">zbigniew_zagorski@sggw.edu.pl<\/a><\/li><li>dr Danuta Kaczorek<\/li><li>dr Marek Kondras <a href=\"mailto:marek_kondras@sggw.edu.pl\">marek_kondras@sggw.edu.pl<\/a><\/li><li>dr Bogus\u0142awa Kruczkowska <a href=\"mailto:boguslawa_kruczkowska@sggw.edu.pl\">boguslawa_kruczkowska@sggw.edu.pl<\/a><\/li><li>dr Wojciech Kwasowski<\/li><li>dr Lidia Oktaba<\/li><li>dr Artur P\u0119dziwiatr\u00a0 <a href=\"mailto:artur_pedziwiatr@sggw.edu.pl\">artur_pedziwiatr@sggw.edu.pl<\/a><\/li><\/ul><p>\u00a0<\/p><ul><li>Alicja Dzi\u0119gielewska-Sitko <a href=\"mailto:alicja_dziegielewska_sitko@sggw.edu.pl\">alicja_dziegielewska_sitko@sggw.edu.pl<\/a><\/li><li>mgr. in\u017c. Edyta Paw\u0142owicz <a href=\"mailto:edyta_pawlowicz@sggw.edu.pl\">edyta_pawlowicz@sggw.edu.pl<\/a><\/li><li>dr in\u017c. Piotr Jankowski<\/li><\/ul>\n                    <\/div>\n                <\/div>\n            <\/section>\t\t<\/div>\n\t\t\t\t<\/div>\n\t\t\t\t\t<\/div>\n\t\t<\/div>\n\t\t\t\t\t<\/div>\n\t\t<\/section>\n\t\t\t\t<section class=\"elementor-section elementor-top-section elementor-element elementor-element-c0730c6 elementor-section-boxed elementor-section-height-default elementor-section-height-default\" data-id=\"c0730c6\" data-element_type=\"section\">\n\t\t\t\t\t\t<div class=\"elementor-container elementor-column-gap-default\">\n\t\t\t\t\t<div class=\"elementor-column elementor-col-100 elementor-top-column elementor-element elementor-element-1202362\" data-id=\"1202362\" data-element_type=\"column\">\n\t\t\t<div class=\"elementor-widget-wrap elementor-element-populated\">\n\t\t\t\t\t\t<div class=\"elementor-element elementor-element-fc23346 elementor-widget elementor-widget-w33\" data-id=\"fc23346\" data-element_type=\"widget\" data-widget_type=\"w33.default\">\n\t\t\t\t<div class=\"elementor-widget-container\">\n\t\t\t<section>\n            <div class=\"mn-grid\">\n                <div class=\"mn-vertical-separator-x2\">\n                    \n                <\/div>\n            <\/section>\t\t<\/div>\n\t\t\t\t<\/div>\n\t\t\t\t\t<\/div>\n\t\t<\/div>\n\t\t\t\t\t<\/div>\n\t\t<\/section>\n\t\t\t\t<section class=\"elementor-section elementor-top-section elementor-element elementor-element-db78341 elementor-section-boxed elementor-section-height-default elementor-section-height-default\" data-id=\"db78341\" data-element_type=\"section\">\n\t\t\t\t\t\t<div class=\"elementor-container elementor-column-gap-default\">\n\t\t\t\t\t<div class=\"elementor-column elementor-col-100 elementor-top-column elementor-element elementor-element-f15a0f9\" data-id=\"f15a0f9\" data-element_type=\"column\">\n\t\t\t<div class=\"elementor-widget-wrap elementor-element-populated\">\n\t\t\t\t\t\t<div class=\"elementor-element elementor-element-26b6df3 elementor-widget elementor-widget-w1_2_3\" data-id=\"26b6df3\" data-element_type=\"widget\" data-widget_type=\"w1_2_3.default\">\n\t\t\t\t<div class=\"elementor-widget-container\">\n\t\t\t<section>\n                    <div class=\"mn-grid\">\n                        <h3  class=\"mn-grid-12 mn-section-title2\">\n                            PhD student\n                        <\/h3>\n                    <\/div>\n                <\/section>\t\t<\/div>\n\t\t\t\t<\/div>\n\t\t\t\t\t<\/div>\n\t\t<\/div>\n\t\t\t\t\t<\/div>\n\t\t<\/section>\n\t\t\t\t<section class=\"elementor-section elementor-top-section elementor-element elementor-element-61cfc9f elementor-section-boxed elementor-section-height-default elementor-section-height-default\" data-id=\"61cfc9f\" data-element_type=\"section\">\n\t\t\t\t\t\t<div class=\"elementor-container elementor-column-gap-default\">\n\t\t\t\t\t<div class=\"elementor-column elementor-col-100 elementor-top-column elementor-element elementor-element-e345110\" data-id=\"e345110\" data-element_type=\"column\">\n\t\t\t<div class=\"elementor-widget-wrap elementor-element-populated\">\n\t\t\t\t\t\t<div class=\"elementor-element elementor-element-803ca86 elementor-widget elementor-widget-w12\" data-id=\"803ca86\" data-element_type=\"widget\" data-widget_type=\"w12.default\">\n\t\t\t\t<div class=\"elementor-widget-container\">\n\t\t\t<section>\n                <div class=\"mn-grid\">\n                    <div class=\"mn-grid-12 mn-mod-text-links\">\n                        <ul><li><p>mgr. in\u017c. Beata Rustowska<\/p><\/li><li><p>mgr. in\u017c. Maga Tarnawczyk<\/p><\/li><li><p>mgr. Viet Hoang Quoc<\/p><\/li><\/ul>\n                    <\/div>\n                <\/div>\n            <\/section>\t\t<\/div>\n\t\t\t\t<\/div>\n\t\t\t\t\t<\/div>\n\t\t<\/div>\n\t\t\t\t\t<\/div>\n\t\t<\/section>\n\t\t\t\t<section class=\"elementor-section elementor-top-section elementor-element elementor-element-13ff652 elementor-section-boxed elementor-section-height-default elementor-section-height-default\" data-id=\"13ff652\" data-element_type=\"section\">\n\t\t\t\t\t\t<div class=\"elementor-container elementor-column-gap-default\">\n\t\t\t\t\t<div class=\"elementor-column elementor-col-100 elementor-top-column elementor-element elementor-element-e4e6e89\" data-id=\"e4e6e89\" data-element_type=\"column\">\n\t\t\t<div class=\"elementor-widget-wrap elementor-element-populated\">\n\t\t\t\t\t\t<div class=\"elementor-element elementor-element-dfe84e7 elementor-widget elementor-widget-w33\" data-id=\"dfe84e7\" data-element_type=\"widget\" data-widget_type=\"w33.default\">\n\t\t\t\t<div class=\"elementor-widget-container\">\n\t\t\t<section>\n            <div class=\"mn-grid\">\n                <div class=\"mn-vertical-separator-x2\">\n                    \n                <\/div>\n            <\/section>\t\t<\/div>\n\t\t\t\t<\/div>\n\t\t\t\t\t<\/div>\n\t\t<\/div>\n\t\t\t\t\t<\/div>\n\t\t<\/section>\n\t\t\t\t<section class=\"elementor-section elementor-top-section elementor-element elementor-element-adddfd3 elementor-section-boxed elementor-section-height-default elementor-section-height-default\" data-id=\"adddfd3\" data-element_type=\"section\">\n\t\t\t\t\t\t<div class=\"elementor-container elementor-column-gap-default\">\n\t\t\t\t\t<div class=\"elementor-column elementor-col-100 elementor-top-column elementor-element elementor-element-0c3ee9c\" data-id=\"0c3ee9c\" data-element_type=\"column\">\n\t\t\t<div class=\"elementor-widget-wrap elementor-element-populated\">\n\t\t\t\t\t\t<div class=\"elementor-element elementor-element-7a92ac9 elementor-widget elementor-widget-w1_2_3\" data-id=\"7a92ac9\" data-element_type=\"widget\" data-widget_type=\"w1_2_3.default\">\n\t\t\t\t<div class=\"elementor-widget-container\">\n\t\t\t<section>\n                    <div class=\"mn-grid\">\n                        <h3  class=\"mn-grid-12 mn-section-title2\">\n                            Retired employees\n                        <\/h3>\n                    <\/div>\n                <\/section>\t\t<\/div>\n\t\t\t\t<\/div>\n\t\t\t\t<div class=\"elementor-element elementor-element-908997b elementor-widget elementor-widget-w12\" data-id=\"908997b\" data-element_type=\"widget\" data-widget_type=\"w12.default\">\n\t\t\t\t<div class=\"elementor-widget-container\">\n\t\t\t<section>\n                <div class=\"mn-grid\">\n                    <div class=\"mn-grid-12 mn-mod-text-links\">\n                        <ul><li>prof. dr hab. Jerzy Pracz<\/li><li>dr hab. Danuta Cz\u0119pi\u0144ska-Kami\u0144ska prof. SGGW<\/li><li>dr hab. Alina Kusi\u0144ska prof. SGGW\u00a0<\/li><\/ul>\n                    <\/div>\n                <\/div>\n            <\/section>\t\t<\/div>\n\t\t\t\t<\/div>\n\t\t\t\t\t<\/div>\n\t\t<\/div>\n\t\t\t\t\t<\/div>\n\t\t<\/section>\n\t\t\t\t<\/div>\n\t\t","protected":false},"excerpt":{"rendered":"<p>Scientific profiles of employees Employees and PhD students Employees dr hab. Jerzy Jonczak jerzy_jonczak@sggw.edu.pl prof. dr hab. J\u00f3zef Chojnicki jozef_chojnicki@sggw.edu.pl dr hab. \u0141ukasz Uzarowicz lukasz_uzarowicz@sggw.edu.pl\u00a0\u2013 dyrektor Instytutu Rolnictwa dr hab. Zbigniew Zag\u00f3rskizbigniew_zagorski@sggw.edu.pl dr Danuta Kaczorek dr Marek Kondras marek_kondras@sggw.edu.pl dr Bogus\u0142awa Kruczkowska boguslawa_kruczkowska@sggw.edu.pl dr Wojciech Kwasowski dr Lidia Oktaba dr Artur P\u0119dziwiatr\u00a0 artur_pedziwiatr@sggw.edu.pl \u00a0 Alicja [&hellip;]<\/p>\n","protected":false},"author":35434,"featured_media":0,"parent":1240,"menu_order":0,"comment_status":"closed","ping_status":"closed","template":"","meta":{"_acf_changed":false,"footnotes":""},"class_list":["post-11349","page","type-page","status-publish","hentry"],"acf":[],"_links":{"self":[{"href":"https:\/\/ir.sggw.edu.pl\/en\/wp-json\/wp\/v2\/pages\/11349","targetHints":{"allow":["GET"]}}],"collection":[{"href":"https:\/\/ir.sggw.edu.pl\/en\/wp-json\/wp\/v2\/pages"}],"about":[{"href":"https:\/\/ir.sggw.edu.pl\/en\/wp-json\/wp\/v2\/types\/page"}],"author":[{"embeddable":true,"href":"https:\/\/ir.sggw.edu.pl\/en\/wp-json\/wp\/v2\/users\/35434"}],"replies":[{"embeddable":true,"href":"https:\/\/ir.sggw.edu.pl\/en\/wp-json\/wp\/v2\/comments?post=11349"}],"version-history":[{"count":7,"href":"https:\/\/ir.sggw.edu.pl\/en\/wp-json\/wp\/v2\/pages\/11349\/revisions"}],"predecessor-version":[{"id":11357,"href":"https:\/\/ir.sggw.edu.pl\/en\/wp-json\/wp\/v2\/pages\/11349\/revisions\/11357"}],"up":[{"embeddable":true,"href":"https:\/\/ir.sggw.edu.pl\/en\/wp-json\/wp\/v2\/pages\/1240"}],"wp:attachment":[{"href":"https:\/\/ir.sggw.edu.pl\/en\/wp-json\/wp\/v2\/media?parent=11349"}],"curies":[{"name":"wp","href":"https:\/\/api.w.org\/{rel}","templated":true}]}}